{"id":877,"date":"2020-02-20T17:18:52","date_gmt":"2020-02-20T17:18:52","guid":{"rendered":"https:\/\/glasso.ua\/?page_id=877"},"modified":"2024-09-24T15:25:56","modified_gmt":"2024-09-24T15:25:56","slug":"klinker","status":"publish","type":"page","link":"https:\/\/glasso.ua\/de\/klinker\/","title":{"rendered":"Klinker"},"content":{"rendered":"<p><\/p>\n<div class=\"ab9-col__text\">\n<p>Auf den ersten Blick ist die Klinkerfliese dem Ziegel sehr \u00e4hnlich, gewinnt aber an ihrer Leichtigkeit und Leichtigkeit der Installation. Dar\u00fcber hinaus bietet die Farbpalette einen weiten Raum f\u00fcr Fantasie. Die hinterl\u00fcfteten Fassadensysteme aus Klinkerfliesen sind von den Launen des Wetters nicht betroffen, daher h\u00e4ngt die Installationszeit nicht von der Jahreszeit ab. Die Hauptsache ist die Kompetenz der Meister, die die Verkleidung durchf\u00fchren.<\/p>\n<\/div>\n<div class=\"ab9-col__row flex-block flex-wrap\">\n<div class=\"ab9-col__item\">\n<div class=\"ab9-col__table\">\n<div class=\"ab9-col__table-row\">\n<div class=\"ab9-col__table-cell-1\"><img class=\"facade-icon\" src=\"\/wp-content\/themes\/glasso\/assets\/img\/facade-icon-1.svg\" \/><\/div>\n<div class=\"ab9-col__table-cell-2\">Umweltfreundliches und zeitloses Material<\/div>\n<\/div>\n<\/div>\n<\/div>\n<div class=\"ab9-col__item\">\n<div class=\"ab9-col__table\">\n<div class=\"ab9-col__table-row\">\n<div class=\"ab9-col__table-cell-1\"><img class=\"facade-icon\" src=\"\/wp-content\/themes\/glasso\/assets\/img\/facade-icon-2.svg\" \/><\/div>\n<div class=\"ab9-col__table-cell-2\">in der Sonne nicht verbleichen<\/div>\n<\/div>\n<\/div>\n<\/div>\n<div class=\"ab9-col__item\">\n<div class=\"ab9-col__table\">\n<div class=\"ab9-col__table-row\">\n<div class=\"ab9-col__table-cell-1\"><img class=\"facade-icon\" src=\"\/wp-content\/themes\/glasso\/assets\/img\/facade-icon-3.svg\" \/><\/div>\n<div class=\"ab9-col__table-cell-2\">Keine besondere Pflege erforderlich<\/div>\n<\/div>\n<\/div>\n<\/div>\n<div class=\"ab9-col__item\">\n<div class=\"ab9-col__table\">\n<div class=\"ab9-col__table-row\">\n<div class=\"ab9-col__table-cell-1\"><img class=\"facade-icon\" src=\"\/wp-content\/themes\/glasso\/assets\/img\/facade-icon-4.svg\" \/><\/div>\n<div class=\"ab9-col__table-cell-2\">Bestehen aus feuerfesten Materialien<\/div>\n<\/div>\n<\/div>\n<\/div>\n<div class=\"ab9-col__item\">\n<div class=\"ab9-col__table\">\n<div class=\"ab9-col__table-row\">\n<div class=\"ab9-col__table-cell-1\"><img class=\"facade-icon\" src=\"\/wp-content\/themes\/glasso\/assets\/img\/facade-icon-5.svg\" \/><\/div>\n<div class=\"ab9-col__table-cell-2\">Widerstehen starken Temperaturschwankungen<\/div>\n<\/div>\n<\/div>\n<\/div>\n<\/div>\n<p><\/p>","protected":false},"excerpt":{"rendered":"<p>Auf den ersten Blick ist die Klinkerfliese dem Ziegel sehr \u00e4hnlich, gewinnt aber an ihrer Leichtigkeit und Leichtigkeit der Installation. Dar\u00fcber hinaus bietet die Farbpalette [&hellip;]<\/p>\n","protected":false},"author":1,"featured_media":0,"parent":0,"menu_order":0,"comment_status":"closed","ping_status":"closed","template":"page-facade.php","meta":[],"aioseo_notices":[],"_links":{"self":[{"href":"https:\/\/glasso.ua\/de\/wp-json\/wp\/v2\/pages\/877"}],"collection":[{"href":"https:\/\/glasso.ua\/de\/wp-json\/wp\/v2\/pages"}],"about":[{"href":"https:\/\/glasso.ua\/de\/wp-json\/wp\/v2\/types\/page"}],"author":[{"embeddable":true,"href":"https:\/\/glasso.ua\/de\/wp-json\/wp\/v2\/users\/1"}],"replies":[{"embeddable":true,"href":"https:\/\/glasso.ua\/de\/wp-json\/wp\/v2\/comments?post=877"}],"version-history":[{"count":0,"href":"https:\/\/glasso.ua\/de\/wp-json\/wp\/v2\/pages\/877\/revisions"}],"wp:attachment":[{"href":"https:\/\/glasso.ua\/de\/wp-json\/wp\/v2\/media?parent=877"}],"curies":[{"name":"wp","href":"https:\/\/api.w.org\/{rel}","templated":true}]}}