{"id":874,"date":"2020-02-20T17:17:55","date_gmt":"2020-02-20T17:17:55","guid":{"rendered":"https:\/\/glasso.ua\/?page_id=874"},"modified":"2023-08-20T20:05:41","modified_gmt":"2023-08-20T20:05:41","slug":"fibroczement","status":"publish","type":"page","link":"https:\/\/glasso.ua\/de\/fibroczement\/","title":{"rendered":"Faserzement"},"content":{"rendered":"<p><\/p>\n<div class=\"ab9-col__text\">\n<p>Wir liefern hinterl\u00fcftete Fassaden mit verschiedenen Farben und Texturen und bieten die M\u00f6glichkeit, jedes Designprojekt zu realisieren. Die Dekoration ist in der Architektur von gro\u00dfer Bedeutung, daher bieten wir eine breite Palette von Produkten an, die sich durch hervorragende \u00e4u\u00dfere Eigenschaften und Betriebseigenschaften auszeichnen.<\/p>\n<\/div>\n<div class=\"ab9-col__row flex-block flex-wrap\">\n<div class=\"ab9-col__item\">\n<div class=\"ab9-col__table\">\n<div class=\"ab9-col__table-row\">\n<div class=\"ab9-col__table-cell-1\"><img class=\"facade-icon\" src=\"\/wp-content\/themes\/glasso\/assets\/img\/facade-icon-1.svg\" \/><\/div>\n<div class=\"ab9-col__table-cell-2\">Umweltfreundliches und zeitloses Material<\/div>\n<\/div>\n<\/div>\n<\/div>\n<div class=\"ab9-col__item\">\n<div class=\"ab9-col__table\">\n<div class=\"ab9-col__table-row\">\n<div class=\"ab9-col__table-cell-1\"><img class=\"facade-icon\" src=\"\/wp-content\/themes\/glasso\/assets\/img\/facade-icon-2.svg\" \/><\/div>\n<div class=\"ab9-col__table-cell-2\">in der Sonne nicht verbleichen<\/div>\n<\/div>\n<\/div>\n<\/div>\n<div class=\"ab9-col__item\">\n<div class=\"ab9-col__table\">\n<div class=\"ab9-col__table-row\">\n<div class=\"ab9-col__table-cell-1\"><img class=\"facade-icon\" src=\"\/wp-content\/themes\/glasso\/assets\/img\/facade-icon-3.svg\" \/><\/div>\n<div class=\"ab9-col__table-cell-2\">Keine besondere Pflege erforderlich<\/div>\n<\/div>\n<\/div>\n<\/div>\n<div class=\"ab9-col__item\">\n<div class=\"ab9-col__table\">\n<div class=\"ab9-col__table-row\">\n<div class=\"ab9-col__table-cell-1\"><img class=\"facade-icon\" src=\"\/wp-content\/themes\/glasso\/assets\/img\/facade-icon-4.svg\" \/><\/div>\n<div class=\"ab9-col__table-cell-2\">Bestehen aus feuerfesten Materialien<\/div>\n<\/div>\n<\/div>\n<\/div>\n<div class=\"ab9-col__item\">\n<div class=\"ab9-col__table\">\n<div class=\"ab9-col__table-row\">\n<div class=\"ab9-col__table-cell-1\"><img class=\"facade-icon\" src=\"\/wp-content\/themes\/glasso\/assets\/img\/facade-icon-5.svg\" \/><\/div>\n<div class=\"ab9-col__table-cell-2\">Widerstehen starken Temperaturschwankungen<\/div>\n<\/div>\n<\/div>\n<\/div>\n<\/div>\n<p><\/p>","protected":false},"excerpt":{"rendered":"<p>Wir liefern hinterl\u00fcftete Fassaden mit verschiedenen Farben und Texturen und bieten die M\u00f6glichkeit, jedes Designprojekt zu realisieren. Die Dekoration ist in der Architektur von gro\u00dfer [&hellip;]<\/p>\n","protected":false},"author":1,"featured_media":0,"parent":0,"menu_order":0,"comment_status":"closed","ping_status":"closed","template":"page-facade.php","meta":[],"aioseo_notices":[],"_links":{"self":[{"href":"https:\/\/glasso.ua\/de\/wp-json\/wp\/v2\/pages\/874"}],"collection":[{"href":"https:\/\/glasso.ua\/de\/wp-json\/wp\/v2\/pages"}],"about":[{"href":"https:\/\/glasso.ua\/de\/wp-json\/wp\/v2\/types\/page"}],"author":[{"embeddable":true,"href":"https:\/\/glasso.ua\/de\/wp-json\/wp\/v2\/users\/1"}],"replies":[{"embeddable":true,"href":"https:\/\/glasso.ua\/de\/wp-json\/wp\/v2\/comments?post=874"}],"version-history":[{"count":0,"href":"https:\/\/glasso.ua\/de\/wp-json\/wp\/v2\/pages\/874\/revisions"}],"wp:attachment":[{"href":"https:\/\/glasso.ua\/de\/wp-json\/wp\/v2\/media?parent=874"}],"curies":[{"name":"wp","href":"https:\/\/api.w.org\/{rel}","templated":true}]}}