{"id":871,"date":"2020-02-20T17:17:07","date_gmt":"2020-02-20T17:17:07","guid":{"rendered":"https:\/\/glasso.ua\/?page_id=871"},"modified":"2023-08-20T19:58:12","modified_gmt":"2023-08-20T19:58:12","slug":"keramogranit","status":"publish","type":"page","link":"https:\/\/glasso.ua\/de\/keramogranit\/","title":{"rendered":"Feinsteinzeug"},"content":{"rendered":"<p><\/p>\n<div class=\"ab9-col__text\">\n<p>Die mit Feinsteinzeug ausgekleideten Fassaden sind gegen Temperaturschwankungen, atmosph\u00e4rische Niederschl\u00e4ge und mechanische Beanspruchung resistent. Sie sichern eine Schalld\u00e4mmung und W\u00e4rmed\u00e4mmung des Geb\u00e4udes und erh\u00f6hen den Brandschutz. Die Montage von Keramik- und Aluminiumplatten ist problemlos und erfolgt ganz schnell. Die verwendeten Materialien werden sorgf\u00e4ltig auf Festigkeit und Verschlei\u00dffestigkeit gepr\u00fcft.<\/p>\n<\/div>\n<div class=\"ab9-col__row flex-block flex-wrap\">\n<div class=\"ab9-col__item\">\n<div class=\"ab9-col__table\">\n<div class=\"ab9-col__table-row\">\n<div class=\"ab9-col__table-cell-1\"><img class=\"facade-icon\" src=\"\/wp-content\/themes\/glasso\/assets\/img\/facade-icon-1.svg\" \/><\/div>\n<div class=\"ab9-col__table-cell-2\">Umweltfreundliches und zeitloses Material<\/div>\n<\/div>\n<\/div>\n<\/div>\n<div class=\"ab9-col__item\">\n<div class=\"ab9-col__table\">\n<div class=\"ab9-col__table-row\">\n<div class=\"ab9-col__table-cell-1\"><img class=\"facade-icon\" src=\"\/wp-content\/themes\/glasso\/assets\/img\/facade-icon-2.svg\" \/><\/div>\n<div class=\"ab9-col__table-cell-2\">in der Sonne nicht verbleichen<\/div>\n<\/div>\n<\/div>\n<\/div>\n<div class=\"ab9-col__item\">\n<div class=\"ab9-col__table\">\n<div class=\"ab9-col__table-row\">\n<div class=\"ab9-col__table-cell-1\"><img class=\"facade-icon\" src=\"\/wp-content\/themes\/glasso\/assets\/img\/facade-icon-3.svg\" \/><\/div>\n<div class=\"ab9-col__table-cell-2\">Keine besondere Pflege erforderlich<\/div>\n<\/div>\n<\/div>\n<\/div>\n<div class=\"ab9-col__item\">\n<div class=\"ab9-col__table\">\n<div class=\"ab9-col__table-row\">\n<div class=\"ab9-col__table-cell-1\"><img class=\"facade-icon\" src=\"\/wp-content\/themes\/glasso\/assets\/img\/facade-icon-4.svg\" \/><\/div>\n<div class=\"ab9-col__table-cell-2\">Bestehen aus feuerfesten Materialien<\/div>\n<\/div>\n<\/div>\n<\/div>\n<div class=\"ab9-col__item\">\n<div class=\"ab9-col__table\">\n<div class=\"ab9-col__table-row\">\n<div class=\"ab9-col__table-cell-1\"><img class=\"facade-icon\" src=\"\/wp-content\/themes\/glasso\/assets\/img\/facade-icon-5.svg\" \/><\/div>\n<div class=\"ab9-col__table-cell-2\">Widerstehen starken Temperaturschwankungen<\/div>\n<\/div>\n<\/div>\n<\/div>\n<\/div>\n<p><\/p>","protected":false},"excerpt":{"rendered":"<p>Die mit Feinsteinzeug ausgekleideten Fassaden sind gegen Temperaturschwankungen, atmosph\u00e4rische Niederschl\u00e4ge und mechanische Beanspruchung resistent. Sie sichern eine Schalld\u00e4mmung und W\u00e4rmed\u00e4mmung des Geb\u00e4udes und erh\u00f6hen den [&hellip;]<\/p>\n","protected":false},"author":1,"featured_media":0,"parent":0,"menu_order":0,"comment_status":"closed","ping_status":"closed","template":"page-facade.php","meta":[],"aioseo_notices":[],"_links":{"self":[{"href":"https:\/\/glasso.ua\/de\/wp-json\/wp\/v2\/pages\/871"}],"collection":[{"href":"https:\/\/glasso.ua\/de\/wp-json\/wp\/v2\/pages"}],"about":[{"href":"https:\/\/glasso.ua\/de\/wp-json\/wp\/v2\/types\/page"}],"author":[{"embeddable":true,"href":"https:\/\/glasso.ua\/de\/wp-json\/wp\/v2\/users\/1"}],"replies":[{"embeddable":true,"href":"https:\/\/glasso.ua\/de\/wp-json\/wp\/v2\/comments?post=871"}],"version-history":[{"count":0,"href":"https:\/\/glasso.ua\/de\/wp-json\/wp\/v2\/pages\/871\/revisions"}],"wp:attachment":[{"href":"https:\/\/glasso.ua\/de\/wp-json\/wp\/v2\/media?parent=871"}],"curies":[{"name":"wp","href":"https:\/\/api.w.org\/{rel}","templated":true}]}}