{"id":869,"date":"2020-02-20T17:15:33","date_gmt":"2020-02-20T17:15:33","guid":{"rendered":"https:\/\/glasso.ua\/?page_id=869"},"modified":"2024-09-24T15:24:28","modified_gmt":"2024-09-24T15:24:28","slug":"alyuminievye-paneli","status":"publish","type":"page","link":"https:\/\/glasso.ua\/de\/alyuminievye-paneli\/","title":{"rendered":"Aluminiumplatten"},"content":{"rendered":"<p><\/p>\n<div class=\"ab9-col__text\">\n<p>Aluminium, das in Anbaufassaden als Profil- und Veredelungsmaterialien verwendet wird, hat eine Reihe von Vorteilen, die zu seiner Popularit\u00e4t gef\u00fchrt haben. Die Hauptvorteile von Aluminiumfassaden betreffen ihre ausgezeichnete Best\u00e4ndigkeit gegen Temperaturschwankungen, eine erfolgreiche Widerstandsf\u00e4higkeit gegen Sedimente und starke Winde. Das extrem geringe Gewicht von Aluminium im Vergleich zu Unterkonstruktionen aus Stahl erm\u00f6glicht die Verwendung in bel\u00fcfteten Fassaden an ausreichend hohen Objekten mit der geringsten Belastung der tragenden W\u00e4nde.<\/p>\n<\/div>\n<div class=\"ab9-col__row flex-block flex-wrap\">\n<div class=\"ab9-col__item\">\n<div class=\"ab9-col__table\">\n<div class=\"ab9-col__table-row\">\n<div class=\"ab9-col__table-cell-1\"><img class=\"facade-icon\" src=\"\/wp-content\/themes\/glasso\/assets\/img\/facade-icon-1.svg\" \/><\/div>\n<div class=\"ab9-col__table-cell-2\">Umweltfreundliches und zeitloses Material<\/div>\n<\/div>\n<\/div>\n<\/div>\n<div class=\"ab9-col__item\">\n<div class=\"ab9-col__table\">\n<div class=\"ab9-col__table-row\">\n<div class=\"ab9-col__table-cell-1\"><img class=\"facade-icon\" src=\"\/wp-content\/themes\/glasso\/assets\/img\/facade-icon-2.svg\" \/><\/div>\n<div class=\"ab9-col__table-cell-2\">in der Sonne nicht verbleichen<\/div>\n<\/div>\n<\/div>\n<\/div>\n<div class=\"ab9-col__item\">\n<div class=\"ab9-col__table\">\n<div class=\"ab9-col__table-row\">\n<div class=\"ab9-col__table-cell-1\"><img class=\"facade-icon\" src=\"\/wp-content\/themes\/glasso\/assets\/img\/facade-icon-3.svg\" \/><\/div>\n<div class=\"ab9-col__table-cell-2\">Keine besondere Pflege erforderlich<\/div>\n<\/div>\n<\/div>\n<\/div>\n<div class=\"ab9-col__item\">\n<div class=\"ab9-col__table\">\n<div class=\"ab9-col__table-row\">\n<div class=\"ab9-col__table-cell-1\"><img class=\"facade-icon\" src=\"\/wp-content\/themes\/glasso\/assets\/img\/facade-icon-4.svg\" \/><\/div>\n<div class=\"ab9-col__table-cell-2\">Bestehen aus feuerfesten Materialien<\/div>\n<\/div>\n<\/div>\n<\/div>\n<div class=\"ab9-col__item\">\n<div class=\"ab9-col__table\">\n<div class=\"ab9-col__table-row\">\n<div class=\"ab9-col__table-cell-1\"><img class=\"facade-icon\" src=\"\/wp-content\/themes\/glasso\/assets\/img\/facade-icon-5.svg\" \/><\/div>\n<div class=\"ab9-col__table-cell-2\">Widerstehen starken Temperaturschwankungen<\/div>\n<\/div>\n<\/div>\n<\/div>\n<\/div>\n<p><\/p>","protected":false},"excerpt":{"rendered":"<p>Aluminium, das in Anbaufassaden als Profil- und Veredelungsmaterialien verwendet wird, hat eine Reihe von Vorteilen, die zu seiner Popularit\u00e4t gef\u00fchrt haben. Die Hauptvorteile von Aluminiumfassaden [&hellip;]<\/p>\n","protected":false},"author":1,"featured_media":0,"parent":0,"menu_order":0,"comment_status":"closed","ping_status":"closed","template":"page-facade.php","meta":[],"aioseo_notices":[],"_links":{"self":[{"href":"https:\/\/glasso.ua\/de\/wp-json\/wp\/v2\/pages\/869"}],"collection":[{"href":"https:\/\/glasso.ua\/de\/wp-json\/wp\/v2\/pages"}],"about":[{"href":"https:\/\/glasso.ua\/de\/wp-json\/wp\/v2\/types\/page"}],"author":[{"embeddable":true,"href":"https:\/\/glasso.ua\/de\/wp-json\/wp\/v2\/users\/1"}],"replies":[{"embeddable":true,"href":"https:\/\/glasso.ua\/de\/wp-json\/wp\/v2\/comments?post=869"}],"version-history":[{"count":0,"href":"https:\/\/glasso.ua\/de\/wp-json\/wp\/v2\/pages\/869\/revisions"}],"wp:attachment":[{"href":"https:\/\/glasso.ua\/de\/wp-json\/wp\/v2\/media?parent=869"}],"curies":[{"name":"wp","href":"https:\/\/api.w.org\/{rel}","templated":true}]}}