{"id":86,"date":"2020-02-05T16:05:00","date_gmt":"2020-02-05T16:05:00","guid":{"rendered":"https:\/\/glasso.ua\/?page_id=86"},"modified":"2023-08-27T18:14:57","modified_gmt":"2023-08-27T18:14:57","slug":"dostavka-produkczii","status":"publish","type":"page","link":"https:\/\/glasso.ua\/de\/dostavka-produkczii\/","title":{"rendered":"Lieferung von Produkten"},"content":{"rendered":"<p><\/p>\n<section class=\"services-inner__content\">\n<h2>Vorteile unserer Lieferung<\/h2>\n<p>Die p\u00fcnktliche Lieferung erfolgt unabh\u00e4ngig von den Wetterbedingungen in speziellen Marken-LKW mit einer Markise, wodurch ein sauberes Produkt ohne Verzerrungen, Dellen, Sp\u00e4ne und Kratzer von Stra\u00dfenstaub und Schmutz erhalten wird. Lieferung von Fenstern in Kiew ist absolut kostenlos und h\u00e4ngt nicht von der Anzahl der bestellten Konstruktionen ab. Die Marken-LKW von Glasso sind mit speziellen &#8222;Pyramiden&#8220; ausgestattet, die eine stabile Position der Konstruktionen im Fahrzeug gew\u00e4hrleisten. Auf der &#8222;Pyramide&#8220; werden die Konstruktionen senkrecht montiert und mit Befestigungsgurten befestigt, was ihre vollst\u00e4ndige Sicherheit w\u00e4hrend des Transports gew\u00e4hrleistet. Au\u00dferdem tragen wir die volle Verantwortung f\u00fcr die Unversehrtheit und Integrit\u00e4t der Konstruktionen bis zur Abnahme am Objekt.<\/p>\n<h3>Datum und Uhrzeit der Fensterlieferung<\/h3>\n<p>Unser Unternehmen bietet Ihnen an, ein f\u00fcr Sie geeignetes Lieferdatum noch w\u00e4hrend der Vertragsunterzeichnung zu w\u00e4hlen. Einen Tag vor dem geplanten Liefertermin wird Ihnen ein Mitarbeiter der Logistikabteilung die Lieferzeit mitteilen. Unsere Hauptaufgabe ist es, Ihnen die fertigen Konstruktionen ohne Besch\u00e4digung und genau zur vereinbarten Zeit zu liefern.<\/p>\n<\/section>\n<section class=\"truck-slider__wrap\">\n<div class=\"truck-slider\">\n<div class=\"truck-slider__item clearfix\">\n<div class=\"truck-slider__content\">\n<h2>ISUZU NQR 71 Marken-LKW<\/h2>\n<div class=\"truck-slider__description\">Ein leistungsf\u00e4higer ISUZU-LKW, f\u00fcr unsere wichtigen Kunden. Machen Sie sich keine Sorgen dar\u00fcber, dass Ihre Fenster w\u00e4hrend des Transports aufbewahrt werden.<\/div>\n<div class=\"truck-feature__wrap flex-block\">\n<div class=\"truck-feature__item\">\n<div class=\"truck-feature__number\">86<\/div>\n<div class=\"truck-feature__unit\">m<sup>3<\/sup><\/div>\n<div class=\"truck-feature__description\">Laderaum<\/div>\n<\/div>\n<div class=\"truck-feature__item\">\n<div class=\"truck-feature__number\">20<\/div>\n<div class=\"truck-feature__unit\">T<\/div>\n<div class=\"truck-feature__description\">Tragf\u00e4higkeit<\/div>\n<\/div>\n<\/div>\n<\/div>\n<div class=\"truck-slider__img\"><img src=\"\/wp-content\/uploads\/2020\/04\/dostavka.svg\"><\/div>\n<\/div>\n<\/div>\n<\/section>\n<p><\/p>","protected":false},"excerpt":{"rendered":"<p>Vorteile unserer Lieferung Die p\u00fcnktliche Lieferung erfolgt unabh\u00e4ngig von den Wetterbedingungen in speziellen Marken-LKW mit einer Markise, wodurch ein sauberes Produkt ohne Verzerrungen, Dellen, Sp\u00e4ne [&hellip;]<\/p>\n","protected":false},"author":1,"featured_media":0,"parent":0,"menu_order":0,"comment_status":"closed","ping_status":"closed","template":"page-services-video.php","meta":[],"aioseo_notices":[],"_links":{"self":[{"href":"https:\/\/glasso.ua\/de\/wp-json\/wp\/v2\/pages\/86"}],"collection":[{"href":"https:\/\/glasso.ua\/de\/wp-json\/wp\/v2\/pages"}],"about":[{"href":"https:\/\/glasso.ua\/de\/wp-json\/wp\/v2\/types\/page"}],"author":[{"embeddable":true,"href":"https:\/\/glasso.ua\/de\/wp-json\/wp\/v2\/users\/1"}],"replies":[{"embeddable":true,"href":"https:\/\/glasso.ua\/de\/wp-json\/wp\/v2\/comments?post=86"}],"version-history":[{"count":0,"href":"https:\/\/glasso.ua\/de\/wp-json\/wp\/v2\/pages\/86\/revisions"}],"wp:attachment":[{"href":"https:\/\/glasso.ua\/de\/wp-json\/wp\/v2\/media?parent=86"}],"curies":[{"name":"wp","href":"https:\/\/api.w.org\/{rel}","templated":true}]}}