{"id":82,"date":"2020-02-05T16:04:00","date_gmt":"2020-02-05T16:04:00","guid":{"rendered":"https:\/\/glasso.ua\/?page_id=82"},"modified":"2024-09-24T15:03:18","modified_gmt":"2024-09-24T15:03:18","slug":"garantijnoe","status":"publish","type":"page","link":"https:\/\/glasso.ua\/de\/garantijnoe\/","title":{"rendered":"Kundendienst"},"content":{"rendered":"<p><\/p>\n<section class=\"services-inner__content\">\n<h2>Wir bieten eine lange Garantie<\/h2>\n<p>Wenn Sie GLASSO-Produkten kaufen, erhalten Sie eine Qualit\u00e4tsgarantie und eine lange Lebensdauer der Produkte. Wir sind von der Qualit\u00e4t unserer Fensterkonstruktionen \u00fcberzeugt, da wir sie in jeder Phase der eigenen Produktion kontrollieren. Komponenten: Profil, Beschl\u00e4ge, Dichtungen f\u00fcr Ihre Fenster und T\u00fcren sind Produkte f\u00fchrender Marken. Es ist wirklich das Beste, was es auf dem Weltmarkt f\u00fcr Verglasungen gibt!<\/p>\n<h3>Garantielebensdauer<\/h3>\n<p>Die Qualit\u00e4t unserer Produkte wird durch den technischen Inspektionsdienst in der Produktion und die erforderlichen Zertifikate gew\u00e4hrleistet. Die Lebensdauer von Fenstern und T\u00fcren betr\u00e4gt mehr als 40 Jahre. Unsere Garantie f\u00fcr Fenster- und T\u00fcrkonstruktionen betr\u00e4gt 5 Jahre. Dies bedeutet, dass wir innerhalb von 5 Jahren alle Fehler kostenlos beheben und bei Bedarf alle notwendigen Elemente austauschen. Die Garantieleistungen werden nur von erfahrenen Fachleuten unter Verwendung spezieller Ger\u00e4te durchgef\u00fchrt, die es erm\u00f6glichen, alle Arbeiten effizient durchzuf\u00fchren und alle eventuell auftretenden M\u00e4ngel rechtzeitig zu beseitigen.<\/p>\n<h3>Kundendienst<\/h3>\n<p>F\u00fcr den langj\u00e4hrigen Betrieb m\u00fcssen Fenster und T\u00fcren regelm\u00e4\u00dfig gewartet werden. Dadurch kann die Lebensdauer der Konstruktion um ein paar Dutzend Jahre verl\u00e4ngert werden. Dies tr\u00e4gt zur rechtzeitigen Schmierung der Beschl\u00e4ge, zum Austausch der Dichtungen und zur Wiederherstellung der Strukturgeometrie bei. Kontaktieren Sie uns und unsere Spezialisten werden alle Fragen beantworten und ggf. zu Ihnen kommen, um alle Probleme im Zusammenhang mit dem Betrieb von Fenstern, T\u00fcren usw. vor Ort zu l\u00f6sen.<\/p>\n<\/section>\n<p><\/p>","protected":false},"excerpt":{"rendered":"<p>Wir bieten eine lange Garantie Wenn Sie GLASSO-Produkten kaufen, erhalten Sie eine Qualit\u00e4tsgarantie und eine lange Lebensdauer der Produkte. Wir sind von der Qualit\u00e4t unserer [&hellip;]<\/p>\n","protected":false},"author":1,"featured_media":0,"parent":0,"menu_order":0,"comment_status":"closed","ping_status":"closed","template":"page-services-img.php","meta":[],"aioseo_notices":[],"_links":{"self":[{"href":"https:\/\/glasso.ua\/de\/wp-json\/wp\/v2\/pages\/82"}],"collection":[{"href":"https:\/\/glasso.ua\/de\/wp-json\/wp\/v2\/pages"}],"about":[{"href":"https:\/\/glasso.ua\/de\/wp-json\/wp\/v2\/types\/page"}],"author":[{"embeddable":true,"href":"https:\/\/glasso.ua\/de\/wp-json\/wp\/v2\/users\/1"}],"replies":[{"embeddable":true,"href":"https:\/\/glasso.ua\/de\/wp-json\/wp\/v2\/comments?post=82"}],"version-history":[{"count":0,"href":"https:\/\/glasso.ua\/de\/wp-json\/wp\/v2\/pages\/82\/revisions"}],"wp:attachment":[{"href":"https:\/\/glasso.ua\/de\/wp-json\/wp\/v2\/media?parent=82"}],"curies":[{"name":"wp","href":"https:\/\/api.w.org\/{rel}","templated":true}]}}