{"id":80,"date":"2020-02-05T15:50:28","date_gmt":"2020-02-05T15:50:28","guid":{"rendered":"https:\/\/glasso.ua\/?page_id=80"},"modified":"2024-09-24T14:49:47","modified_gmt":"2024-09-24T14:49:47","slug":"zamer-i-ustanovka","status":"publish","type":"page","link":"https:\/\/glasso.ua\/de\/zamer-i-ustanovka\/","title":{"rendered":"Messung"},"content":{"rendered":"<p><\/p>\n<section class=\"services-inner__content\">\n<h2>Messung von Konstruktionen <br \/>durch GLASSO-Spezialisten<\/h2>\n<p>Die genaue Messung ist der erste Schritt zu einem Qualit\u00e4tsprodukt. Dies ist der wichtigste Schritt in der Installation. Die Parameter der zuk\u00fcnftigen Konstruktion h\u00e4ngen von der Art der \u00d6ffnung ab, daher hat die Messtechnologie in jedem Fall ihre eigenen Merkmale. Unsere Messexperten sind Profis mit der Erfahrung in diesem Bereich mindestens 10 Jahre!<\/p>\n<div class=\"services-inner__list-wrap\">\n<h3>Mit unserem Messexperten k\u00f6nnen Sie besprechen:<\/h3>\n<ul>\n<li>das Modell, das Sie ausw\u00e4hlen m\u00f6chten;<\/li>\n<li>Anzahl der Fl\u00fcgel und M\u00f6glichkeiten, sie zu \u00f6ffnen;<\/li>\n<li>Ihr Bedarf an Zubeh\u00f6r: Fensterb\u00e4nke, Au\u00dfenfensterb\u00e4nke, Moskitonetze, Kinderschl\u00f6sser und andere Optionen, die Ihr Leben angenehmer machen;<\/li>\n<li>Montagetechnik und vieles mehr.<\/li>\n<\/ul>\n<\/div>\n<\/section>\n<p><\/p>","protected":false},"excerpt":{"rendered":"<p>Messung von Konstruktionen durch GLASSO-Spezialisten Die genaue Messung ist der erste Schritt zu einem Qualit\u00e4tsprodukt. Dies ist der wichtigste Schritt in der Installation. Die Parameter [&hellip;]<\/p>\n","protected":false},"author":1,"featured_media":0,"parent":0,"menu_order":0,"comment_status":"closed","ping_status":"closed","template":"page-services-video.php","meta":[],"aioseo_notices":[],"_links":{"self":[{"href":"https:\/\/glasso.ua\/de\/wp-json\/wp\/v2\/pages\/80"}],"collection":[{"href":"https:\/\/glasso.ua\/de\/wp-json\/wp\/v2\/pages"}],"about":[{"href":"https:\/\/glasso.ua\/de\/wp-json\/wp\/v2\/types\/page"}],"author":[{"embeddable":true,"href":"https:\/\/glasso.ua\/de\/wp-json\/wp\/v2\/users\/1"}],"replies":[{"embeddable":true,"href":"https:\/\/glasso.ua\/de\/wp-json\/wp\/v2\/comments?post=80"}],"version-history":[{"count":0,"href":"https:\/\/glasso.ua\/de\/wp-json\/wp\/v2\/pages\/80\/revisions"}],"wp:attachment":[{"href":"https:\/\/glasso.ua\/de\/wp-json\/wp\/v2\/media?parent=80"}],"curies":[{"name":"wp","href":"https:\/\/api.w.org\/{rel}","templated":true}]}}