{"id":78,"date":"2020-02-05T15:50:14","date_gmt":"2020-02-05T15:50:14","guid":{"rendered":"https:\/\/glasso.ua\/?page_id=78"},"modified":"2023-08-27T13:31:46","modified_gmt":"2023-08-27T13:31:46","slug":"montazh-konstrukczii","status":"publish","type":"page","link":"https:\/\/glasso.ua\/de\/montazh-konstrukczii\/","title":{"rendered":"Montage von Konstruktionen"},"content":{"rendered":"<p><\/p>\n<section class=\"services-col__content\">\n<div class=\"services-inner__row\">\n<div class=\"services-inner__col1\">\n<h2>Die fachgerechte Montage garantiert eine einwandfreie Funktion des Fensters!<\/h2>\n<p> Um eine lange Lebensdauer der Fenster zu gew\u00e4hrleisten, ziehen Sie professionelle Montagedienste hin. Nur in diesem Fall k\u00f6nnen Kunststoffkonstruktionen ihre Funktionalit\u00e4t bis zu 40 Jahren beibehalten.<\/p>\n<ol>\n<li>Die originelle Fensterbank.<\/li>\n<li>Dampfdichtungsband.<\/li>\n<li>Professioneller Montageschaum.<\/li>\n<li>Fensterbank.<\/li>\n<li>Au\u00dfenfensterbank.<\/li>\n<\/ol><\/div>\n<div class=\"services-inner__col2\"><img src=\"https:\/\/glasso.ua\/wp-content\/uploads\/2020\/03\/montazg1.svg\" alt=\"\" width=\"742\" height=\"550\" class=\"alignnone size-full wp-image-1511\"  role=\"img\" \/><\/div>\n<\/p><\/div>\n<div class=\"services-inner__row color\">\n<div class=\"services-inner__col1\">\n<div class=\"services-inner__list-wrap\">\n<h3>Installationstechnik GLASSO Economy:<\/h3>\n<p>&#8222;GLASSO Economy&#8220; ist eine spezielle Montagetechnik f\u00fcr die Fensterkonstruktion, bei der das Fenster mit einem Anker oder Ankerplatten in der \u00d6ffnung befestigt werden kann. Um das Einfrieren der Fensterbank im Winter zu verhindern, wird sie mit drei Kammern (Hohlr\u00e4umen) ausgef\u00fchrt. Um die Montageseite auf beiden Seiten der Konstruktion zu schlie\u00dfen und die Abdichtung zu gew\u00e4hrleisten, wird ein spezielles Band aufgeklebt, das au\u00dferdem das Auftreten von Zugluft verhindert. Zus\u00e4tzliche D\u00e4mmung ist auf die Verwendung von B\u00f6gen, D\u00e4mmung, Montageschaum zur\u00fcckzuf\u00fchren.<\/p>\n<\/p><\/div>\n<ol>\n<li>W\u00e4rmed\u00e4mmstoff.<\/li>\n<li>Montageschaum.<\/li>\n<li>Abhang.<\/li>\n<\/ol><\/div>\n<div class=\"services-inner__col2\"><img src=\"https:\/\/glasso.ua\/wp-content\/uploads\/2020\/03\/montazg2.svg\" alt=\"\" width=\"547\" height=\"550\" class=\"alignnone size-full wp-image-1512\"  role=\"img\" \/><\/div>\n<\/p><\/div>\n<div class=\"services-inner__row\">\n<div class=\"services-inner__col1\">\n<div class=\"services-inner__list-wrap\">\n<h3>Montagetechnik &#8222;GLASSO Standard&#8220;:<\/h3>\n<p>GLASSO Standard ist eine Montagetechnik, die neben den durch die Methode GLASSO Economy vorgesehenen Ma\u00dfnahmen auch das Verkleben der \u00e4u\u00dferen Naht mit einem feuchtigkeitsgesch\u00fctzten Band beinhaltet. Diese L\u00f6sung bietet nicht nur eine erh\u00f6hte Abdichtung, sondern sch\u00fctzt den Montageschaum auch vor UV, verhindert dessen Zerst\u00f6rung, ohne die Wasserdampfausscheidung zu behindern. Was die innere Naht betrifft, wird sie mit einem Isolierband verklebt, um Feuchtigkeit von der inneren Abh\u00e4nge fernzuhalten. Bei der Verglasung von Balkonen und Loggien wird eine Butylschnur zwischen dem Visier und der Betondecke verlegt, um Zugluft und das Austreten von Wasser bei regnerischem Wetter zu verhindern.<\/p>\n<\/p><\/div>\n<ol>\n<li>W\u00e4rmed\u00e4mmstoff.<\/li>\n<li>Montageschaum.<\/li>\n<li>Abhang.<\/li>\n<li>Feuchtigkeitsfestes Band.<\/li>\n<li>Dampfdichtungsband.<\/li>\n<\/ol><\/div>\n<div class=\"services-inner__col2\"><img src=\"https:\/\/glasso.ua\/wp-content\/uploads\/2020\/03\/montazg3.svg\" alt=\"\" width=\"547\" height=\"550\" class=\"alignnone size-full wp-image-1513\"  role=\"img\" \/><\/div>\n<\/p><\/div>\n<div class=\"services-inner__row color\">\n<div class=\"services-inner__col1\">\n<div class=\"services-inner__list-wrap\">\n<h3>Montagetechnik GLASSO Professional:<\/h3>\n<p>GLASSO Professional ist die fortschrittlichste Montagetechnik, die den gesamten Prozess der GLASSO Economy-Technologie umfasst und anschlie\u00dfend mit einem Feuchtigkeitsschutzband, das zus\u00e4tzliche Abdichtung und Schutz des Montageschaums vor den sch\u00e4dlichen Auswirkungen von UV gew\u00e4hrleistet, durch das Auftragen eines wasserdichten Mastixes, auf dem ein Band mit w\u00e4rme- und schalld\u00e4mmenden Eigenschaften verlegt wird, die \u00e4u\u00dfere Naht verklebt. Um eine Dampfsperre der inneren Montagenaht zu gew\u00e4hrleisten, wird sie mit einem speziellen D\u00e4mmungsband verklebt. Diese Montagentechnik f\u00fcr die Fensterkonstruktionen ist arbeitsintensiver, erh\u00f6ht jedoch die Dauer der Erhaltung der Betriebseigenschaften des Schaumstoffs erheblich, tr\u00e4gt zur erh\u00f6hten W\u00e4rme- und Schalld\u00e4mmung des Fensters bei und sorgt f\u00fcr ein angenehmes Mikroklima in einer Wohnung, einem Haus oder einem B\u00fcroraum.<\/p>\n<\/p><\/div>\n<ol>\n<li>W\u00e4rmed\u00e4mmstoff.<\/li>\n<li>Montageschaum.<\/li>\n<li>Abhang.<\/li>\n<li>Feuchtigkeitsfestes Band.<\/li>\n<li>Dampfdichtungsband.<\/li>\n<li>W\u00e4rmedichtungsband.<\/li>\n<\/ol><\/div>\n<div class=\"services-inner__col2\"><img src=\"https:\/\/glasso.ua\/wp-content\/uploads\/2020\/03\/montazg4.svg\" alt=\"\" width=\"547\" height=\"550\" class=\"alignnone size-full wp-image-1514\"  role=\"img\" \/><\/div>\n<\/p><\/div>\n<div class=\"services-inner__row\">\n<div class=\"services-inner__col1\">\n<h2>Montage von Kunststoff-Fenstern nach der Technik GLASSO Professional<\/h2>\n<p>Die GLASSO-Montageteams bestehen aus professionellen Handwerkern, die trotz ihrer Erfahrung eine Ausbildung absolvieren und j\u00e4hrlich zertifiziert werden. Die Gesamterfahrung der Installateure jedes Teams betr\u00e4gt mindestens 1000 Fenster . Die Professionalit\u00e4t der Mitarbeiter und die bis ins kleinste Detail durchdachte Technologie GLASSO Professional sind ein Garant f\u00fcr die Qualit\u00e4t der Montage.<\/p>\n<\/p><\/div>\n<\/p><\/div>\n<\/section>\n<p><\/p>","protected":false},"excerpt":{"rendered":"<p>Die fachgerechte Montage garantiert eine einwandfreie Funktion des Fensters! Um eine lange Lebensdauer der Fenster zu gew\u00e4hrleisten, ziehen Sie professionelle Montagedienste hin. Nur in diesem [&hellip;]<\/p>\n","protected":false},"author":1,"featured_media":0,"parent":0,"menu_order":0,"comment_status":"closed","ping_status":"closed","template":"page-services-video.php","meta":[],"aioseo_notices":[],"_links":{"self":[{"href":"https:\/\/glasso.ua\/de\/wp-json\/wp\/v2\/pages\/78"}],"collection":[{"href":"https:\/\/glasso.ua\/de\/wp-json\/wp\/v2\/pages"}],"about":[{"href":"https:\/\/glasso.ua\/de\/wp-json\/wp\/v2\/types\/page"}],"author":[{"embeddable":true,"href":"https:\/\/glasso.ua\/de\/wp-json\/wp\/v2\/users\/1"}],"replies":[{"embeddable":true,"href":"https:\/\/glasso.ua\/de\/wp-json\/wp\/v2\/comments?post=78"}],"version-history":[{"count":0,"href":"https:\/\/glasso.ua\/de\/wp-json\/wp\/v2\/pages\/78\/revisions"}],"wp:attachment":[{"href":"https:\/\/glasso.ua\/de\/wp-json\/wp\/v2\/media?parent=78"}],"curies":[{"name":"wp","href":"https:\/\/api.w.org\/{rel}","templated":true}]}}