{"id":67,"date":"2020-02-05T15:35:11","date_gmt":"2020-02-05T15:35:11","guid":{"rendered":"https:\/\/glasso.ua\/?page_id=67"},"modified":"2024-09-24T14:43:11","modified_gmt":"2024-09-24T14:43:11","slug":"proizvodstvo","status":"publish","type":"page","link":"https:\/\/glasso.ua\/de\/proizvodstvo\/","title":{"rendered":"Eigenproduktion"},"content":{"rendered":"<p><\/p>\n<section class=\"about__section about_production\">\n<div class=\"clients-box\">\n<div class=\"clients-box__title\">\n<div class=\"clients-box__title-col\">\n<h2>Merkmale des Unternehmens <\/h2>\n<\/p><\/div>\n<\/p><\/div>\n<div class=\"about-box1\">\n<div class=\"clients-box__title-col\">\n<div class=\"about-box1__text\">\n<p>Ein wichtiger Unterschied zwischen GLASSO und anderen Anbietern von Glasprodukten f\u00fcr Geb\u00e4udeverglasungen ist die eigene Produktion. Aus ihren Werkst\u00e4tten werden Aluminium-, Kunststoffkonstruktionen, Glasprodukte, APFS erhalten, die den h\u00f6chsten Qualit\u00e4tsstandards entsprechen. Wir arbeiten direkt mit dem Verbraucher zusammen und bieten einzigartige Komplettl\u00f6sungen f\u00fcr die Verglasung an, die die anspruchsvollsten Anforderungen erf\u00fcllen.<\/p>\n<\/div>\n<\/div>\n<div class=\"clients-box__title-col\">\n<div class=\"about-feature__table\">\n<div class=\"about-feature__row\">\n<div class=\"about-feature__cell\">\n<div class=\"about-feature__val\">900<\/div>\n<div class=\"about-feature__label\">Konstruktionen pro Tag<\/div>\n<\/div>\n<div class=\"about-feature__cell\">\n<div class=\"about-feature__val\">2300<\/div>\n<div class=\"about-feature__label\">doppelt verglaste Fenster pro Tag<\/div>\n<\/div>\n<\/div>\n<div class=\"about-feature__row\">\n<div class=\"about-feature__cell\">\n<div class=\"about-feature__val\">90 Sekunden<\/div>\n<div class=\"about-feature__label\">produzieren wir ein neues Fenster<\/div>\n<\/div>\n<div class=\"about-feature__cell\">\n<div class=\"about-feature__val\">100%<\/div>\n<div class=\"about-feature__label\">Qualit\u00e4tskontrolle<\/div>\n<\/div>\n<\/div>\n<\/div>\n<\/div>\n<\/div>\n<\/div>\n<\/section>\n<section class=\"section-tabs\">\n<div class=\"production-box\">\n<div class=\"production-box__title\">\n<div class=\"production-box__col\">\n<h2>CAM<\/h2>\n<\/div>\n<\/div>\n<div class=\"production-box__wrap\">\n<ul class=\"tabscontainer\">\n<li data-tab=\"tab-1\" class=\"current\">Die Linie der Konstruktionen aus dem Metallkunststoff<\/li>\n<li data-tab=\"tab-2\">Linie der <br \/>Verglasung<\/li>\n<li data-tab=\"tab-3\">Ausstattung <br \/>mit Beschl\u00e4gen<\/li>\n<li data-tab=\"tab-4\">Aluminium-Konstruktionslinie<\/li>\n<li data-tab=\"tab-5\">Laminierlinie<\/li>\n<\/ul>\n<div class=\"tabs-div\">\n<div id=\"tab-1\" class=\"active\">\n<div class=\"flex-box flex-wrap\">\n<div class=\"production-box__col\">\n<h3>Die Linie der Konstruktionen aus dem Metallkunststoff <\/h3>\n<p>Das Unternehmen ist mit automatischen Produktionslinien f\u00fcr Standard-PVC-Fensterkonstruktionen ausgestattet, deren Produktivit\u00e4t etwa 900 Produkte \/ Tag betr\u00e4gt. Neben den typischen Fenstern f\u00fcr die Verglasung von Wohnungen sind wir bereit, kundenspezifische Designs in verschiedenen Formen und Gr\u00f6\u00dfen f\u00fcr H\u00fctten, B\u00fcros und Pavillons anzubieten.<\/p>\n<\/div>\n<div class=\"production-box__col\">\n<a data-fancybox=\"gallery\" href=\"https:\/\/www.youtube.com\/embed\/Mz2p5haUpHk?autoplay=1&#038;wmode=opaque\" data-caption=\"Die Linie der Konstruktionen aus dem Metallkunststoff\" rel=\"nofollow\"><img src=\"https:\/\/glasso.ua\/wp-content\/uploads\/2020\/03\/clients-video1.jpg\" alt=\"\" width=\"700\" height=\"420\" class=\"alignnone size-full wp-image-1496\" srcset=\"https:\/\/glasso.ua\/wp-content\/uploads\/2020\/03\/clients-video1.jpg 700w, https:\/\/glasso.ua\/wp-content\/uploads\/2020\/03\/clients-video1-300x180.jpg 300w\" sizes=\"(max-width: 700px) 100vw, 700px\" \/><\/a>\n<\/div>\n<\/div>\n<\/div>\n<div id=\"tab-2\">\n<div class=\"flex-box flex-wrap\">\n<div class=\"production-box__col\">\n<h3>Linie der Verglasung<\/h3>\n<p>Die Herstellung von Doppelverglasungen erfolgt auf automatisierten Linien. Wir liefern verschiedene Arten von doppelt verglasten Fenstern: aus geh\u00e4rtetem, poliertem Glas, energiesparendem Spr\u00fchglas, reflektierendem IR, Triplex usw. Die Herstellung von doppelt verglasten Fenstern ist in verschiedenen St\u00e4rken und Gr\u00f6\u00dfen verf\u00fcgbar.<\/p>\n<\/div>\n<div class=\"production-box__col\">\n<a data-fancybox=\"gallery\" href=\"https:\/\/www.youtube.com\/embed\/CEDvxCErvy0?autoplay=1&#038;wmode=opaque\" data-caption=\"Linie der Verglasung\" rel=\"nofollow\"><br \/>\n<img src=\"https:\/\/glasso.ua\/wp-content\/uploads\/2020\/03\/clients-video2.jpg\" alt=\"\" width=\"700\" height=\"420\" class=\"alignnone size-full wp-image-1498\" srcset=\"https:\/\/glasso.ua\/wp-content\/uploads\/2020\/03\/clients-video2.jpg 700w, https:\/\/glasso.ua\/wp-content\/uploads\/2020\/03\/clients-video2-300x180.jpg 300w\" sizes=\"(max-width: 700px) 100vw, 700px\" \/><br \/>\n<\/a>\n<\/div>\n<\/div>\n<\/div>\n<div id=\"tab-3\">\n<div class=\"flex-box flex-wrap\">\n<div class=\"production-box__col\">\n<h3>Ausstattung mit Beschl\u00e4gen<\/h3>\n<p>Der Komfort und die Zuverl\u00e4ssigkeit von Fenster- und T\u00fcrkonstruktionen sowie ihre Wartbarkeit h\u00e4ngen direkt von den von ihnen verwendeten Beschl\u00e4gen ab. Deshalb verwenden wir die zuverl\u00e4ssigsten, bew\u00e4hrten Beschl\u00e4ge, um die Systeme zu komplettieren. Bei der Herstellung von kundenspezifischen Designs bieten wir verschiedene M\u00f6glichkeiten zum \u00d6ffnen der Fl\u00fcgel an, indem wir entsprechende Beschl\u00e4ge installieren.<\/p>\n<\/div>\n<div class=\"production-box__col\">\n<a data-fancybox=\"gallery\" href=\"https:\/\/www.youtube.com\/embed\/GKYDIiWYf2k?autoplay=1&#038;wmode=opaque\" data-caption=\"Ausstattung mit Beschl\u00e4gen\" rel=\"nofollow\"><br \/>\n<img src=\"https:\/\/glasso.ua\/wp-content\/uploads\/2020\/03\/clients-video3.jpg\" alt=\"\" width=\"700\" height=\"420\" class=\"alignnone size-full wp-image-1500\" srcset=\"https:\/\/glasso.ua\/wp-content\/uploads\/2020\/03\/clients-video3.jpg 700w, https:\/\/glasso.ua\/wp-content\/uploads\/2020\/03\/clients-video3-300x180.jpg 300w\" sizes=\"(max-width: 700px) 100vw, 700px\" \/><br \/>\n<\/a>\n<\/div>\n<\/div>\n<\/div>\n<div id=\"tab-4\">\n<div class=\"flex-box flex-wrap\">\n<div class=\"production-box__col\">\n<h3>Aluminium-Konstruktionslinie<\/h3>\n<p>Die Herstellung von Aluminiumverglasungen ist ein wichtiger T\u00e4tigkeitsbereich unseres Unternehmens. Mit zertifizierten Komponenten f\u00fchrender Marken produzieren wir nicht nur Fenster- und Eingangsgruppen, sondern auch Trennw\u00e4nde, Wintergartenkonstruktionen usw.<\/p>\n<\/div>\n<div class=\"production-box__col\">\n<a data-fancybox=\"gallery\" href=\"https:\/\/www.youtube.com\/embed\/lpu_7e_EazI?autoplay=1&#038;wmode=opaque\" data-caption=\"Aluminium-Konstruktionslinie\" rel=\"nofollow\"><br \/>\n<img src=\"https:\/\/glasso.ua\/wp-content\/uploads\/2020\/03\/clients-video4.jpg\" alt=\"\" width=\"700\" height=\"420\" class=\"alignnone size-full wp-image-1502\" srcset=\"https:\/\/glasso.ua\/wp-content\/uploads\/2020\/03\/clients-video4.jpg 700w, https:\/\/glasso.ua\/wp-content\/uploads\/2020\/03\/clients-video4-300x180.jpg 300w\" sizes=\"(max-width: 700px) 100vw, 700px\" \/><br \/>\n<\/a>\n<\/div>\n<\/div>\n<\/div>\n<div id=\"tab-5\">\n<div class=\"flex-box flex-wrap\">\n<div class=\"production-box__col\">\n<h3>Laminierlinie<\/h3>\n<p>Die Laminierung von Profilen f\u00fcr PVC-Fenster vereinfacht die Pflege erheblich. Wir verwenden Renolit-Folien, die sich durch hohe Qualit\u00e4t, Haltbarkeit, Best\u00e4ndigkeit gegen Burnout und andere ung\u00fcnstige \u00e4u\u00dfere Einfl\u00fcsse auszeichnen, um Fenster zu laminieren. Die Wahl des Verbrauchers bietet eine riesige Auswahl an Farben und holz\u00e4hnlichen Texturen, die f\u00fcr jeden Geschmack geeignet sind.<\/p>\n<\/div>\n<div class=\"production-box__col\">\n<a data-fancybox=\"gallery\" href=\"https:\/\/www.youtube.com\/embed\/vwtFNfybzwk?autoplay=1&#038;wmode=opaque\" data-caption=\"Laminierlinie\" rel=\"nofollow\"><br \/>\n<img src=\"https:\/\/glasso.ua\/wp-content\/uploads\/2020\/03\/clients-video5.jpg\" alt=\"\" width=\"700\" height=\"420\" class=\"alignnone size-full wp-image-1504\" srcset=\"https:\/\/glasso.ua\/wp-content\/uploads\/2020\/03\/clients-video5.jpg 700w, https:\/\/glasso.ua\/wp-content\/uploads\/2020\/03\/clients-video5-300x180.jpg 300w\" sizes=\"(max-width: 700px) 100vw, 700px\" \/><br \/>\n<\/a>\n<\/div>\n<\/div>\n<\/div>\n<\/div>\n<\/div>\n<\/div>\n<\/section>\n<section class=\"services-inner__gallery pr_gallery\">\n<div class=\"services-gallery\">\n<div class=\"services-gallery-item\">\n<img src=\"\/wp-content\/uploads\/2020\/02\/1-min-scaled.jpg\">\n<\/div>\n<div class=\"services-gallery-item\">\n<img src=\"\/wp-content\/uploads\/2020\/02\/2-min.jpg\">\n<\/div>\n<div class=\"services-gallery-item\">\n<img src=\"\/wp-content\/uploads\/2020\/02\/3-min.jpg\">\n<\/div>\n<div class=\"services-gallery-item\">\n<img src=\"\/wp-content\/uploads\/2020\/02\/4-min.jpg\">\n<\/div>\n<div class=\"services-gallery-item\">\n<img src=\"\/wp-content\/uploads\/2020\/02\/5-min.jpg\">\n<\/div>\n<div class=\"services-gallery-item\">\n<img src=\"\/wp-content\/uploads\/2020\/02\/6-min.jpg\">\n<\/div>\n<\/div>\n<div class=\"gallery-nav\">\n<div class=\"services-gallery-prev slick-arrow\" aria-label=\"Previous\" style=\"\">\n<svg width=\"9\" height=\"14\" viewBox=\"0 0 9 14\" fill=\"none\" xmlns=\"http:\/\/www.w3.org\/2000\/svg\">\n<path d=\"M8 1L2 7L8 13\" stroke=\"white\" stroke-width=\"2\"\/>\n<\/svg>\n<\/div>\n<div class=\"services-gallery-next slick-arrow\" aria-label=\"Next\" style=\"\">\n<svg width=\"9\" height=\"14\" viewBox=\"0 0 9 14\" fill=\"none\" xmlns=\"http:\/\/www.w3.org\/2000\/svg\">\n<path d=\"M1 13L7 7L0.999999 1\" stroke=\"white\" stroke-width=\"2\"\/>\n<\/svg>\n<\/div>\n<\/div>\n<div class=\"services-gallery__title\">Foto der Produktion<\/div>\n<div class=\"services-gallery__link\"><a href=\"\/foto\/\">ZUR GALERIE GEHEN<\/a><\/div>\n<\/section>\n<section class=\"services-laboratory\">\n<div class=\"clients-box\">\n<div class=\"clients-box__title\">\n<div class=\"clients-box__title-col\">\n<h2>Qualit\u00e4tskontrolle<\/h2>\n<\/div>\n<div class=\"clients-box__title-col\">\n<p>Wir sind von der Qualit\u00e4t unserer Fensterkonstruktionen \u00fcberzeugt, da wir sie in jeder Phase der eigenen Produktion kontrollieren. In unserer Produktion funktioniert ein eigenes Qualit\u00e4tskontrolllabor. Das Labor verf\u00fcgt \u00fcber eine Reihe von Ger\u00e4ten, die es uns erm\u00f6glichen, die hergestellten Konstruktionen auf \u00dcbereinstimmung mit GOST zu testen.<\/p>\n<\/div>\n<\/div>\n<\/div>\n<div class=\"video-box-full\">\n<video autoplay=\"\" muted=\"\" loop=\"\"><source src=\"\/wp-content\/uploads\/2020\/07\/proizvodstvo-new.mp4\" type=\"video\/mp4\"><source src=\"\/wp-content\/uploads\/2020\/07\/proizvodstvo-new.ogv\" type=\"video\/ogv\"><source src=\"\/wp-content\/uploads\/2020\/07\/proizvodstvo-new.webm\" type=\"video\/webm\"><\/video>\n<\/div>\n<\/div>\n<\/section>\n<section class=\"section-client\">\n<div class=\"clients-box\">\n<div class=\"clients-box__title\">\n<div class=\"clients-box__title-col\">\n<h2>Wir arbeiten mit f\u00fchrenden Lieferanten von Rohstoffen und Materialien zusammen<\/h2>\n<\/div>\n<div class=\"clients-box__title-col\">\n<a href=\"\/stat-partnerom\/\">Zusammenarbeit<\/a>\n<\/div>\n<\/div>\n<div class=\"clients-logo__wrap\">\n<div class=\"clients-logo__list\">\n<div class=\"clients-logo__item\"><img src=\"\/wp-content\/themes\/glasso\/assets\/img\/company\/company1.png\"><\/div>\n<div class=\"clients-logo__item\"><img src=\"\/wp-content\/themes\/glasso\/assets\/img\/company\/company2.png\"><\/div>\n<div class=\"clients-logo__item\"><img src=\"\/wp-content\/themes\/glasso\/assets\/img\/company\/company3.png\"><\/div>\n<div class=\"clients-logo__item\"><img src=\"\/wp-content\/themes\/glasso\/assets\/img\/company\/company4.png\"><\/div>\n<div class=\"clients-logo__item\"><img src=\"\/wp-content\/themes\/glasso\/assets\/img\/company\/company5.png\"><\/div>\n<div class=\"clients-logo__item\"><img src=\"\/wp-content\/themes\/glasso\/assets\/img\/company\/company6.png\"><\/div>\n<div class=\"clients-logo__item\"><img src=\"\/wp-content\/themes\/glasso\/assets\/img\/company\/company7.png\"><\/div>\n<div class=\"clients-logo__item\"><img src=\"\/wp-content\/themes\/glasso\/assets\/img\/company\/company8.png\"><\/div>\n<div class=\"clients-logo__item\"><img src=\"\/wp-content\/themes\/glasso\/assets\/img\/company\/company9.png\"><\/div>\n<div class=\"clients-logo__item\"><img src=\"\/wp-content\/themes\/glasso\/assets\/img\/company\/company10.png\"><\/div>\n<div class=\"clients-logo__item\"><img src=\"\/wp-content\/themes\/glasso\/assets\/img\/company\/company11.png\"><\/div>\n<div class=\"clients-logo__item\"><img src=\"\/wp-content\/themes\/glasso\/assets\/img\/company\/company12.png\"><\/div>\n<div class=\"clients-logo__item\"><img src=\"\/wp-content\/themes\/glasso\/assets\/img\/company\/company13.png\"><\/div>\n<div class=\"clients-logo__item\"><img src=\"\/wp-content\/themes\/glasso\/assets\/img\/company\/company14.png\"><\/div>\n<div class=\"clients-logo__item\"><img src=\"\/wp-content\/themes\/glasso\/assets\/img\/company\/company15.png\"><\/div>\n<div class=\"clients-logo__item\"><img src=\"\/wp-content\/themes\/glasso\/assets\/img\/company\/company16.png\"><\/div>\n<div class=\"clients-logo__item\"><img src=\"\/wp-content\/themes\/glasso\/assets\/img\/company\/company17.png\"><\/div>\n<div class=\"clients-logo__item\"><img src=\"\/wp-content\/themes\/glasso\/assets\/img\/company\/company18.png\"><\/div>\n<div class=\"clients-logo__item\"><img src=\"\/wp-content\/themes\/glasso\/assets\/img\/company\/company20.png\"><\/div>\n<div class=\"clients-logo__item\"><img src=\"\/wp-content\/themes\/glasso\/assets\/img\/company\/company21.png\"><\/div>\n<div class=\"clients-logo__item\"><img src=\"\/wp-content\/themes\/glasso\/assets\/img\/company\/company23.png\"><\/div>\n<\/div>\n<\/div>\n<\/div>\n<\/section>\n<div class=\"documents-box\">\n<div class=\"documents-box__col\">\n<div class=\"document-list\">\n<div class=\"document-item\">\n<div class=\"document-item__inner\">\n<h4>Certificate Windods IFT<\/h4>\n<p><img src=\"\/wp-content\/themes\/glasso\/assets\/img\/pdf-icon.svg\" class=\"document-item__img\"><br \/>\n<a href=\"\/wp-content\/uploads\/2020\/04\/certificate-windods-ift.pdf\" target=\"_blank\" class=\"document-item__btn\" rel=\"noopener noreferrer\">ANSCHAUEN<\/a>\n<\/p>\n<\/div>\n<\/div>\n<div class=\"document-item\">\n<div class=\"document-item__inner\">\n<h4>Certificate ISO 9001 2015<\/h4>\n<p><img src=\"\/wp-content\/themes\/glasso\/assets\/img\/pdf-icon.svg\" class=\"document-item__img\"><br \/>\n<a href=\"\/wp-content\/uploads\/2020\/04\/certificate-iso-9001-2015.jpg\" target=\"_blank\" class=\"document-item__btn\" rel=\"noopener noreferrer\">ANSCHAUEN<\/a>\n<\/p>\n<\/div>\n<\/div>\n<div class=\"document-item\">\n<div class=\"document-item__inner\">\n<h4>\u0423\u043a\u0440\u0421\u0415\u041f\u0420\u041e Glasso<\/h4>\n<p><img src=\"\/wp-content\/themes\/glasso\/assets\/img\/pdf-icon.svg\" class=\"document-item__img\"><br \/>\n<a href=\"\/wp-content\/uploads\/2020\/04\/ukrsepro-glasso.pdf\" target=\"_blank\" class=\"document-item__btn\" rel=\"noopener noreferrer\">ANSCHAUEN<\/a>\n<\/p>\n<\/div>\n<\/div>\n<div class=\"document-item\">\n<div class=\"document-item__inner\">\n<h4>\u0423\u043a\u0440\u0421\u0415\u041f\u0420\u041e Glasso<\/h4>\n<p><img src=\"\/wp-content\/themes\/glasso\/assets\/img\/pdf-icon.svg\" class=\"document-item__img\"><br \/>\n<a href=\"\/wp-content\/uploads\/2020\/04\/ukrsepro-glasso-add.pdf\" target=\"_blank\" class=\"document-item__btn\" rel=\"noopener noreferrer\">ANSCHAUEN<\/a>\n<\/p>\n<\/div>\n<\/div>\n<div class=\"document-item\">\n<div class=\"document-item__inner\">\n<h4>\u0423\u043a\u0440\u0421\u0415\u041f\u0420\u041e Salamander<\/h4>\n<p><img src=\"\/wp-content\/themes\/glasso\/assets\/img\/pdf-icon.svg\" class=\"document-item__img\"><br \/>\n<a href=\"\/wp-content\/uploads\/2020\/04\/ukrsepro-salamander.pdf\" target=\"_blank\" class=\"document-item__btn\" rel=\"noopener noreferrer\">ANSCHAUEN<\/a>\n<\/p>\n<\/div>\n<\/div>\n<div class=\"document-item\">\n<div class=\"document-item__inner\">\n<h4>\u0423\u043a\u0440\u0421\u0415\u041f\u0420\u041e \u0441\u043a\u043b\u043e\u043f\u0430\u043a\u0435\u0442\u0438<\/h4>\n<p><img src=\"\/wp-content\/themes\/glasso\/assets\/img\/pdf-icon.svg\" class=\"document-item__img\"><br \/>\n<a href=\"\/wp-content\/uploads\/2020\/04\/ukrsepro-sklopaketi.pdf\" target=\"_blank\" class=\"document-item__btn\" rel=\"noopener noreferrer\">ANSCHAUEN<\/a>\n<\/p>\n<\/div>\n<\/div>\n<div class=\"document-item\">\n<div class=\"document-item__inner\">\n<h4>\u0423\u043a\u0440\u0421\u0415\u041f\u0420\u041e Siegenia<\/h4>\n<p><img src=\"\/wp-content\/themes\/glasso\/assets\/img\/pdf-icon.svg\" class=\"document-item__img\"><br \/>\n<a href=\"\/wp-content\/uploads\/2020\/04\/ukrsepro-siegenia.pdf\" target=\"_blank\" class=\"document-item__btn\" rel=\"noopener noreferrer\">ANSCHAUEN<\/a>\n<\/p>\n<\/div>\n<\/div>\n<div class=\"document-item\">\n<div class=\"document-item__inner\">\n<h4>\u0423\u043a\u0440\u0421\u0415\u041f\u0420\u041e Axor<\/h4>\n<p><img src=\"\/wp-content\/themes\/glasso\/assets\/img\/pdf-icon.svg\" class=\"document-item__img\"><br \/>\n<a href=\"\/wp-content\/uploads\/2020\/04\/ukrsepro-axor.pdf\" target=\"_blank\" class=\"document-item__btn\" rel=\"noopener noreferrer\">ANSCHAUEN<\/a>\n<\/p>\n<\/div>\n<\/div>\n<\/div>\n<\/div>\n<div class=\"documents-box__col\">\n<div class=\"documents-box__content\">\n<h2>Dokumente und Zertifikate<\/h2>\n<h4>Qualit\u00e4tszertifizierung vom Hersteller<\/h4>\n<p>Glasso best\u00e4tigt, dass die Qualit\u00e4t aller Produkte mit Zertifikaten \u00fcbereinstimmt. Alle unsere Produkte sind zertifiziert und werden nach den ukrainischen (UkrSEPRO) und internationalen (ITF, ISO 9001:2015) Standards hergestellt.<\/p>\n<h4>ITF-Zertifikat<\/h4>\n<p>Wir haben auch eine freiwillige Zertifizierung in Deutschland bestanden und das ITF-Zertifikat (Zertifizierungs- und Aufsichtsbeh\u00f6rde in ITF Rosenheim) erhalten. Dieses Zertifikat best\u00e4tigt, dass unser Produkt den Anforderungen des IFT-Zertifizierungsschemas entspricht, eine st\u00e4ndige Kontrolle der Produktionsst\u00e4tte durch Dritte und eine Kontrolle des Produktionsprozesses durch ift-Q-Zert usw. eingef\u00fchrt wurde.<\/p>\n<h4>Zertifikat ISO 9001:2015<\/h4>\n<p>Im Jahr 2019 haben wir das Qualit\u00e4tszertifikat ISO 9001:2015 erhalten. Dieser Standard basiert auf einer Reihe von Prinzipien: Kundenorientierung, Motivation und Engagement der F\u00fchrungskr\u00e4fte, prozessorientierter Ansatz und kontinuierliche Verbesserung.<\/p>\n<p>Die Zertifizierung garantiert Ihr volles Vertrauen in die Qualit\u00e4t der Glasso-Produkte.<\/p>\n<\/div>\n<\/div>\n<\/div>\n<\/section>\n<p><\/p>","protected":false},"excerpt":{"rendered":"<p>Merkmale des Unternehmens Ein wichtiger Unterschied zwischen GLASSO und anderen Anbietern von Glasprodukten f\u00fcr Geb\u00e4udeverglasungen ist die eigene Produktion. Aus ihren Werkst\u00e4tten werden Aluminium-, Kunststoffkonstruktionen, [&hellip;]<\/p>\n","protected":false},"author":1,"featured_media":0,"parent":0,"menu_order":0,"comment_status":"closed","ping_status":"closed","template":"page-proizvodstvo.php","meta":[],"aioseo_notices":[],"_links":{"self":[{"href":"https:\/\/glasso.ua\/de\/wp-json\/wp\/v2\/pages\/67"}],"collection":[{"href":"https:\/\/glasso.ua\/de\/wp-json\/wp\/v2\/pages"}],"about":[{"href":"https:\/\/glasso.ua\/de\/wp-json\/wp\/v2\/types\/page"}],"author":[{"embeddable":true,"href":"https:\/\/glasso.ua\/de\/wp-json\/wp\/v2\/users\/1"}],"replies":[{"embeddable":true,"href":"https:\/\/glasso.ua\/de\/wp-json\/wp\/v2\/comments?post=67"}],"version-history":[{"count":0,"href":"https:\/\/glasso.ua\/de\/wp-json\/wp\/v2\/pages\/67\/revisions"}],"wp:attachment":[{"href":"https:\/\/glasso.ua\/de\/wp-json\/wp\/v2\/media?parent=67"}],"curies":[{"name":"wp","href":"https:\/\/api.w.org\/{rel}","templated":true}]}}