{"id":63,"date":"2020-02-05T15:34:36","date_gmt":"2020-02-05T15:34:36","guid":{"rendered":"https:\/\/glasso.ua\/?page_id=63"},"modified":"2024-09-24T15:29:43","modified_gmt":"2024-09-24T15:29:43","slug":"o-kompanii","status":"publish","type":"page","link":"https:\/\/glasso.ua\/de\/o-kompanii\/","title":{"rendered":"\u00dcber das Unternehmen"},"content":{"rendered":"<p><\/p>\n<section class=\"about__section\">\n<div class=\"about-box1\">\n<div class=\"about-box1__col\">\n<h2>Selbstbewusste Marke<\/h2>\n<div class=\"about-box1__text\">\n<p>GLASSO ist ein modernes Full-Cycle-Unternehmen, das komplette Dienstleistungen f\u00fcr die Konstruktion und Herstellung von Konstruktionen, die Lieferung von Produkten an die Adresse des Kunden und deren Installation sowie die Garantie- und Nachgarantiedienstleistungen umfasst.<\/p>\n<p>20 Jahren entwickelt sich unser Unternehmen auf dem Markt dynamisch und hat sich als erstklassiger Hersteller etabliert.<\/p>\n<\/div>\n<\/div>\n<div class=\"about-box1__col\">\n<div class=\"about-feature__table\">\n<div class=\"about-feature__row\">\n<div class=\"about-feature__cell\">\n<div class=\"about-feature__val\">22<\/div>\n<div class=\"about-feature__label\">jahre auf dem Markt<\/div>\n<\/div>\n<div class=\"about-feature__cell\">\n<div class=\"about-feature__val\">1,95 \u043c\u043b\u043d<\/div>\n<div class=\"about-feature__label\">der verkauften Fenster<\/div>\n<\/div>\n<\/div>\n<div class=\"about-feature__row\">\n<div class=\"about-feature__cell\">\n<div class=\"about-feature__val\">593 \u0442\u0438\u0441<\/div>\n<div class=\"about-feature__label\">abgeschlossene Bestellungen<\/div>\n<\/div>\n<div class=\"about-feature__cell\">\n<div class=\"about-feature__val\">120 +<\/div>\n<div class=\"about-feature__label\">H\u00e4ndlerzentren<\/div>\n<\/div>\n<\/div>\n<\/div>\n<\/div>\n<\/div>\n<div class=\"about-box2\">\n<div class=\"about-box2__col\">\n<h2>Ergebnisse <br \/>f\u00fcr 2020<\/h2>\n<div class=\"about-box2__text\">\n<p>Ergebnisse f\u00fcr 2020<br \/>\nWir tun alles, um Ihre Erwartungen zu erf\u00fcllen. Daher wenden sich 76% der Kunden wiederholt an uns und sind bereit, uns ihren Bekannten zu empfehlen. Wenn wir unseren Verpflichtungen nachkommen, sind wir immer bestrebt, etwas Gr\u00f6\u00dferes zu bieten, als Sie erwarten. Der Schl\u00fcssel zum Erfolg ist die Aufmerksamkeit zum Detail.<\/p>\n<p>Sie k\u00f6nnen sich immer auf Unterst\u00fctzung, Freundlichkeit und eine herzliche Einstellung verlassen. Im Mittelpunkt unserer Philosophie steht die Liebe zu Menschen!<\/p>\n<\/div>\n<\/div>\n<div class=\"about-box2__col\">\n<img src=\"\/wp-content\/themes\/glasso\/assets\/img\/about2-ua.svg\">\n<\/div>\n<\/div>\n<div class=\"about-box3\">\n<div class=\"about-box3__col\">\n<h2>Kundenbindung<\/h2>\n<p><img src=\"\/wp-content\/themes\/glasso\/assets\/img\/about3.svg\" class=\"mobile-show\"><\/p>\n<div class=\"about-chart__table\">\n<div class=\"about-chart__row\">\n<div class=\"about-chart__cell about-chart__cell1\"><span class=\"loyalty1\"><\/span><\/div>\n<div class=\"about-chart__cell about-chart__cell2\">76% sind sehr loyal<\/div>\n<\/div>\n<div class=\"about-chart__row\">\n<div class=\"about-chart__cell about-chart__cell1\"><span class=\"loyalty2\"><\/span><\/div>\n<div class=\"about-chart__cell about-chart__cell2\">19% sind loyal<\/div>\n<\/div>\n<div class=\"about-chart__row\">\n<div class=\"about-chart__cell about-chart__cell1\"><span class=\"loyalty3\"><\/span><\/div>\n<div class=\"about-chart__cell about-chart__cell2\">5% schlossen Bedarf<\/div>\n<\/div>\n<\/div>\n<p><a href=\"\/proizvodstvo\" class=\"outline-btn about-box-btn\">\u00dcBER DIE PRODUKTION<\/a>\n<\/div>\n<div class=\"about-box3__col mobile-hide\">\n<ul class=\"chart-skills\">\n<\/ul>\n<\/div>\n<\/div>\n<div class=\"about-box4\">\n<div class=\"about-box4__col\">\n<div class=\"about-box4__content\">\n<h2>Die Geographie <br \/>der Lieferungen <br \/>in der Ukraine<\/h2>\n<h4>Unsere Liefergeographie umfasst alle gr\u00f6\u00dfere St\u00e4dte und mehr als 12 Regionen der Ukraine:<\/h4>\n<p>Poltawa, Lviv, Iwano-Frankiwsk, Wolyn, Lugansk, Donezk, Kiew, Sumy, Tscherkassy, Charkiw, Winnyzia.<\/p>\n<\/div>\n<div class=\"about-box4__content\">\n<h2>Internationaler <br \/>Qualit\u00e4tsstandard<\/h2>\n<p>Unsere strategische Aufgabe ist es, den Ruf eines zuverl\u00e4ssigen Auftragnehmers f\u00fcr die Verglasung von privaten und gewerblichen Immobilien zu erhalten, der allen internationalen Qualit\u00e4tsstandards entspricht.<\/p>\n<\/div>\n<div class=\"about-box4__delivery\">\n<h4>Glasso macht Auslandslieferungen:<\/h4>\n<ul class=\"about-delivery__list\">\n<li><img src=\"\/wp-content\/themes\/glasso\/assets\/img\/flag-belg.svg\"><span>Belgien<\/span><\/li>\n<li><img src=\"\/wp-content\/themes\/glasso\/assets\/img\/flag-canada.svg\"><span>Kanada<\/span><\/li>\n<li><img src=\"\/wp-content\/themes\/glasso\/assets\/img\/flag-italy.svg\"><span>Italien<\/span><\/li>\n<li><img src=\"\/wp-content\/themes\/glasso\/assets\/img\/flag-fr.svg\"><span>Frankreich<\/span><\/li>\n<li><img src=\"\/wp-content\/themes\/glasso\/assets\/img\/flag-germ.svg\"><span>Deutschland<\/span><\/li>\n<\/ul>\n<\/div>\n<\/div>\n<div class=\"about-box4__img\">\n<img src=\"\/wp-content\/themes\/glasso\/assets\/img\/about-map-1.svg\"><br \/>\n<img src=\"\/wp-content\/themes\/glasso\/assets\/img\/about-map-2-ua.svg\">\n<\/div>\n<\/div>\n<div class=\"project-item__container\">\n<div class=\"project-item__video\">\n<div class=\"youtube-player pristine\" data-video-id=\"lV2IVOM5sIg\">\n<img src=\"\/wp-content\/themes\/glasso\/assets\/img\/about-com-min.jpeg\" alt=\"custom-preview\">\n<\/div>\n<\/div>\n<\/div>\n<div class=\"about-contacts\">\n<h2>Abteilungen des Unternehmens<\/h2>\n<div class=\"about-contacts__row\">\n<div class=\"about-contacts__col\">\n<div class=\"about-contacts__item highlight\">\n<h3>Zentrale<\/h3>\n<div class=\"ac__table\">\n<div class=\"ac__row\">\n<div class=\"ac__cell\">\n<div class=\"cell-title\">Nummer:<\/div>\n<p><a href=\"tel:+380445023344\">+38 (044) 502 33 44<\/a><br \/>\n<a href=\"tel:+380675017793\">+38 (067) 501 77 93<\/a>\n<\/div>\n<div class=\"ac__cell\">\n<div class=\"cell-title\">Email:<\/div>\n<p><a href=\"mailto:office@glasso.ua\">office@glasso.ua<\/a>\n<\/div>\n<\/div>\n<\/div>\n<\/div>\n<\/div>\n<div class=\"about-contacts__col\">\n<div class=\"about-contacts__item\">\n<h3>H\u00e4ndlerabteilung<\/h3>\n<div class=\"ac__table\">\n<div class=\"ac__row\">\n<div class=\"ac__cell\">\n<div class=\"cell-title\">Nummer:<\/div>\n<p><a href=\"tel:+380442392508\">+38 (044) 239 25 08<\/a><br \/>\n<a href=\"tel:+380675767797\">+38 (067) 576 77 97<\/a>\n<\/div>\n<div class=\"ac__cell\">\n<div class=\"cell-title\">Email:<\/div>\n<p><a href=\"mailto:serviceadmin@glasso.ua\">glasso@glasso.ua<\/a>\n<\/div>\n<\/div>\n<\/div>\n<\/div>\n<\/div>\n<div class=\"about-contacts__col\">\n<div class=\"about-contacts__item\">\n<h3>Buchhaltung<\/h3>\n<div class=\"ac__table\">\n<div class=\"ac__row\">\n<div class=\"ac__cell\">\n<div class=\"cell-title\">Nummer:<\/div>\n<p><a href=\"tel:+380442392508\">+38 (044) 239 25 08<\/a>\n<\/div>\n<div class=\"ac__cell\">\n<div class=\"cell-title\">Email:<\/div>\n<p><a href=\"mailto:office@glasso.ua\">office@glasso.ua<\/a>\n<\/div>\n<\/div>\n<\/div>\n<\/div>\n<\/div>\n<div class=\"about-contacts__col\">\n<div class=\"about-contacts__item\">\n<h3>Einzelhandel<\/h3>\n<div class=\"ac__table\">\n<div class=\"ac__row\">\n<div class=\"ac__cell\">\n<div class=\"cell-title\">Nummer:<\/div>\n<p><a href=\"tel:+380445023344\">+38 (044) 502 33 44<\/a><br \/>\n<a href=\"tel:+380675017793\">+38 (067) 501 77 93<\/a>\n<\/div>\n<div class=\"ac__cell\">\n<div class=\"cell-title\">Email:<\/div>\n<p><a href=\"mailto:office@glasso.ua\">office@glasso.ua<\/a>\n<\/div>\n<\/div>\n<\/div>\n<\/div>\n<\/div>\n<div class=\"about-contacts__col\">\n<div class=\"about-contacts__item\">\n<h3>Marketing-Abteilung<\/h3>\n<div class=\"ac__table\">\n<div class=\"ac__row\">\n<div class=\"ac__cell\">\n<div class=\"cell-title\">Nummer:<\/div>\n<p><a href=\"tel:+380445023344\">+38 (044) 502 33 44<\/a>\n<\/div>\n<div class=\"ac__cell\">\n<div class=\"cell-title\">Email:<\/div>\n<p><a href=\"mailto:office@glasso.ua\">office@glasso.ua<\/a>\n<\/div>\n<\/div>\n<\/div>\n<\/div>\n<\/div>\n<\/div>\n<\/div>\n<div class=\"clients-box\">\n<div class=\"clients-box__title\">\n<div class=\"clients-box__title-col\">\n<h2>Unsere Kunden <br \/>und Partner<\/h2>\n<\/div>\n<div class=\"clients-box__title-col\">\n<a href=\"\/stat-partnerom\">Zusammenarbeit<\/a>\n<\/div>\n<\/div>\n<div class=\"clients-logo__wrap\">\n<div class=\"clients-logo__list\">\n<div class=\"clients-logo__item\"><img src=\"\/wp-content\/themes\/glasso\/assets\/img\/clients\/client-1.svg\"><\/div>\n<div class=\"clients-logo__item\"><img src=\"\/wp-content\/themes\/glasso\/assets\/img\/clients\/client-2.svg\"><\/div>\n<div class=\"clients-logo__item\"><img src=\"\/wp-content\/themes\/glasso\/assets\/img\/clients\/client-3.svg\"><\/div>\n<div class=\"clients-logo__item\"><img src=\"\/wp-content\/themes\/glasso\/assets\/img\/clients\/client-4.svg\"><\/div>\n<div class=\"clients-logo__item\"><img src=\"\/wp-content\/themes\/glasso\/assets\/img\/clients\/client-5.svg\"><\/div>\n<div class=\"clients-logo__item\"><img src=\"\/wp-content\/themes\/glasso\/assets\/img\/clients\/client-6.svg\"><\/div>\n<div class=\"clients-logo__item\"><img src=\"\/wp-content\/themes\/glasso\/assets\/img\/clients\/client-7.svg\"><\/div>\n<div class=\"clients-logo__item\"><img src=\"\/wp-content\/themes\/glasso\/assets\/img\/clients\/client-8.svg\"><\/div>\n<div class=\"clients-logo__item\"><img src=\"\/wp-content\/themes\/glasso\/assets\/img\/clients\/client-9.svg\"><\/div>\n<div class=\"clients-logo__item\"><img src=\"\/wp-content\/themes\/glasso\/assets\/img\/clients\/client-10.svg\"><\/div>\n<div class=\"clients-logo__item\"><img src=\"\/wp-content\/themes\/glasso\/assets\/img\/clients\/client-11.svg\"><\/div>\n<div class=\"clients-logo__item\"><img src=\"\/wp-content\/themes\/glasso\/assets\/img\/clients\/client-12.svg\"><\/div>\n<div class=\"clients-logo__item\"><img src=\"\/wp-content\/themes\/glasso\/assets\/img\/clients\/client-13.svg\"><\/div>\n<div class=\"clients-logo__item\"><img src=\"\/wp-content\/themes\/glasso\/assets\/img\/clients\/client-14.svg\"><\/div>\n<div class=\"clients-logo__item\"><img src=\"\/wp-content\/themes\/glasso\/assets\/img\/clients\/client-15.svg\"><\/div>\n<div class=\"clients-logo__item\"><img src=\"\/wp-content\/themes\/glasso\/assets\/img\/clients\/client-16.svg\"><\/div>\n<div class=\"clients-logo__item\"><img src=\"\/wp-content\/themes\/glasso\/assets\/img\/clients\/client-17.svg\"><\/div>\n<div class=\"clients-logo__item\"><img src=\"\/wp-content\/themes\/glasso\/assets\/img\/clients\/client-18.svg\"><\/div>\n<div class=\"clients-logo__item\"><img src=\"\/wp-content\/themes\/glasso\/assets\/img\/clients\/client-19.svg\"><\/div>\n<div class=\"clients-logo__item\"><img src=\"\/wp-content\/themes\/glasso\/assets\/img\/clients\/client-20.svg\"><\/div>\n<div class=\"clients-logo__item\"><img src=\"\/wp-content\/themes\/glasso\/assets\/img\/clients\/client-21.svg\"><\/div>\n<\/div>\n<\/div>\n<\/div>\n<div class=\"documents-box\">\n<div class=\"documents-box__col\">\n<div class=\"document-list\">\n<div class=\"document-item\">\n<div class=\"document-item__inner\">\n<h4>Certificate Windods IFT<\/h4>\n<p><img src=\"\/wp-content\/themes\/glasso\/assets\/img\/pdf-icon.svg\" class=\"document-item__img\"><br \/>\n<a href=\"\/wp-content\/uploads\/2020\/04\/certificate-windods-ift.pdf\" target=\"_blank\" class=\"document-item__btn\" rel=\"noopener noreferrer\">ANSCHAUEN<\/a>\n<\/div>\n<\/div>\n<div class=\"document-item\">\n<div class=\"document-item__inner\">\n<h4>Certificate ISO 9001 2015<\/h4>\n<p><img src=\"\/wp-content\/themes\/glasso\/assets\/img\/pdf-icon.svg\" class=\"document-item__img\"><br \/>\n<a href=\"\/wp-content\/uploads\/2020\/04\/certificate-iso-9001-2015.jpg\" target=\"_blank\" class=\"document-item__btn\" rel=\"noopener noreferrer\">ANSCHAUEN<\/a>\n<\/div>\n<\/div>\n<div class=\"document-item\">\n<div class=\"document-item__inner\">\n<h4>\u0423\u043a\u0440\u0421\u0415\u041f\u0420\u041e Glasso<\/h4>\n<p><img src=\"\/wp-content\/themes\/glasso\/assets\/img\/pdf-icon.svg\" class=\"document-item__img\"><br \/>\n<a href=\"\/wp-content\/uploads\/2020\/04\/ukrsepro-glasso.pdf\" target=\"_blank\" class=\"document-item__btn\" rel=\"noopener noreferrer\">ANSCHAUEN<\/a>\n<\/div>\n<\/div>\n<div class=\"document-item\">\n<div class=\"document-item__inner\">\n<h4>\u0423\u043a\u0440\u0421\u0415\u041f\u0420\u041e Glasso<\/h4>\n<p><img src=\"\/wp-content\/themes\/glasso\/assets\/img\/pdf-icon.svg\" class=\"document-item__img\"><br \/>\n<a href=\"\/wp-content\/uploads\/2020\/04\/ukrsepro-glasso-add.pdf\" target=\"_blank\" class=\"document-item__btn\" rel=\"noopener noreferrer\">ANSCHAUEN<\/a>\n<\/div>\n<\/div>\n<div class=\"document-item\">\n<div class=\"document-item__inner\">\n<h4>\u0423\u043a\u0440\u0421\u0415\u041f\u0420\u041e Salamander<\/h4>\n<p><img src=\"\/wp-content\/themes\/glasso\/assets\/img\/pdf-icon.svg\" class=\"document-item__img\"><br \/>\n<a href=\"\/wp-content\/uploads\/2020\/04\/ukrsepro-salamander.pdf\" target=\"_blank\" class=\"document-item__btn\" rel=\"noopener noreferrer\">ANSCHAUEN<\/a>\n<\/div>\n<\/div>\n<div class=\"document-item\">\n<div class=\"document-item__inner\">\n<h4>\u0423\u043a\u0440\u0421\u0415\u041f\u0420\u041e \u0441\u043a\u043b\u043e\u043f\u0430\u043a\u0435\u0442\u0438<\/h4>\n<p><img src=\"\/wp-content\/themes\/glasso\/assets\/img\/pdf-icon.svg\" class=\"document-item__img\"><br \/>\n<a href=\"\/wp-content\/uploads\/2020\/04\/ukrsepro-sklopaketi.pdf\" target=\"_blank\" class=\"document-item__btn\" rel=\"noopener noreferrer\">ANSCHAUEN<\/a>\n<\/div>\n<\/div>\n<div class=\"document-item\">\n<div class=\"document-item__inner\">\n<h4>\u0423\u043a\u0440\u0421\u0415\u041f\u0420\u041e Siegenia<\/h4>\n<p><img src=\"\/wp-content\/themes\/glasso\/assets\/img\/pdf-icon.svg\" class=\"document-item__img\"><br \/>\n<a href=\"\/wp-content\/uploads\/2020\/04\/ukrsepro-siegenia.pdf\" target=\"_blank\" class=\"document-item__btn\" rel=\"noopener noreferrer\">ANSCHAUEN<\/a>\n<\/div>\n<\/div>\n<div class=\"document-item\">\n<div class=\"document-item__inner\">\n<h4>\u0423\u043a\u0440\u0421\u0415\u041f\u0420\u041e Axor<\/h4>\n<p><img src=\"\/wp-content\/themes\/glasso\/assets\/img\/pdf-icon.svg\" class=\"document-item__img\"><br \/>\n<a href=\"\/wp-content\/uploads\/2020\/04\/ukrsepro-axor.pdf\" target=\"_blank\" class=\"document-item__btn\" rel=\"noopener noreferrer\">ANSCHAUEN<\/a>\n<\/div>\n<\/div>\n<\/div>\n<\/div>\n<div class=\"documents-box__col\">\n<div class=\"documents-box__content\">\n<h2>Dokumente und Zertifikate<\/h2>\n<h4>Qualit\u00e4tszertifizierung vom Hersteller<\/h4>\n<p>Glasso best\u00e4tigt, dass die Qualit\u00e4t aller Produkte mit Zertifikaten \u00fcbereinstimmt. Alle unsere Produkte sind zertifiziert und werden nach den ukrainischen (UkrSEPRO) und internationalen (ITF, ISO 9001:2015) Standards hergestellt.<\/p>\n<h4>ITF-Zertifikat<\/h4>\n<p>Wir haben auch eine freiwillige Zertifizierung in Deutschland bestanden und das ITF-Zertifikat (Zertifizierungs- und Aufsichtsbeh\u00f6rde in ITF Rosenheim) erhalten. Dieses Zertifikat best\u00e4tigt, dass unser Produkt den Anforderungen des IFT-Zertifizierungsschemas entspricht, eine st\u00e4ndige Kontrolle der Produktionsst\u00e4tte durch Dritte und eine Kontrolle des Produktionsprozesses durch ift-Q-Zert usw. eingef\u00fchrt wurde.<\/p>\n<h4>Zertifikat ISO 9001:2015<\/h4>\n<p>Im Jahr 2019 haben wir das Qualit\u00e4tszertifikat ISO 9001:2015 erhalten. Dieser Standard basiert auf einer Reihe von Prinzipien: Kundenorientierung, Motivation und Engagement der F\u00fchrungskr\u00e4fte, prozessorientierter Ansatz und kontinuierliche Verbesserung.<\/p>\n<p>Die Zertifizierung garantiert Ihr volles Vertrauen in die Qualit\u00e4t der Glasso-Produkte.<\/p>\n<\/div>\n<\/div>\n<\/div>\n<\/section>\n<p><\/p>","protected":false},"excerpt":{"rendered":"<p>Selbstbewusste Marke GLASSO ist ein modernes Full-Cycle-Unternehmen, das komplette Dienstleistungen f\u00fcr die Konstruktion und Herstellung von Konstruktionen, die Lieferung von Produkten an die Adresse des [&hellip;]<\/p>\n","protected":false},"author":1,"featured_media":0,"parent":0,"menu_order":0,"comment_status":"closed","ping_status":"closed","template":"page-about.php","meta":[],"aioseo_notices":[],"_links":{"self":[{"href":"https:\/\/glasso.ua\/de\/wp-json\/wp\/v2\/pages\/63"}],"collection":[{"href":"https:\/\/glasso.ua\/de\/wp-json\/wp\/v2\/pages"}],"about":[{"href":"https:\/\/glasso.ua\/de\/wp-json\/wp\/v2\/types\/page"}],"author":[{"embeddable":true,"href":"https:\/\/glasso.ua\/de\/wp-json\/wp\/v2\/users\/1"}],"replies":[{"embeddable":true,"href":"https:\/\/glasso.ua\/de\/wp-json\/wp\/v2\/comments?post=63"}],"version-history":[{"count":0,"href":"https:\/\/glasso.ua\/de\/wp-json\/wp\/v2\/pages\/63\/revisions"}],"wp:attachment":[{"href":"https:\/\/glasso.ua\/de\/wp-json\/wp\/v2\/media?parent=63"}],"curies":[{"name":"wp","href":"https:\/\/api.w.org\/{rel}","templated":true}]}}