{"id":6,"date":"2020-02-05T08:51:26","date_gmt":"2020-02-05T08:51:26","guid":{"rendered":"https:\/\/glasso.ua\/?page_id=6"},"modified":"2025-02-28T15:41:57","modified_gmt":"2025-02-28T15:41:57","slug":"golovna","status":"publish","type":"page","link":"https:\/\/glasso.ua\/de\/","title":{"rendered":"Hauptseite"},"content":{"rendered":"<p><\/p>\n<div class=\"section main-slide\" style=\"background-image: url('https:\/\/glasso.ua\/wp-content\/themes\/glasso\/assets\/img\/slide-6.jpg');\">\n<div class=\"grid-wrap\">\n<div class=\"grid-line grid-line-1\"><\/div>\n<div class=\"grid-line grid-line-2\"><\/div>\n<div class=\"grid-line grid-line-3\"><\/div>\n<div class=\"grid-line grid-line-4\"><\/div>\n<div class=\"grid-line grid-line-5\"><\/div>\n<div class=\"grid-line grid-line-6\"><\/div>\n<div class=\"grid-line grid-line-7\"><\/div>\n<\/div>\n<div class=\"main-slide__inner\">\n<div class=\"main-slide__title\">Komplexe Verglasung von Objekten<\/div>\n<div class=\"main-slide__content\">Wir verglasen Wohnh\u00e4user, Verwaltungs- und Gesch\u00e4ftsobjekte. Wir f\u00fchren auch die Verglasung von Industrie- und Produktionsr\u00e4umen durch. Unsere Wettbewerbsvorteile: mehr als 20 Jahre Erfahrung und mehr als 150 Arten von Verglasungen in einem Unternehmen.<\/div>\n<\/div>\n<div class=\"main-slide__action\">\n<div class=\"slide-btn slide-btn__go show-modal\" data-target=\"callback-form\">OBJEKT Z\u00c4HLEN<\/div>\n<\/div>\n<\/div>\n<div class=\"section main-slide\" style=\"background-image: url('https:\/\/glasso.ua\/wp-content\/uploads\/2020\/07\/slide-1.jpg');\">\n<div class=\"grid-wrap\">\n<div class=\"grid-line grid-line-1\"><\/div>\n<div class=\"grid-line grid-line-2\"><\/div>\n<div class=\"grid-line grid-line-3\"><\/div>\n<div class=\"grid-line grid-line-4\"><\/div>\n<div class=\"grid-line grid-line-5\"><\/div>\n<div class=\"grid-line grid-line-6\"><\/div>\n<div class=\"grid-line grid-line-7\"><\/div>\n<\/div>\n<div class=\"main-slide__inner\">\n<div class=\"main-slide__title\">Kunststoff-Fenster\u00a0<\/div>\n<div class=\"main-slide__content\">Gro\u00dfe Fenster verwischen die Grenzen des Raumes und erweitern ihn optisch, und das nat\u00fcrliche Licht und die Leichtigkeit der Glasformen sind Trends in der architektonischen Welt, die niemals an Relevanz verlieren werden.<\/div>\n<\/div>\n<div class=\"main-slide__action\"><a class=\"slide-btn slide-btn__go\" href=\"\/plastykovye-okna\/\">NACH DEM ABSCHNITT GEHEN<\/a><\/div>\n<\/div>\n<div class=\"section main-slide\" style=\"background-image: url('https:\/\/glasso.ua\/wp-content\/themes\/glasso\/assets\/img\/slide-5.jpg');\">\n<div class=\"grid-wrap\">\n<div class=\"grid-line grid-line-1\"><\/div>\n<div class=\"grid-line grid-line-2\"><\/div>\n<div class=\"grid-line grid-line-3\"><\/div>\n<div class=\"grid-line grid-line-4\"><\/div>\n<div class=\"grid-line grid-line-5\"><\/div>\n<div class=\"grid-line grid-line-6\"><\/div>\n<div class=\"grid-line grid-line-7\"><\/div>\n<\/div>\n<div class=\"main-slide__inner\">\n<div class=\"main-slide__title\">Schiebesysteme<\/div>\n<div class=\"main-slide__content\">Premium-Systeme f\u00fcr thermoisolierte Schiebet\u00fcren und Hebe- und Schiebet\u00fcren. Sie sind so konzipiert, dass sie m\u00f6glichst gro\u00dfe verglaste Oberfl\u00e4chen mit h\u00f6herem Komfort schaffen.<\/div>\n<\/div>\n<div class=\"main-slide__action\"><a class=\"slide-btn slide-btn__go\" href=\"\/razdvyzhdnue-systemu\/\">NACH DEM ABSCHNITT GEHEN<\/a><\/div>\n<\/div>\n<div class=\"section main-slide\" style=\"background-image: url('https:\/\/glasso.ua\/wp-content\/themes\/glasso\/assets\/img\/slide-4.jpg');\">\n<div class=\"grid-wrap\">\n<div class=\"grid-line grid-line-1\"><\/div>\n<div class=\"grid-line grid-line-2\"><\/div>\n<div class=\"grid-line grid-line-3\"><\/div>\n<div class=\"grid-line grid-line-4\"><\/div>\n<div class=\"grid-line grid-line-5\"><\/div>\n<div class=\"grid-line grid-line-6\"><\/div>\n<div class=\"grid-line grid-line-7\"><\/div>\n<\/div>\n<div class=\"main-slide__inner\">\n<div class=\"main-slide__title\">Aluminium-Trennw\u00e4nde<\/div>\n<div class=\"main-slide__content\">Mit Trennw\u00e4nden k\u00f6nnen Sie Arbeits-, Handels- und Wohnr\u00e4ume so gut wie m\u00f6glich und bequem organisieren, w\u00e4hrend die Installation von Strukturen eine kurze Zeit erfordert und keine Reparaturarbeiten oder Sanierungen erforderlich sind.<\/div>\n<\/div>\n<div class=\"main-slide__action\"><a class=\"slide-btn slide-btn__go\" href=\"\/vnutrennye-peregorodky\/\">NACH DEM ABSCHNITT GEHEN<\/a><\/div>\n<\/div>\n<div class=\"section main-slide\" style=\"background-image: url('https:\/\/glasso.ua\/wp-content\/themes\/glasso\/assets\/img\/slide-7.jpg');\">\n<div class=\"grid-wrap\">\n<div class=\"grid-line grid-line-1\"><\/div>\n<div class=\"grid-line grid-line-2\"><\/div>\n<div class=\"grid-line grid-line-3\"><\/div>\n<div class=\"grid-line grid-line-4\"><\/div>\n<div class=\"grid-line grid-line-5\"><\/div>\n<div class=\"grid-line grid-line-6\"><\/div>\n<div class=\"grid-line grid-line-7\"><\/div>\n<\/div>\n<div class=\"main-slide__inner\">\n<div class=\"main-slide__title\">Hinterl\u00fcftete Fassaden<\/div>\n<div class=\"main-slide__content\">Aufklappbare bel\u00fcftete Fassaden k\u00f6nnen sowohl bei Neubauten als auch bei Renovierungs- oder \u00dcberholungsarbeiten installiert werden. Wir produzieren hochwertige ABF, die f\u00fcr die Verkleidung von Geb\u00e4uden mit verschiedenen Materialien verwendet werden.<\/div>\n<\/div>\n<div class=\"main-slide__action\"><a class=\"slide-btn slide-btn__go\" href=\"\/keramogranit\/\">NACH DEM ABSCHNITT GEHEN<\/a><\/div>\n<\/div>\n<p><\/p>","protected":false},"excerpt":{"rendered":"<p>Komplexe Verglasung von Objekten Wir verglasen Wohnh\u00e4user, Verwaltungs- und Gesch\u00e4ftsobjekte. Wir f\u00fchren auch die Verglasung von Industrie- und Produktionsr\u00e4umen durch. Unsere Wettbewerbsvorteile: mehr als 20 [&hellip;]<\/p>\n","protected":false},"author":1,"featured_media":0,"parent":0,"menu_order":0,"comment_status":"closed","ping_status":"closed","template":"page-main.php","meta":[],"aioseo_notices":[],"_links":{"self":[{"href":"https:\/\/glasso.ua\/de\/wp-json\/wp\/v2\/pages\/6"}],"collection":[{"href":"https:\/\/glasso.ua\/de\/wp-json\/wp\/v2\/pages"}],"about":[{"href":"https:\/\/glasso.ua\/de\/wp-json\/wp\/v2\/types\/page"}],"author":[{"embeddable":true,"href":"https:\/\/glasso.ua\/de\/wp-json\/wp\/v2\/users\/1"}],"replies":[{"embeddable":true,"href":"https:\/\/glasso.ua\/de\/wp-json\/wp\/v2\/comments?post=6"}],"version-history":[{"count":0,"href":"https:\/\/glasso.ua\/de\/wp-json\/wp\/v2\/pages\/6\/revisions"}],"wp:attachment":[{"href":"https:\/\/glasso.ua\/de\/wp-json\/wp\/v2\/media?parent=6"}],"curies":[{"name":"wp","href":"https:\/\/api.w.org\/{rel}","templated":true}]}}