{"id":384,"date":"2020-02-13T16:52:44","date_gmt":"2020-02-13T16:52:44","guid":{"rendered":"https:\/\/glasso.ua\/?page_id=384"},"modified":"2023-08-12T20:53:40","modified_gmt":"2023-08-12T20:53:40","slug":"bezramnoe-osteklenye","status":"publish","type":"page","link":"https:\/\/glasso.ua\/de\/bezramnoe-osteklenye\/","title":{"rendered":"Rahmenlose Verglasung von Terrassen"},"content":{"rendered":"<p><\/p>\n<div class=\"animation-box-10\">\n<div class=\"ab10-inner flex-block flex-wrap\">\n<div class=\"ab10-col-left\">\n<div class=\"ab10-inner--title\">Rahmenlose Verglasung-ein Gef\u00fchl von Leichtigkeit und Ger\u00e4umigkeit<\/div>\n<div class=\"ab10-col__text\">\n<p> Die rahmenlose Technologie ist im modernen Bau sehr beliebt. Das Fehlen von Rahmen erzeugt die Illusion einer vollst\u00e4ndigen Einheit mit dem umgebenden Raum, w\u00e4hrend das Design vor Wind und Niederschlag sch\u00fctzt und unter komfortablen Bedingungen einen Panoramablick erm\u00f6glicht. Die Technologie ist sowohl f\u00fcr die Verglasung von Balkonen und Loggien als auch f\u00fcr gr\u00f6\u00dfere \u00d6ffnungen geeignet, sodass transparente W\u00e4nde in Caf\u00e9s und Restaurants oder auf Terrassen von Privath\u00e4usern entstehen k\u00f6nnen. <\/p>\n<\/div>\n<div class=\"ab10-inner--subtitle\">Vorteile der rahmenlosen Verglasung: <\/div>\n<ul>\n<li> erzeugt die Illusion einer ganzen Glaswand; <\/li>\n<li> die M\u00f6glichkeit, verschiedene \u00d6ffnungssysteme zu verwenden; <\/li>\n<li> Schutz vor unangenehmen Witterungseinfl\u00fcssen, Ger\u00e4uschreduzierung; <\/li>\n<li> stilvolles, modernes Design;<\/li>\n<li> st\u00e4rke und Zuverl\u00e4ssigkeit der verwendeten Materialien. <\/li>\n<\/ul>\n<\/div>\n<div class=\"ab10-col-right\">\n<div class=\"ab10-col__inner\">\n<div class=\"ab10-col__img\" data-aos=\"fade-up\"><img src=\"\/wp-content\/uploads\/2020\/04\/frameless-glazing-1.jpg\" alt=\"Rahmenlose Verglasung von Terrassen\"> <\/div>\n<\/div>\n<\/div>\n<\/div>\n<\/div>\n<div class=\"parallax-box\"><img src=\"\/wp-content\/uploads\/2020\/04\/frameless-glazing-2.jpg\" data-speed=\"1\" alt=\"Rahmenlose Verglasung von Terrassen\"><\/div>\n<div class=\"animation-box-11\">\n<div class=\"ab11-inner\">\n<div class=\"ab11-row clearfix\">\n<div class=\"ab11-col\">\n<div class=\"ab11-inner--subtitle\"> CLAROFLEX-System <\/div>\n<p> Das System erm\u00f6glicht die freie Bewegung der Glasscheiben in den F\u00fchrungsschienen mit speziellen Rollenschlitten. Bei Bedarf werden die Glasabschnitte zur Seite geschoben und nach dem Typ \u00abBuch\u00bb gefaltet, wodurch das Loch vollst\u00e4ndig ge\u00f6ffnet wird, ohne viel Platz zu beanspruchen. Beim Schlie\u00dfen der Fl\u00fcgel wird das System verriegelt, was neben der Verwendung von schwerem, geh\u00e4rtetem Glas eine angemessene Sicherheit gew\u00e4hrleistet. <\/p>\n<\/div>\n<div class=\"ab11-col\">\n<div class=\"ab11-inner--subtitle\"> SLIDING SLIM System <\/div>\n<p> Ein Niederspannungssystem, das eine Belastung des Bodens der Struktur voraussetzt, was im Gegensatz zu Oberfederungssystemen Unabh\u00e4ngigkeit von der Tragkraft der Struktur gew\u00e4hrleistet. Es setzt eine Art Verbindung der Fl\u00fcgel voraus, die die Bewegung jedes von ihnen von anderen abh\u00e4ngig macht. Die Verlagerung der Fl\u00fcgel erfolgt parallel zur Ebene. Wenn Sie den ersten von ihnen \u00f6ffnen, \u00e4ndert sich auch die Position aller anderen. <\/p>\n<\/div>\n<\/div>\n<\/div>\n<\/div>\n<div class=\"animation-box-10\">\n<div class=\"ab10-inner flex-block flex-wrap\">\n<div class=\"ab10-col-left\">\n<div class=\"ab10-inner--subtitle\">Eine breite Palette von architektonischen und Designl\u00f6sungen: <\/div>\n<ul>\n<li> rahmenlose Verglasung erm\u00f6glicht eine \u00d6ffnung von bis zu 80% der Fl\u00e4che; <\/li>\n<li> die Verwendung von Fl\u00fcgeln mit einem Gewicht von bis zu 80 kg und einer H\u00f6he von bis zu 3000 mm ist zul\u00e4ssig; <\/li>\n<li> Verwendung von eloxierten Profilen mit hohen \u00e4sthetischen Eigenschaften (silberne Farbe und Seidentextur der Oberfl\u00e4che); <\/li>\n<li> die Profile k\u00f6nnen bei Bedarf in jeder Farbe neu gestrichen werden, die dem Design entspricht; <\/li>\n<li>der Spalt zwischen den Scheiben wird durch eine spezielle Dichtung \u00fcberdeckt, die Schutz vor Regen und Wind bietet, ohne das Aussehen der Verglasung zu beeintr\u00e4chtigen.<\/li>\n<\/ul>\n<\/div>\n<div class=\"ab10-col-right\">\n<div class=\"ab10-col__inner\">\n<div class=\"ab10-col__img\" data-aos=\"fade-up\"><img src=\"\/wp-content\/uploads\/2020\/04\/frameless-glazing-3.jpg\" alt=\"Rahmenlose Verglasung von Terrassen\"><\/div>\n<\/div>\n<\/div>\n<\/div>\n<\/div>\n<div class=\"parallax-box\"><img src=\"\/wp-content\/uploads\/2020\/04\/frameless-glazing-4.jpg\" data-speed=\"1\" alt=\"Rahmenlose Verglasung von Terrassen\"><\/div>\n<div class=\"animation-box-11\">\n<div class=\"ab11-inner\">\n<div class=\"ab11-row clearfix\">\n<div class=\"ab11-col\">\n<div class=\"ab11-inner--title\"> GLASSO Service &#8211; 5 Jahre Lebensdauergarantie <\/div>\n<\/div>\n<div class=\"ab11-col\">\n<p> Die Spezialisten des Unternehmens bieten professionelle Dienstleistungen f\u00fcr die Installation von rahmenlosen Verglasungen und deren weitere Wartung an, die die Funktionalit\u00e4t der Systeme w\u00e4hrend ihrer gesamten Lebensdauer aufrechterhalten. Das Unternehmen gew\u00e4hrt 5 Jahre Garantie f\u00fcr die Systeme. <\/p>\n<\/div>\n<\/div>\n<\/div>\n<\/div>\n<div class=\"gallery-box\">\n<div class=\"gallery-item--50\" data-aos=\"fade-up\"><img src=\"\/wp-content\/uploads\/2020\/04\/frameless-glazing-5.jpg\" alt=\"Rahmenlose Verglasung von Terrassen\"><\/div>\n<div class=\"gallery-item--50\" data-aos=\"fade-up\"><img src=\"\/wp-content\/uploads\/2020\/04\/frameless-glazing-6.jpg\" alt=\"Rahmenlose Verglasung von Terrassen\"><\/div>\n<\/div>\n<div class=\"gallery-box\">\n<div class=\"gallery-item--100\" data-aos=\"fade-up\"><img src=\"\/wp-content\/uploads\/2020\/04\/frameless-glazing-7.jpg\" alt=\"Rahmenlose Verglasung von Terrassen\"><\/div>\n<\/div>\n<p><\/p>","protected":false},"excerpt":{"rendered":"<p>Rahmenlose Verglasung-ein Gef\u00fchl von Leichtigkeit und Ger\u00e4umigkeit Die rahmenlose Technologie ist im modernen Bau sehr beliebt. Das Fehlen von Rahmen erzeugt die Illusion einer vollst\u00e4ndigen [&hellip;]<\/p>\n","protected":false},"author":1,"featured_media":0,"parent":0,"menu_order":0,"comment_status":"closed","ping_status":"closed","template":"page-doors.php","meta":[],"aioseo_notices":[],"_links":{"self":[{"href":"https:\/\/glasso.ua\/de\/wp-json\/wp\/v2\/pages\/384"}],"collection":[{"href":"https:\/\/glasso.ua\/de\/wp-json\/wp\/v2\/pages"}],"about":[{"href":"https:\/\/glasso.ua\/de\/wp-json\/wp\/v2\/types\/page"}],"author":[{"embeddable":true,"href":"https:\/\/glasso.ua\/de\/wp-json\/wp\/v2\/users\/1"}],"replies":[{"embeddable":true,"href":"https:\/\/glasso.ua\/de\/wp-json\/wp\/v2\/comments?post=384"}],"version-history":[{"count":0,"href":"https:\/\/glasso.ua\/de\/wp-json\/wp\/v2\/pages\/384\/revisions"}],"wp:attachment":[{"href":"https:\/\/glasso.ua\/de\/wp-json\/wp\/v2\/media?parent=384"}],"curies":[{"name":"wp","href":"https:\/\/api.w.org\/{rel}","templated":true}]}}