{"id":378,"date":"2020-02-13T16:51:35","date_gmt":"2020-02-13T16:51:35","guid":{"rendered":"https:\/\/glasso.ua\/?page_id=378"},"modified":"2024-09-24T15:36:27","modified_gmt":"2024-09-24T15:36:27","slug":"steklyannye-peregorodki","status":"publish","type":"page","link":"https:\/\/glasso.ua\/de\/steklyannye-peregorodki\/","title":{"rendered":"Glas-Trennw\u00e4nde"},"content":{"rendered":"<p><\/p>\n<div class=\"animation-box-10\">\n<div class=\"ab10-inner flex-block flex-wrap\">\n<div class=\"ab10-col-left\">\n<div class=\"ab10-inner--title\">Transparente und platzsparende<\/div>\n<div class=\"ab10-col__text\">\n<p> Glastrennw\u00e4nde sind die beste moderne L\u00f6sung f\u00fcr die Trennung von B\u00fcrofl\u00e4chen. Die Verwendung mobiler Glaskonstruktionen ist bequem und sicher. Mit ihrer Hilfe k\u00f6nnen Sie die Zonierung so schnell wie m\u00f6glich durchf\u00fchren, um bestimmte Aufgaben zu l\u00f6sen. <\/p>\n<p> Die Glastrennw\u00e4nde sind umweltfreundlich und haben hervorragende \u00e4sthetische Eigenschaften. Sie sind exquisit, f\u00fcllen den Raum mit einer Atmosph\u00e4re von Frische und Ger\u00e4umigkeit. Bei Verwendung von dekorativen Eins\u00e4tzen (die individuell bestellt werden k\u00f6nnen) werden Trennw\u00e4nde eine spektakul\u00e4re Erg\u00e4nzung des Interieurs sein und seine Individualit\u00e4t unterstreichen. <\/p>\n<\/div>\n<div class=\"ab10-inner--subtitle\">Vorteile von GLASSO-Trennw\u00e4nden: <\/div>\n<ul>\n<li>ohne Rahmen gibt es einen vollen Transparenzeffekt; <\/li>\n<li>dickes Glas (10-19mm) ist absolut sicher im Betrieb; <\/li>\n<li>elegantes Design; <\/li>\n<li>einfache Installation. <\/li>\n<\/ul>\n<\/div>\n<div class=\"ab10-col-right\">\n<div class=\"ab10-col__inner\">\n<div class=\"ab10-col__img\" data-aos=\"fade-up\"><img src=\"\/wp-content\/uploads\/2020\/04\/glass-partitions1.jpg\" alt=\"Glas-Trennw\u00e4nde\"> <\/div>\n<\/div>\n<\/div>\n<\/div>\n<\/div>\n<div class=\"parallax-box\"><img src=\"\/wp-content\/uploads\/2020\/04\/glass-partitions2.jpg\" data-speed=\"1\" alt=\"\u0441\u043a\u043b\u044f\u043d\u0430 \u043f\u0435\u0440\u0435\u0433\u043e\u0440\u043e\u0434\u043a\u0430\"><\/div>\n<div class=\"animation-box-11\">\n<div class=\"ab11-inner\">\n<div class=\"ab11-row clearfix\">\n<div class=\"ab11-col\">\n<div class=\"ab11-inner--subtitle\"> Einzelauftrag <\/div>\n<p> Damit die Trennw\u00e4nde den spezifischen Anforderungen vollst\u00e4ndig entsprechen, werden sie nach vorheriger Durchf\u00fchrung der Messungen und der Erstellung des Projekts &#8222;auf Bestellung&#8220; hergestellt. Alle Arbeiten zur Schaffung von Trennw\u00e4nden werden von GLASSO-Spezialisten in eigener spezialisierter Produktion durchgef\u00fchrt. <\/p>\n<\/div>\n<div class=\"ab11-col\">\n<div class=\"ab11-inner--subtitle\"> Zweckbestimmung <\/div>\n<p> Glasw\u00e4nde sind so konzipiert, dass sie den Raum in Zonen aufteilen, was den Effekt der H\u00e4ufung ausschlie\u00dft. Sie werden in B\u00fcros, Gesch\u00e4ftszentren und Verwaltungsgeb\u00e4uden, Einkaufszentren und Showrooms verwendet, um einzelne B\u00fcros, Besprechungsr\u00e4ume, Verkaufsabteilungen usw. hervorzuheben. <\/p>\n<\/div>\n<\/div>\n<\/div>\n<\/div>\n<div class=\"animation-box-10\">\n<div class=\"ab10-inner flex-block flex-wrap\">\n<div class=\"ab10-col-left\">\n<div class=\"ab10-inner--subtitle\">Unbegrenzte M\u00f6glichkeiten f\u00fcr Designl\u00f6sungen: <\/div>\n<ul>\n<li>Durchf\u00fchrung der Zonierung ohne Bauarbeiten und M\u00fcll; <\/li>\n<li>verschiedene Arten nach \u00d6ffnungsart (blind, Schiebe-, schwenkbar, teleskopisch, mit automatischem \u00d6ffnungsmechanismus) und deren Formen (gerade, radiusf\u00f6rmig); <\/li>\n<li> eine Vielzahl von Glasarten: transparent und superleuchtend, matt und poliert, mit Farbfilm behandelt und mit Mustern ausgestattet, geh\u00e4rtetes Glas-Triplex usw. <\/li>\n<li> verschiedene Arten von Beschl\u00e4gen (polierter oder geschliffener Stahl, eloxiertes Aluminium, goldbeschichtet oder in jeder Farbe lackiert), wodurch eine L\u00f6sung gefunden werden kann, die dem Stil des Innenraums am besten entspricht. <\/li>\n<\/ul>\n<\/div>\n<div class=\"ab10-col-right\">\n<div class=\"ab10-col__inner\">\n<div class=\"ab10-col__img\" data-aos=\"fade-up\"><img src=\"\/wp-content\/uploads\/2020\/04\/glass-partitions3.jpg\" alt=\"Glas-Trennw\u00e4nde\"><\/div>\n<\/div>\n<\/div>\n<\/div>\n<\/div>\n<div class=\"parallax-box\"><img src=\"\/wp-content\/uploads\/2020\/04\/glass-partitions4.jpg\" data-speed=\"1\" alt=\"Glas-Trennw\u00e4nde\"><\/div>\n<div class=\"animation-box-11\">\n<div class=\"ab11-inner\">\n<div class=\"ab11-row clearfix\">\n<div class=\"ab11-col\">\n<div class=\"ab11-inner--title\"> GLASSO Service &#8211; 5 Jahre Lebensdauergarantie <\/div>\n<\/div>\n<div class=\"ab11-col\">\n<p> Das Unternehmen bietet Dienstleistungen f\u00fcr die Wartung der installierten Strukturen und deren Reparatur an. Die Zuverl\u00e4ssigkeit der Systeme erm\u00f6glicht es uns, eine Garantie von 5 Jahren zu gew\u00e4hren, obwohl sie viel l\u00e4nger dauern. <\/p>\n<\/div>\n<\/div>\n<\/div>\n<\/div>\n<div class=\"gallery-box\">\n<div class=\"gallery-item--50\" data-aos=\"fade-up\"><img src=\"\/wp-content\/uploads\/2020\/04\/glass-partitions5.jpg\" alt=\"Glas-Trennw\u00e4nde\"><\/div>\n<div class=\"gallery-item--50\" data-aos=\"fade-up\"><img src=\"\/wp-content\/uploads\/2020\/04\/glass-partitions6.jpg\" alt=\"Glas-Trennw\u00e4nde\"><\/div>\n<\/div>\n<div class=\"gallery-box\">\n<div class=\"gallery-item--100\" data-aos=\"fade-up\"><img src=\"\/wp-content\/uploads\/2020\/04\/glass-partitions7.jpg\" alt=\"Glas-Trennw\u00e4nde\"><\/div>\n<\/div>\n<p><\/p>","protected":false},"excerpt":{"rendered":"<p>Transparente und platzsparende Glastrennw\u00e4nde sind die beste moderne L\u00f6sung f\u00fcr die Trennung von B\u00fcrofl\u00e4chen. Die Verwendung mobiler Glaskonstruktionen ist bequem und sicher. Mit ihrer Hilfe [&hellip;]<\/p>\n","protected":false},"author":1,"featured_media":0,"parent":0,"menu_order":0,"comment_status":"closed","ping_status":"closed","template":"page-doors.php","meta":[],"aioseo_notices":[],"_links":{"self":[{"href":"https:\/\/glasso.ua\/de\/wp-json\/wp\/v2\/pages\/378"}],"collection":[{"href":"https:\/\/glasso.ua\/de\/wp-json\/wp\/v2\/pages"}],"about":[{"href":"https:\/\/glasso.ua\/de\/wp-json\/wp\/v2\/types\/page"}],"author":[{"embeddable":true,"href":"https:\/\/glasso.ua\/de\/wp-json\/wp\/v2\/users\/1"}],"replies":[{"embeddable":true,"href":"https:\/\/glasso.ua\/de\/wp-json\/wp\/v2\/comments?post=378"}],"version-history":[{"count":0,"href":"https:\/\/glasso.ua\/de\/wp-json\/wp\/v2\/pages\/378\/revisions"}],"wp:attachment":[{"href":"https:\/\/glasso.ua\/de\/wp-json\/wp\/v2\/media?parent=378"}],"curies":[{"name":"wp","href":"https:\/\/api.w.org\/{rel}","templated":true}]}}