{"id":357,"date":"2020-02-13T16:41:56","date_gmt":"2020-02-13T16:41:56","guid":{"rendered":"https:\/\/glasso.ua\/?page_id=357"},"modified":"2023-08-20T19:27:06","modified_gmt":"2023-08-20T19:27:06","slug":"hpl-panely","status":"publish","type":"page","link":"https:\/\/glasso.ua\/de\/hpl-panely\/","title":{"rendered":"HPL-Fassadenpaneele"},"content":{"rendered":"<p><\/p>\n<div class=\"ab9-col__text\">\n<p>Die HPL-Paneele haben eine maximale Best\u00e4ndigkeit gegen Temperaturschwankungen f\u00fcr Verkleidungsmaterialien und k\u00f6nnen Schwankungen von -60\u00b0C bis + 80\u00b0C standhalten. Die HPL-Paneele haben eine versiegelte Oberfl\u00e4che, die wartungsfrei ist. Die Paneele lassen sich nach der Verarbeitung leicht anpassen: Sie k\u00f6nnen perforiert, gebogen und digital gedruckt werden. Heute legen die Hersteller auf dem Markt f\u00fcr Fassaden- und Innenausbaumaterialien Wert auf Qualit\u00e4t, Umweltfreundlichkeit und Langlebigkeit ihrer Materialien. All diese Eigenschaften kombinieren HPL-Paneele.\n<\/p>\n<\/div>\n<div class=\"ab9-col__row flex-block flex-wrap\">\n<div class=\"ab9-col__item\">\n<div class=\"ab9-col__table\">\n<div class=\"ab9-col__table-row\">\n<div class=\"ab9-col__table-cell-1\"><img class=\"facade-icon\" src=\"\/wp-content\/themes\/glasso\/assets\/img\/facade-icon-1.svg\" \/><\/div>\n<div class=\"ab9-col__table-cell-2\">Umweltfreundliches und zeitloses Material<\/div>\n<\/div>\n<\/div>\n<\/div>\n<div class=\"ab9-col__item\">\n<div class=\"ab9-col__table\">\n<div class=\"ab9-col__table-row\">\n<div class=\"ab9-col__table-cell-1\"><img class=\"facade-icon\" src=\"\/wp-content\/themes\/glasso\/assets\/img\/facade-icon-2.svg\" \/><\/div>\n<div class=\"ab9-col__table-cell-2\">in der Sonne nicht verbleichen<\/div>\n<\/div>\n<\/div>\n<\/div>\n<div class=\"ab9-col__item\">\n<div class=\"ab9-col__table\">\n<div class=\"ab9-col__table-row\">\n<div class=\"ab9-col__table-cell-1\"><img class=\"facade-icon\" src=\"\/wp-content\/themes\/glasso\/assets\/img\/facade-icon-3.svg\" \/><\/div>\n<div class=\"ab9-col__table-cell-2\">Keine besondere Pflege erforderlich<\/div>\n<\/div>\n<\/div>\n<\/div>\n<div class=\"ab9-col__item\">\n<div class=\"ab9-col__table\">\n<div class=\"ab9-col__table-row\">\n<div class=\"ab9-col__table-cell-1\"><img class=\"facade-icon\" src=\"\/wp-content\/themes\/glasso\/assets\/img\/facade-icon-4.svg\" \/><\/div>\n<div class=\"ab9-col__table-cell-2\">Bestehen aus feuerfesten Materialien<\/div>\n<\/div>\n<\/div>\n<\/div>\n<div class=\"ab9-col__item\">\n<div class=\"ab9-col__table\">\n<div class=\"ab9-col__table-row\">\n<div class=\"ab9-col__table-cell-1\"><img class=\"facade-icon\" src=\"\/wp-content\/themes\/glasso\/assets\/img\/facade-icon-5.svg\" \/><\/div>\n<div class=\"ab9-col__table-cell-2\">Widerstehen starken Temperaturschwankungen<\/div>\n<\/div>\n<\/div>\n<\/div>\n<\/div>\n<p><\/p>","protected":false},"excerpt":{"rendered":"<p>Die HPL-Paneele haben eine maximale Best\u00e4ndigkeit gegen Temperaturschwankungen f\u00fcr Verkleidungsmaterialien und k\u00f6nnen Schwankungen von -60\u00b0C bis + 80\u00b0C standhalten. Die HPL-Paneele haben eine versiegelte Oberfl\u00e4che, [&hellip;]<\/p>\n","protected":false},"author":1,"featured_media":0,"parent":0,"menu_order":0,"comment_status":"closed","ping_status":"closed","template":"page-facade.php","meta":[],"aioseo_notices":[],"_links":{"self":[{"href":"https:\/\/glasso.ua\/de\/wp-json\/wp\/v2\/pages\/357"}],"collection":[{"href":"https:\/\/glasso.ua\/de\/wp-json\/wp\/v2\/pages"}],"about":[{"href":"https:\/\/glasso.ua\/de\/wp-json\/wp\/v2\/types\/page"}],"author":[{"embeddable":true,"href":"https:\/\/glasso.ua\/de\/wp-json\/wp\/v2\/users\/1"}],"replies":[{"embeddable":true,"href":"https:\/\/glasso.ua\/de\/wp-json\/wp\/v2\/comments?post=357"}],"version-history":[{"count":0,"href":"https:\/\/glasso.ua\/de\/wp-json\/wp\/v2\/pages\/357\/revisions"}],"wp:attachment":[{"href":"https:\/\/glasso.ua\/de\/wp-json\/wp\/v2\/media?parent=357"}],"curies":[{"name":"wp","href":"https:\/\/api.w.org\/{rel}","templated":true}]}}