{"id":3562,"date":"2020-10-13T16:31:15","date_gmt":"2020-10-13T16:31:15","guid":{"rendered":"https:\/\/glasso.ua\/?page_id=3562"},"modified":"2026-03-18T11:18:31","modified_gmt":"2026-03-18T11:18:31","slug":"privacy-policy","status":"publish","type":"page","link":"https:\/\/glasso.ua\/de\/privacy-policy\/","title":{"rendered":"Datenschutzerkl\u00e4rung"},"content":{"rendered":"<p>Mit dieser Datenschutzerkl\u00e4rung kl\u00e4ren wir Sie als f\u00fcr die Datenverarbeitung Verantwortliche gem\u00e4\u00df den Vorgaben der Verordnung (EU) 2016\/679 (Datenschutz-Grundverordnung &#8211; DS-GVO) \u00fcber Art, Umfang und Zweck der Verarbeitung personenbezogener Daten im Zusammenhang mit unserem Internetangebot auf.<\/p>\n<ol>\n<li>\n<h2>Begriffsbestimmungen<\/h2>\n<ol>\n<li>&#8218;Personenbezogene Daten&#8216; sind alle Informationen, die sich auf eine identifizierte oder identifizierbare nat\u00fcrliche Person beziehen; als identifizierbar wird eine nat\u00fcrliche Person angesehen, die direkt oder indirekt, insbesondere mittels Zuordnung zu einer Kennung wie einem Namen, zu einer Kennnummer, zu Standortdaten, zu einer Online-Kennung oder zu einem oder mehreren besonderen Merkmalen identifiziert werden kann, die Ausdruck der physischen, physiologischen, genetischen, psychischen, wirtschaftlichen, kulturellen oder sozialen Identit\u00e4t dieser nat\u00fcrlichen Person sind;<\/li>\n<li>&#8218;Verarbeitung&#8216; ist jeder mit oder ohne Hilfe automatisierter Verfahren ausgef\u00fchrten Vorgang oder jede solche Vorgangsreihe im Zusammenhang mit personenbezogenen Daten wie das Erheben, das Erfassen, die Organisation, das Ordnen, die Speicherung, die Anpassung oder Ver\u00e4nderung, das Auslesen, das Abfragen, die Verwendung, die Offenlegung durch \u00dcbermittlung, Verbreitung oder eine andere Form der Bereitstellung, den Abgleich oder die Verkn\u00fcpfung, die Einschr\u00e4nkung, das L\u00f6schen oder die Vernichtung;<\/li>\n<li>&#8218;Verantwortlicher&#8216; ist die nat\u00fcrliche oder juristische Person, Beh\u00f6rde, Einrichtung oder andere Stelle, die allein oder gemeinsam mit anderen \u00fcber die Zwecke und Mittel der Verarbeitung von personenbezogenen Daten entscheidet; sind die Zwecke und Mittel dieser Verarbeitung durch das Unionsrecht oder das Recht der Mitgliedstaaten vorgegeben, so k\u00f6nnen der Verantwortliche beziehungsweise die bestimmten Kriterien seiner Benennung nach dem Unionsrecht oder dem Recht der Mitgliedstaaten vorgesehen werden;<\/li>\n<li>&#8218;Empf\u00e4nger&#8216; ist eine nat\u00fcrliche oder juristische Person, Beh\u00f6rde, Einrichtung oder andere Stelle, denen personenbezogene Daten offengelegt werden, unabh\u00e4ngig davon, ob es sich bei ihr um einen Dritten handelt oder nicht. Beh\u00f6rden, die im Rahmen eines bestimmten Untersuchungsauftrags nach dem Unionsrecht oder dem Recht der Mitgliedstaaten m\u00f6glicherweise personenbezogene Daten erhalten, gelten jedoch nicht als Empf\u00e4nger; die Verarbeitung dieser Daten durch die genannten Beh\u00f6rden erfolgt im Einklang mit den geltenden Datenschutzvorschriften gem\u00e4\u00df den Zwecken der Verarbeitung;<\/li>\n<li>Allgemeine Informationen<\/li>\n<li>Verantwortlicher f\u00fcr die Datenverarbeitung<\/li>\n<\/ol>\n<\/li>\n<\/ol>\n<p>Glasso GmbH<br \/>\nZietenstra\u00dfe 52<br \/>\n40476 D\u00fcsseldorf<br \/>\nDeutschland<br \/>\nE-Mail: <a href=\"mailto:glassode@icloud.com\">glassode@icloud.com<\/a><\/p>\n<ol start=\"2\">\n<li>\n<h2>Kontaktdaten des betrieblichen Datenschutzbeauftragten<\/h2>\n<\/li>\n<\/ol>\n<p>Ein betrieblicher Datenschutzbeauftragter ist nicht bestellt, da keine gesetzliche Verpflichtung hierzu besteht.<\/p>\n<p>Bei Fragen zum Datenschutz wenden Sie sich bitte an:<\/p>\n<p>Glasso GmbH<br \/>\nZietenstra\u00dfe 52<br \/>\n40476 D\u00fcsseldorf<br \/>\nDeutschland<br \/>\nE-Mail: <a href=\"mailto:glassode@icloud.com\">glassode@icloud.com<\/a><\/p>\n<ol start=\"3\">\n<li>\n<h2>Rechtsgrundlagen<\/h2>\n<\/li>\n<\/ol>\n<p>Wir verarbeiten personenbezogene Daten auf Basis mindestens einer der folgenden Rechtsgrundlagen:<\/p>\n<ul>\n<li>Einwilligung der betroffenen Person in der Verarbeitung der sie betreffenden personenbezogenen Daten f\u00fcr einen oder mehrere bestimmte Zwecke (Art. 6 Abs. 1 S. 1 lit. a DS-GVO);<\/li>\n<li>Erf\u00fcllung eines Vertrags mit der betroffenen Person oder zur Durchf\u00fchrung vorvertraglicher Ma\u00dfnahmen, die auf Anfrage der betroffenen Person erfolgen (Art. 6 Abs. 1 S. 1 lit. b DS-GVO);<\/li>\n<li>Erf\u00fcllung einer rechtlichen Verpflichtung, der wir unterliegen (Art. 6 Abs. 1 S. 1 lit. c DS-GVO);<\/li>\n<li>Schutz lebenswichtiger Interessen der betroffenen Person oder einer anderen nat\u00fcrlichen Person zu sch\u00fctzen (Art. 6 Abs. 1 S. 1 lit. d DS-GVO);<\/li>\n<li>Wahrung unserer berechtigten Interessen oder denen eines Dritten (Art. 6 Abs. 1 S. 1 lit. f DS-GVO)<\/li>\n<\/ul>\n<p>In dieser Datenschutzerkl\u00e4rung weisen wir nachfolgend auf die jeweilige Rechtsgrundlage einzelner Verarbeitungsvorg\u00e4nge hin.<\/p>\n<ol start=\"4\">\n<li>\n<h2>Weitergabe von Daten an Empf\u00e4nger<\/h2>\n<\/li>\n<\/ol>\n<p>Wir geben personenbezogene Daten an Empf\u00e4nger (Auftragsverarbeiter oder sonstige Dritte) nur im erforderlichen Umfang und nur unter einer der folgenden Voraussetzungen weiter:<\/p>\n<ul>\n<li>Die betroffene Person hat in die Weitergabe eingewilligt;<\/li>\n<li>Die Weitergabe dient der Erf\u00fcllung vertraglicher Pflichten oder vorvertraglicher Ma\u00dfnahmen auf Veranlassung der betroffenen Person;<\/li>\n<li>Wir sind zur Weitergabe rechtlich verpflichtet;<\/li>\n<li>Die Weitergabe erfolgt aufgrund berechtigter Interessen von uns oder eines Dritten.<\/li>\n<\/ul>\n<ol start=\"5\">\n<li>\n<h2>Drittl\u00e4nder<\/h2>\n<\/li>\n<\/ol>\n<p>Die \u00dcbermittlung personenbezogener Daten in ein Land oder eine internationale Organisation au\u00dferhalb der Europ\u00e4ischen Union (EU) oder des Europ\u00e4ischen Wirtschaftsraums (EWR) erfolgt vorbehaltlich gesetzlicher oder vertraglicher Erlaubnisse nur nach den Voraussetzungen nach Art. 44 ff. DS-GVO. Das bedeutet, dass f\u00fcr das betreffende Land ein Angemessenheitsbeschluss der EU-Kommission nach Art. 45 DS-GVO vorliegt, geeignete Garantien f\u00fcr den Datenschutz nach Art. 46 DS-GVO oder verbindliche interne Datenschutzvorschriften nach Art. 47 DS-GVO bestehen. In Einzelf\u00e4llen kann eine Daten\u00fcbermittlung auf Grundlage einer Ausnahme in Art. 49 DS-GVO zul\u00e4ssig sein.<\/p>\n<p>Wir haben auf unserer Webseite ggf. externe Dienste eingebunden, deren Anbieter in den USA ans\u00e4ssig sind. Wenn diese Dienste aktiv sind, werden im Zusammenhang mit der Bereitstellung des jeweiligen Dienstes personenbezogene Informationen erhoben und m\u00f6glicherweise an Server in den USA \u00fcbertragen und dort gespeichert. Der Europ\u00e4ische Gerichtshof sch\u00e4tzt die USA als ein Land mit unzureichendem Datenschutzniveau ein. Bei einer Daten\u00fcbermittlung in die USA besteht grunds\u00e4tzlich das Risiko, dass auf diese Daten durch US-Beh\u00f6rden zugegriffen und f\u00fcr Kontroll- und \u00dcberwachungszwecke verwendet werden, ohne dass dies mitgeteilt wird und ohne das hiergegen Rechtsbehelfsm\u00f6glichkeiten bestehen.<\/p>\n<ol start=\"6\">\n<li>\n<h2>Betroffenenrechte<\/h2>\n<\/li>\n<\/ol>\n<p>Als Betroffener haben Sie folgende Rechte:<\/p>\n<ul>\n<li>gem\u00e4\u00df Art. 15 DS-GVO k\u00f6nnen Sie Auskunft \u00fcber Ihre von uns verarbeiteten personenbezogenen Daten verlangen; ferner k\u00f6nnen Sie Auskunft verlangen bzgl. der Verarbeitungszwecke, der Kategorien der verarbeiteten personenbezogenen Daten, die Empf\u00e4nger oder Kategorien von Empf\u00e4ngern, gegen\u00fcber denen Ihre Daten offengelegt wurden oder noch offengelegt werden, die geplante Speicherdauer bzw. die Kriterien f\u00fcr die Bestimmung der Speicherdauer, die Herkunft ihrer Daten, sofern diese nicht bei Ihnen erhoben wurden, das Bestehen einer automatisierten Entscheidungsfindung einschlie\u00dflich Profiling und ggf. aussagekr\u00e4ftigen Informationen zu deren Einzelheiten wie Logik, Tragweite und Auswirkungen, das Bestehen eines Rechts auf Berichtigung oder L\u00f6schung der Sie betreffenden Daten, das Recht auf Einschr\u00e4nkung der Verarbeitung oder Widerspruch gegen diese Verarbeitung, das Bestehen eines Beschwerderechts bei der Aufsichtsbeh\u00f6rde; schlie\u00dflich steht Ihnen ein Recht auf Auskunft zu, ob personenbezogene Daten an ein Drittland oder an eine internationale Organisation \u00fcbermittelt wurden und &#8211; falls dies der Fall ist &#8211; \u00fcber die geeigneten Garantien im Zusammenhang mit der \u00dcbermittlung;<\/li>\n<li>gem\u00e4\u00df Art. 16 DS-GVO k\u00f6nnen Sie die unverz\u00fcgliche Berichtigung unrichtiger oder die Vervollst\u00e4ndigung Ihrer bei uns gespeicherten personenbezogenen Daten verlangen;<\/li>\n<li>gem\u00e4\u00df Art. 17 DS-GVO k\u00f6nnen Sie die L\u00f6schung Ihrer bei uns gespeicherten personenbezogenen Daten verlangen, soweit nicht die Verarbeitung zur Aus\u00fcbung des Rechts auf freie Meinungs\u00e4u\u00dferung und Information, zur Erf\u00fcllung einer rechtlichen Verpflichtung, aus Gr\u00fcnden des \u00f6ffentlichen Interesses oder zur Geltendmachung, Aus\u00fcbung oder Verteidigung von Rechtsanspr\u00fcchen erforderlich ist;<\/li>\n<li>gem\u00e4\u00df Art. 18 DS-GVO k\u00f6nnen Sie die Einschr\u00e4nkung der Verarbeitung Ihrer personenbezogenen Daten verlangen, soweit die Richtigkeit der Daten von Ihnen bestritten wird, die Verarbeitung unrechtm\u00e4\u00dfig ist, Sie aber deren L\u00f6schung ablehnen und wir die Daten nicht mehr ben\u00f6tigen, Sie die von uns nicht mehr ben\u00f6tigten Daten zur Geltendmachung, Aus\u00fcbung oder Verteidigung von Rechtsanspr\u00fcchen ben\u00f6tigen oder Sie gem\u00e4\u00df Art. 21 DS-GVO Widerspruch gegen die Verarbeitung eingelegt haben, aber noch nicht feststeht, ob unsere berechtigten Gr\u00fcnde f\u00fcr die Datenverarbeitung Ihr Interesse \u00fcberwiegen;<\/li>\n<li>gem\u00e4\u00df Art. 20 DS-GVO k\u00f6nnen Sie die \u00dcberlassung Ihrer personenbezogenen Daten, die Sie uns bereitgestellt haben, in einem strukturierten, g\u00e4ngigen und maschinenlesebaren Format oder die \u00dcbermittlung an einen anderen Verantwortlichen verlangen;<\/li>\n<li>gem\u00e4\u00df Art. 21 DS-GVO k\u00f6nnen Sie Widerspruch gegen die Verarbeitung Ihrer personenbezogenen Daten einlegen, soweit daf\u00fcr Gr\u00fcnde vorliegen, die sich aus Ihrer besonderen Situation ergeben oder sich der Widerspruch gegen Direktwerbung richtet und die Rechtsgrundlage f\u00fcr die Verarbeitung der personenbezogenen Daten berechtigte Interessen gem\u00e4\u00df 6 Abs. 1 S. 1 lit. f DS-GVO sind;<\/li>\n<li>gem\u00e4\u00df 7 Abs. 3 DS-GVO k\u00f6nnen Sie Ihre einmal erteilte Einwilligung jederzeit gegen\u00fcber uns widerrufen. Dies hat zur Folge, dass wir die Datenverarbeitung, die auf dieser Einwilligung beruhte, f\u00fcr die Zukunft nicht mehr fortf\u00fchren d\u00fcrfen;<\/li>\n<li>gem\u00e4\u00df Art. 77 DS-GVO k\u00f6nnen Sie sich bei einer Aufsichtsbeh\u00f6rde, insbesondere in dem Mitgliedstaat Ihres gew\u00f6hnlichen Aufenthaltsorts, Ihres Arbeitsplatzes oder des Orts des mutma\u00dflichen Versto\u00dfes, beschweren. Eine Liste mit Kontaktdaten der Datenschutzbeauftragten in den Bundesl\u00e4ndern k\u00f6nnen Sie folgendem Link entnehmen: <a href=\"https:\/\/www.bfdi.bund.de\/DE\/Service\/Anschriften\/anschriften_table.html\">https:\/\/www.bfdi.bund.de\/DE\/Service\/Anschriften\/anschriften_table.html<\/a>.<\/li>\n<\/ul>\n<p>M\u00f6chten Sie die vorstehenden Betroffenenrechte geltend machen, k\u00f6nnen Sie uns oder unseren Datenschutzbeauftragten unter den oben genannten Kontaktdaten diesbez\u00fcglich jederzeit kontaktieren.<\/p>\n<ol start=\"7\">\n<li>\n<h2>L\u00f6schung und Einschr\u00e4nkung von personenbezogenen Daten<\/h2>\n<\/li>\n<\/ol>\n<p>Soweit in dieser Datenschutzerkl\u00e4rung nicht f\u00fcr den Einzelfall anders geregelt, werden personenbezogene Daten gel\u00f6scht, wenn diese Daten f\u00fcr die Zwecke, f\u00fcr die sie erhoben oder auf sonstige Weise verarbeitet wurden, nicht mehr notwendig sind und der L\u00f6schung keine gesetzlichen Aufbewahrungspflichten entgegenstehen. Wir l\u00f6schen die von uns verarbeiteten personenbezogenen Daten zudem nach Art. 17 DS-GVO auf Verlangen, wenn die dort vorgesehenen Voraussetzungen gegeben sind. Sind personenbezogene Daten f\u00fcr andere und gesetzlich zul\u00e4ssige Zwecke erforderlich, werden diese nicht gel\u00f6scht, sondern deren Verarbeitung nach Art. 18 DS-GVO eingeschr\u00e4nkt. Im Falle der Einschr\u00e4nkung werden die Daten nicht f\u00fcr andere Zwecke verarbeitet. Das gilt beispielsweise f\u00fcr personenbezogene Daten, die aus handels- oder steuerrechtlichen Gr\u00fcnden von uns aufbewahrt werden m\u00fcssen. So werden Unterlagen nach \u00a7 257 Abs. 1 Nr. 2 und 3 HGB sowie \u00a7 147 Abs. 1 Nr. 2, 3, 5 AO f\u00fcr 6 Jahre, Unterlagen nach \u00a7 257 Abs. 1 Nr. 1 und 4 HGB sowie nach \u00a7 147 Abs. 1 Nr. 1, 4, 4a AO f\u00fcr 10 Jahre aufbewahrt.<\/p>\n<ol start=\"8\">\n<li>\n<h2>Cookies<\/h2>\n<\/li>\n<\/ol>\n<p><\/p>","protected":false},"excerpt":{"rendered":"<p>Mit dieser Datenschutzerkl\u00e4rung kl\u00e4ren wir Sie als f\u00fcr die Datenverarbeitung Verantwortliche gem\u00e4\u00df den Vorgaben der Verordnung (EU) 2016\/679 (Datenschutz-Grundverordnung &#8211; DS-GVO) \u00fcber Art, Umfang und [&hellip;]<\/p>\n","protected":false},"author":1,"featured_media":0,"parent":0,"menu_order":0,"comment_status":"closed","ping_status":"closed","template":"","meta":[],"aioseo_notices":[],"_links":{"self":[{"href":"https:\/\/glasso.ua\/de\/wp-json\/wp\/v2\/pages\/3562"}],"collection":[{"href":"https:\/\/glasso.ua\/de\/wp-json\/wp\/v2\/pages"}],"about":[{"href":"https:\/\/glasso.ua\/de\/wp-json\/wp\/v2\/types\/page"}],"author":[{"embeddable":true,"href":"https:\/\/glasso.ua\/de\/wp-json\/wp\/v2\/users\/1"}],"replies":[{"embeddable":true,"href":"https:\/\/glasso.ua\/de\/wp-json\/wp\/v2\/comments?post=3562"}],"version-history":[{"count":0,"href":"https:\/\/glasso.ua\/de\/wp-json\/wp\/v2\/pages\/3562\/revisions"}],"wp:attachment":[{"href":"https:\/\/glasso.ua\/de\/wp-json\/wp\/v2\/media?parent=3562"}],"curies":[{"name":"wp","href":"https:\/\/api.w.org\/{rel}","templated":true}]}}