{"id":348,"date":"2020-02-13T16:20:01","date_gmt":"2020-02-13T16:20:01","guid":{"rendered":"https:\/\/glasso.ua\/?page_id=348"},"modified":"2024-09-24T13:09:46","modified_gmt":"2024-09-24T13:09:46","slug":"razdvyzhdnue-systemu","status":"publish","type":"page","link":"https:\/\/glasso.ua\/de\/razdvyzhdnue-systemu\/","title":{"rendered":"Aluminium-Schiebesysteme"},"content":{"rendered":"<p><\/p>\n<div class=\"page img-heading aluminium_black\">\n<section class=\"img-section img-section-bg\" style=\"background-image: url(\/wp-content\/uploads\/2020\/02\/razdvyzhdnue-systemu-bg.jpg)\">\n<div class=\"window-page__inner\">\n<h1 class=\"window-page__title\">Aluminium-Schiebesysteme<\/h1>\n<div class=\"window-page__content\">\n<p>Die erstklassigen Glasso-Systeme der thermisch isolierten Schiebe- und Hebeschiebet\u00fcren sind f\u00fcr die Verglasung gro\u00dfer \u00d6ffnungen ausgelegt. Mit einer verbesserten W\u00e4rmed\u00e4mmung erf\u00fcllt das System die Anforderungen von energetischen Geb\u00e4uden.<\/p>\n<\/div>\n<\/div>\n<\/section>\n<div class=\"scroll-down__wrap\">\n<div class=\"scroll-down__title\">Runterscrollen<\/div>\n<div id=\"scroll-down\" class=\"scroll-down__btn\"><img src=\"\/wp-content\/themes\/glasso\/assets\/img\/arrow-down-icon.svg\"><\/div>\n<\/div>\n<\/div>\n<div class=\"windows-cards__wrap al_constr\">\n<div class=\"windows-cards__section\">\n<div class=\"windows-cards__header\">\n<div class=\"windows-cards__title\">GLASSO-Schiebesysteme aus dem<br \/> Profilsystem Aluprof, Reynaers, Sch\u00fcco<\/div>\n<\/div>\n<div class=\"windows-cards__row flex-block flex-wrap\">\n<div class=\"windows-cards__item\">\n<a href=\"\/razdvyzhdnue-systemu\/razdvizhdnye-sistemy-aluprof\/#mb-skyline\"><\/p>\n<div class=\"windows-card__inner\">\n<div class=\"windows-card__inner-img\"><img src=\"\/wp-content\/uploads\/2020\/04\/mb-skyline.jpg\" alt=\"\u0410\u043b\u044e\u043c\u0456\u043d\u0456\u0454\u0432\u0456 \u0440\u043e\u0437\u0441\u0443\u0432\u043d\u0456 \u0441\u0438\u0441\u0442\u0435\u043c\u0438\"><\/div>\n<div class=\"windows-card__title\">Aluprof <br \/>MB-SKYLINE<\/div>\n<div class=\"windows-card__btn\"><button class=\"windows-more-btn\">KAUFEN<\/button><\/div>\n<\/div>\n<p><\/a>\n<\/div>\n<div class=\"windows-cards__item\">\n<a href=\"\/razdvyzhdnue-systemu\/razdvizhdnye-sistemy-aluprof\/#mb-86-fold-line\"><\/p>\n<div class=\"windows-card__inner\">\n<div class=\"windows-card__inner-img\"><img src=\"\/wp-content\/uploads\/2020\/04\/mb-86-fold-line.jpg\" alt=\"\u0410\u043b\u044e\u043c\u0456\u043d\u0456\u0454\u0432\u0456 \u0440\u043e\u0437\u0441\u0443\u0432\u043d\u0456 \u0441\u0438\u0441\u0442\u0435\u043c\u0438\"><\/div>\n<div class=\"windows-card__title\">Aluprof <br \/>MB-86 FOLD LINE<\/div>\n<div class=\"windows-card__btn\"><button class=\"windows-more-btn\">KAUFEN<\/button><\/div>\n<\/div>\n<p><\/a>\n<\/div>\n<div class=\"windows-cards__item\">\n<a href=\"\/razdvyzhdnue-systemu\/razdvizhdnye-sistemy-reynars\/#cp-155\"><\/p>\n<div class=\"windows-card__inner\">\n<div class=\"windows-card__inner-img\"><img src=\"\/wp-content\/uploads\/2020\/04\/cp155.jpg\" alt=\"\u0410\u043b\u044e\u043c\u0456\u043d\u0456\u0454\u0432\u0456 \u0440\u043e\u0437\u0441\u0443\u0432\u043d\u0456 \u0441\u0438\u0441\u0442\u0435\u043c\u0438\"><\/div>\n<div class=\"windows-card__title\">Reynaers CP 155 LS<\/div>\n<div class=\"windows-card__btn\"><button class=\"windows-more-btn\">KAUFEN<\/button><\/div>\n<\/div>\n<p><\/a>\n<\/div>\n<\/div>\n<\/div>\n<div class=\"windows-cards__section\">\n<div class=\"windows-cards__row flex-block flex-wrap\">\n<div class=\"windows-cards__item\">\n<a href=\"\/razdvyzhdnue-systemu\/razdvizhdnye-sistemy-reynars\/#cf-77\"><\/p>\n<div class=\"windows-card__inner\">\n<div class=\"windows-card__inner-img\"><img src=\"\/wp-content\/uploads\/2020\/04\/cf77.jpg\" alt=\"\u0410\u043b\u044e\u043c\u0456\u043d\u0456\u0454\u0432\u0456 \u0440\u043e\u0437\u0441\u0443\u0432\u043d\u0456 \u0441\u0438\u0441\u0442\u0435\u043c\u0438\"><\/div>\n<div class=\"windows-card__title\">Reynaers CF 77<\/div>\n<div class=\"windows-card__btn\"><button class=\"windows-more-btn\">KAUFEN<\/button><\/div>\n<\/div>\n<p><\/a>\n<\/div>\n<div class=\"windows-cards__item\">\n<a href=\"\/razdvyzhdnue-systemu\/razdvizhdnye-sistemy-aluprof\/#mb-77hs\"><\/p>\n<div class=\"windows-card__inner\">\n<div class=\"windows-card__inner-img\"><img src=\"\/wp-content\/uploads\/2020\/04\/mb-77hs.jpg\" alt=\"\u0410\u043b\u044e\u043c\u0456\u043d\u0456\u0454\u0432\u0456 \u0440\u043e\u0437\u0441\u0443\u0432\u043d\u0456 \u0441\u0438\u0441\u0442\u0435\u043c\u0438\"><\/div>\n<div class=\"windows-card__title\">Aluprof MB-77HS<\/div>\n<div class=\"windows-card__btn\"><button class=\"windows-more-btn\">KAUFEN<\/button><\/div>\n<\/div>\n<p><\/a>\n<\/div>\n<\/div>\n<\/div>\n<\/div>\n<p><\/p>","protected":false},"excerpt":{"rendered":"<p>Aluminium-Schiebesysteme Die erstklassigen Glasso-Systeme der thermisch isolierten Schiebe- und Hebeschiebet\u00fcren sind f\u00fcr die Verglasung gro\u00dfer \u00d6ffnungen ausgelegt. Mit einer verbesserten W\u00e4rmed\u00e4mmung erf\u00fcllt das System die [&hellip;]<\/p>\n","protected":false},"author":1,"featured_media":0,"parent":0,"menu_order":0,"comment_status":"closed","ping_status":"closed","template":"page-windows.php","meta":[],"aioseo_notices":[],"_links":{"self":[{"href":"https:\/\/glasso.ua\/de\/wp-json\/wp\/v2\/pages\/348"}],"collection":[{"href":"https:\/\/glasso.ua\/de\/wp-json\/wp\/v2\/pages"}],"about":[{"href":"https:\/\/glasso.ua\/de\/wp-json\/wp\/v2\/types\/page"}],"author":[{"embeddable":true,"href":"https:\/\/glasso.ua\/de\/wp-json\/wp\/v2\/users\/1"}],"replies":[{"embeddable":true,"href":"https:\/\/glasso.ua\/de\/wp-json\/wp\/v2\/comments?post=348"}],"version-history":[{"count":0,"href":"https:\/\/glasso.ua\/de\/wp-json\/wp\/v2\/pages\/348\/revisions"}],"wp:attachment":[{"href":"https:\/\/glasso.ua\/de\/wp-json\/wp\/v2\/media?parent=348"}],"curies":[{"name":"wp","href":"https:\/\/api.w.org\/{rel}","templated":true}]}}