{"id":346,"date":"2020-02-13T16:19:36","date_gmt":"2020-02-13T16:19:36","guid":{"rendered":"https:\/\/glasso.ua\/?page_id=346"},"modified":"2024-09-24T14:44:38","modified_gmt":"2024-09-24T14:44:38","slug":"vnutrennye-peregorodky","status":"publish","type":"page","link":"https:\/\/glasso.ua\/de\/vnutrennye-peregorodky\/","title":{"rendered":"Aluminium-Trennw\u00e4nde"},"content":{"rendered":"<p><\/p>\n<div class=\"page img-heading aluminium_black\">\n<div class=\"page img-heading aluminium_black\">\n<section class=\"img-section img-section-bg\" style=\"background-image: url(\/wp-content\/uploads\/2020\/02\/vnutrennye-peregorodky-bg.jpg)\">\n<div class=\"window-page__inner\">\n<h1 class=\"window-page__title\">Aluminium-Trennw\u00e4nde<\/h1>\n<div class=\"window-page__content\">\n<p>Moderne Systeme von inneren Trennw\u00e4nden. Die Aluminium-Trennw\u00e4nde erm\u00f6glichen je nach Anwendungsbereich und spezifischen Anforderungen in Bezug auf Funktionalit\u00e4t, \u00c4sthetik, thermische Isolierung, Einbruchfestigkeit oder Feuerfestigkeit eine Vielzahl von Konstruktionsarten.<\/p>\n<\/div>\n<\/div>\n<\/section>\n<div class=\"scroll-down__wrap\">\n<div class=\"scroll-down__title\">Nach&nbsp;unten&nbsp;scrollen<\/div>\n<div id=\"scroll-down\" class=\"scroll-down__btn\"><img src=\"\/wp-content\/themes\/glasso\/assets\/img\/arrow-down-icon.svg\"><\/div>\n<\/div>\n<\/div>\n<div class=\"windows-cards__wrap al_constr\">\n<div class=\"windows-cards__section\">\n<div class=\"windows-cards__header\">\n<div class=\"windows-cards__title\">GLASSO-Trennw\u00e4nde aus dem <br \/>Profilsystem Aluprof, Reynaers, Sch\u00fcco<\/div>\n<\/div>\n<div class=\"windows-cards__row flex-block flex-wrap\">\n<div class=\"windows-cards__item\">\n<a href=\"\/vnutrennye-peregorodky\/bulkhead-aluprof\/#MB-45\"><\/p>\n<div class=\"windows-card__inner\">\n<div class=\"windows-card__inner-img\"><img src=\"\/wp-content\/uploads\/2020\/04\/mb-45.jpg\"><\/div>\n<div class=\"windows-card__title\">Aluprof MB-45<\/div>\n<div class=\"windows-card__btn\"><button class=\"windows-more-btn\">KAUFEN<\/button><\/div>\n<\/div>\n<p><\/a>\n<\/div>\n<div class=\"windows-cards__item\">\n<a href=\"\/vnutrennye-peregorodky\/bulkhead-aluprof\/#MB-45-OFFICE\"><\/p>\n<div class=\"windows-card__inner\">\n<div class=\"windows-card__inner-img\"><img src=\"\/wp-content\/uploads\/2020\/04\/mb-45-office.jpg\"><\/div>\n<div class=\"windows-card__title\">Aluprof MB-45 OFFICE<\/div>\n<div class=\"windows-card__btn\"><button class=\"windows-more-btn\">KAUFEN<\/button><\/div>\n<\/div>\n<p><\/a>\n<\/div>\n<div class=\"windows-cards__item\">\n<a href=\"\/vnutrennye-peregorodky\/bulkhead-aluprof\/#MB-EXPO\"><\/p>\n<div class=\"windows-card__inner\">\n<div class=\"windows-card__inner-img\"><img src=\"\/wp-content\/uploads\/2020\/04\/mb-expo.jpg\"><\/div>\n<div class=\"windows-card__title\">Aluprof MB-EXPO<\/div>\n<div class=\"windows-card__btn\"><button class=\"windows-more-btn\">KAUFEN<\/button><\/div>\n<\/div>\n<p><\/a>\n<\/div>\n<\/div>\n<\/div>\n<\/div>\n<p><\/p>","protected":false},"excerpt":{"rendered":"<p>Aluminium-Trennw\u00e4nde Moderne Systeme von inneren Trennw\u00e4nden. Die Aluminium-Trennw\u00e4nde erm\u00f6glichen je nach Anwendungsbereich und spezifischen Anforderungen in Bezug auf Funktionalit\u00e4t, \u00c4sthetik, thermische Isolierung, Einbruchfestigkeit oder Feuerfestigkeit [&hellip;]<\/p>\n","protected":false},"author":1,"featured_media":0,"parent":0,"menu_order":0,"comment_status":"closed","ping_status":"closed","template":"page-windows.php","meta":[],"aioseo_notices":[],"_links":{"self":[{"href":"https:\/\/glasso.ua\/de\/wp-json\/wp\/v2\/pages\/346"}],"collection":[{"href":"https:\/\/glasso.ua\/de\/wp-json\/wp\/v2\/pages"}],"about":[{"href":"https:\/\/glasso.ua\/de\/wp-json\/wp\/v2\/types\/page"}],"author":[{"embeddable":true,"href":"https:\/\/glasso.ua\/de\/wp-json\/wp\/v2\/users\/1"}],"replies":[{"embeddable":true,"href":"https:\/\/glasso.ua\/de\/wp-json\/wp\/v2\/comments?post=346"}],"version-history":[{"count":0,"href":"https:\/\/glasso.ua\/de\/wp-json\/wp\/v2\/pages\/346\/revisions"}],"wp:attachment":[{"href":"https:\/\/glasso.ua\/de\/wp-json\/wp\/v2\/media?parent=346"}],"curies":[{"name":"wp","href":"https:\/\/api.w.org\/{rel}","templated":true}]}}