{"id":344,"date":"2020-02-13T16:18:58","date_gmt":"2020-02-13T16:18:58","guid":{"rendered":"https:\/\/glasso.ua\/?page_id=344"},"modified":"2023-09-10T20:19:59","modified_gmt":"2023-09-10T20:19:59","slug":"fasadnye-systemy","status":"publish","type":"page","link":"https:\/\/glasso.ua\/de\/fasadnye-systemy\/","title":{"rendered":"Verglasung von Geb\u00e4udefassaden"},"content":{"rendered":"<p><\/p>\n<div class=\"page img-heading aluminium_black\">\n<section class=\"img-section img-section-bg\" style=\"background-image: url(\/wp-content\/uploads\/2020\/02\/fasadnye-systemy-bg.jpg)\">\n<div class=\"window-page__inner\">\n<h1 class=\"window-page__title\">Verglasung von Geb\u00e4udefassaden<\/h1>\n<div class=\"window-page__content\">\n<p>Fassadensysteme sind f\u00fcr die Konstruktion verglaster Fassaden von Geb\u00e4uden bestimmt: Banken, Hotels, Institutionen, Verwaltungsgeb\u00e4ude, Autoh\u00e4user usw. Diese Systeme sind ein hervorragendes Werkzeug f\u00fcr die Umsetzung moderner Architekturprojekte und die Umsetzung mutiger Ideen von Designern.<\/p>\n<\/div>\n<\/div>\n<\/section>\n<div class=\"scroll-down__wrap\">\n<div class=\"scroll-down__title\">Nach&nbsp;unten&nbsp;scrollen<\/div>\n<div id=\"scroll-down\" class=\"scroll-down__btn\"><img src=\"\/wp-content\/themes\/glasso\/assets\/img\/arrow-down-icon.svg\"><\/div>\n<\/div>\n<\/div>\n<div class=\"windows-cards__wrap al_constr\">\n<div class=\"windows-cards__section\">\n<div class=\"windows-cards__header\">\n<div class=\"windows-cards__title\">GLASSO-Fassaden aus dem Profilsystem <br \/>Aluprof, Reynaers, Sch\u00fcco<\/div>\n<\/div>\n<div class=\"windows-cards__row flex-block flex-wrap\">\n<div class=\"windows-cards__item\">\n<a href=\"\/fasadnye-systemy\/fasady-aluprof\/#MB-SR50N\"><\/p>\n<div class=\"windows-card__inner\">\n<div class=\"windows-card__inner-img\"><img src=\"\/wp-content\/uploads\/2020\/04\/mb-sr50n.jpg\"><\/div>\n<div class=\"windows-card__title\">Aluprof MB-SR50N<\/div>\n<div class=\"windows-card__btn\"><button class=\"windows-more-btn\">GENAUER<\/button><\/div>\n<\/div>\n<p><\/a>\n<\/div>\n<div class=\"windows-cards__item\">\n<a href=\"\/fasadnye-systemy\/fasady-aluprof\/#MB-SR50N-EFEKT\"><\/p>\n<div class=\"windows-card__inner\">\n<div class=\"windows-card__inner-img\"><img src=\"\/wp-content\/uploads\/2020\/04\/mb-sr50n-efekt.jpg\"><\/div>\n<div class=\"windows-card__title\">Aluprof MB-SR50N EFEKT<\/div>\n<div class=\"windows-card__btn\"><button class=\"windows-more-btn\">GENAUER<\/button><\/div>\n<\/div>\n<p><\/a>\n<\/div>\n<\/div>\n<\/div>\n<\/div>\n<p><\/p>","protected":false},"excerpt":{"rendered":"<p>Verglasung von Geb\u00e4udefassaden Fassadensysteme sind f\u00fcr die Konstruktion verglaster Fassaden von Geb\u00e4uden bestimmt: Banken, Hotels, Institutionen, Verwaltungsgeb\u00e4ude, Autoh\u00e4user usw. Diese Systeme sind ein hervorragendes Werkzeug [&hellip;]<\/p>\n","protected":false},"author":1,"featured_media":0,"parent":0,"menu_order":0,"comment_status":"closed","ping_status":"closed","template":"page-windows.php","meta":[],"aioseo_notices":[],"_links":{"self":[{"href":"https:\/\/glasso.ua\/de\/wp-json\/wp\/v2\/pages\/344"}],"collection":[{"href":"https:\/\/glasso.ua\/de\/wp-json\/wp\/v2\/pages"}],"about":[{"href":"https:\/\/glasso.ua\/de\/wp-json\/wp\/v2\/types\/page"}],"author":[{"embeddable":true,"href":"https:\/\/glasso.ua\/de\/wp-json\/wp\/v2\/users\/1"}],"replies":[{"embeddable":true,"href":"https:\/\/glasso.ua\/de\/wp-json\/wp\/v2\/comments?post=344"}],"version-history":[{"count":0,"href":"https:\/\/glasso.ua\/de\/wp-json\/wp\/v2\/pages\/344\/revisions"}],"wp:attachment":[{"href":"https:\/\/glasso.ua\/de\/wp-json\/wp\/v2\/media?parent=344"}],"curies":[{"name":"wp","href":"https:\/\/api.w.org\/{rel}","templated":true}]}}