{"id":342,"date":"2020-02-13T16:18:33","date_gmt":"2020-02-13T16:18:33","guid":{"rendered":"https:\/\/glasso.ua\/?page_id=342"},"modified":"2024-09-24T13:15:59","modified_gmt":"2024-09-24T13:15:59","slug":"okonno-dvernye-systemy","status":"publish","type":"page","link":"https:\/\/glasso.ua\/de\/okonno-dvernye-systemy\/","title":{"rendered":"Aluminiumfenster"},"content":{"rendered":"<p><\/p>\n<div class=\"page img-heading\">\n<section class=\"img-section img-section-bg\" style=\"background-image: url(\/wp-content\/uploads\/2020\/05\/okonnye-systemy-bg.jpg)\">\n<div class=\"window-page__inner\">\n<h1 class=\"window-page__title\">Aluminiumfenster<\/h1>\n<div class=\"window-page__content\">\n<p>Neue Generationen von Aluminiumfenstern, die die Vorteile von Energieeinsparung, Zuverl\u00e4ssigkeit, Haltbarkeit, Sicherheit und L\u00e4rmschutz kombinieren.<\/p>\n<\/div>\n<\/div>\n<\/section>\n<div class=\"scroll-down__wrap\">\n<div class=\"scroll-down__title\">Nach&nbsp;unten&nbsp;scrollen<\/div>\n<div id=\"scroll-down\" class=\"scroll-down__btn\"><img src=\"\/wp-content\/themes\/glasso\/assets\/img\/arrow-down-icon.svg\"><\/div>\n<\/div>\n<\/div>\n<div class=\"windows-cards__wrap al_constr\">\n<div class=\"windows-cards__section\">\n<div class=\"windows-cards__header\">\n<div class=\"windows-cards__title\">GLASSO-Fenster aus dem <br \/>Profilsystem Aluprof, Reynaers, Sch\u00fcco<\/div>\n<\/div>\n<div class=\"windows-cards__row flex-block flex-wrap\">\n<div class=\"windows-cards__item\">\n<a href=\"\/okonno-dvernye-systemy\/aluprof\/#mb-104\"><\/p>\n<div class=\"windows-card__inner\">\n<div class=\"windows-card__inner-img\"><img src=\"\/wp-content\/themes\/glasso\/assets\/img\/catalog\/aluprof\/mb-104.jpg\"><\/div>\n<div class=\"windows-card__title\">Aluprof <br \/>MB-104<\/div>\n<div class=\"windows-card__btn\"><button class=\"windows-more-btn\">GENAUER<\/button><\/div>\n<\/div>\n<p><\/a>\n<\/div>\n<div class=\"windows-cards__item\">\n<a href=\"\/okonno-dvernye-systemy\/reynars\/#masterline-10\"><\/p>\n<div class=\"windows-card__inner\">\n<div class=\"windows-card__inner-img\"><img src=\"\/wp-content\/uploads\/2020\/04\/masterline_10.jpg\"><\/div>\n<div class=\"windows-card__title\">Reynaers MasterLine 10<\/div>\n<div class=\"windows-card__btn\"><button class=\"windows-more-btn\">GENAUER<\/button><\/div>\n<\/div>\n<p><\/a>\n<\/div>\n<div class=\"windows-cards__item\">\n<a href=\"\/okonno-dvernye-systemy\/aluprof\/#mb-slimline\"><\/p>\n<div class=\"windows-card__inner\">\n<div class=\"windows-card__inner-img\"><img src=\"\/wp-content\/themes\/glasso\/assets\/img\/catalog\/aluprof\/mb-slimline.jpg\"><\/div>\n<div class=\"windows-card__title\">Aluprof <br \/>MB-SLIMLINE<\/div>\n<div class=\"windows-card__btn\"><button class=\"windows-more-btn\">GENAUER<\/button><\/div>\n<\/div>\n<p><\/a>\n<\/div>\n<\/div>\n<\/div>\n<div class=\"windows-cards__section\">\n<div class=\"windows-cards__row flex-block flex-wrap\">\n<div class=\"windows-cards__item\">\n<a href=\"\/okonno-dvernye-systemy\/aluprof\/#mb-86\"><\/p>\n<div class=\"windows-card__inner\">\n<div class=\"windows-card__inner-img\"><img src=\"\/wp-content\/themes\/glasso\/assets\/img\/catalog\/aluprof\/mb-86.jpg\"><\/div>\n<div class=\"windows-card__title\">Aluprof <br \/>MB-86<\/div>\n<div class=\"windows-card__btn\"><button class=\"windows-more-btn\">GENAUER<\/button><\/div>\n<\/div>\n<p><\/a>\n<\/div>\n<div class=\"windows-cards__item\">\n<a href=\"\/okonno-dvernye-systemy\/reynars\/#masterline-8\"><\/p>\n<div class=\"windows-card__inner\">\n<div class=\"windows-card__inner-img\"><img src=\"\/wp-content\/uploads\/2020\/04\/masterline_8.jpg\"><\/div>\n<div class=\"windows-card__title\">Reynaers MasterLine 8<\/div>\n<div class=\"windows-card__btn\"><button class=\"windows-more-btn\">GENAUER<\/button><\/div>\n<\/div>\n<p><\/a>\n<\/div>\n<\/div>\n<\/div>\n<\/div>\n<p><\/p>","protected":false},"excerpt":{"rendered":"<p>Aluminiumfenster Neue Generationen von Aluminiumfenstern, die die Vorteile von Energieeinsparung, Zuverl\u00e4ssigkeit, Haltbarkeit, Sicherheit und L\u00e4rmschutz kombinieren. Nach&nbsp;unten&nbsp;scrollen GLASSO-Fenster aus dem Profilsystem Aluprof, Reynaers, Sch\u00fcco Aluprof [&hellip;]<\/p>\n","protected":false},"author":1,"featured_media":0,"parent":0,"menu_order":0,"comment_status":"closed","ping_status":"closed","template":"page-windows.php","meta":[],"aioseo_notices":[],"_links":{"self":[{"href":"https:\/\/glasso.ua\/de\/wp-json\/wp\/v2\/pages\/342"}],"collection":[{"href":"https:\/\/glasso.ua\/de\/wp-json\/wp\/v2\/pages"}],"about":[{"href":"https:\/\/glasso.ua\/de\/wp-json\/wp\/v2\/types\/page"}],"author":[{"embeddable":true,"href":"https:\/\/glasso.ua\/de\/wp-json\/wp\/v2\/users\/1"}],"replies":[{"embeddable":true,"href":"https:\/\/glasso.ua\/de\/wp-json\/wp\/v2\/comments?post=342"}],"version-history":[{"count":0,"href":"https:\/\/glasso.ua\/de\/wp-json\/wp\/v2\/pages\/342\/revisions"}],"wp:attachment":[{"href":"https:\/\/glasso.ua\/de\/wp-json\/wp\/v2\/media?parent=342"}],"curies":[{"name":"wp","href":"https:\/\/api.w.org\/{rel}","templated":true}]}}