{"id":296,"date":"2020-02-12T16:20:10","date_gmt":"2020-02-12T16:20:10","guid":{"rendered":"https:\/\/glasso.ua\/?page_id=296"},"modified":"2024-09-24T15:06:05","modified_gmt":"2024-09-24T15:06:05","slug":"steklopakety","status":"publish","type":"page","link":"https:\/\/glasso.ua\/de\/steklopakety\/","title":{"rendered":"Doppelt verglaste Fenster"},"content":{"rendered":"<p><\/p>\n<div class=\"tab-section title-other\">\n<div class=\"tab-title-box\">\n<div class=\"tab-title-item active-tab-title-item\" id=\"title-climat\">\n<h1 class=\"tab-title-item--title\">Doppelt verglaste Fenster GLASSO Climat<\/h1>\n<div class=\"tab-title-item--h4\">Sparen Sie Heizkosten bis zu 40%<\/div>\n<\/div>\n<div class=\"tab-title-item\" id=\"title-sound\">\n<div class=\"tab-title-item--title\">\u0421\u043a\u043b\u043e\u043f\u0430\u043a\u0435\u0442\u0438 GLASSO Sound<\/div>\n<div class=\"tab-title-item--h4\">\u0422\u0438\u0448\u0430 \u0456 \u0441\u043f\u043e\u043a\u0456\u0439, \u043d\u0430\u0432\u0456\u0442\u044c \u044f\u043a\u0449\u043e \u0437\u0430 \u0432\u0456\u043a\u043d\u043e\u043c &#8211; \u0436\u0432\u0430\u0432\u0430 \u043c\u0430\u0433\u0456\u0441\u0442\u0440\u0430\u043b\u044c<\/div>\n<\/div>\n<div class=\"tab-title-item\" id=\"title-solar\">\n<div class=\"tab-title-item--title\">\u0421\u043a\u043b\u043e\u043f\u0430\u043a\u0435\u0442\u0438 GLASSO Solar<\/div>\n<div class=\"tab-title-item--h4\">\u0415\u043a\u043e\u043d\u043e\u043c\u0456\u044f \u0432\u0438\u0442\u0440\u0430\u0442 \u043d\u0430 \u043a\u043e\u043d\u0434\u0438\u0446\u0456\u043e\u043d\u0443\u0432\u0430\u043d\u043d\u044f \u0434\u043e 40%<\/div>\n<\/div>\n<div class=\"tab-title-item\" id=\"title-triplex\">\n<div class=\"tab-title-item--title\">\u0421\u043a\u043b\u043e\u043f\u0430\u043a\u0435\u0442\u0438 GLASSO Triplex<\/div>\n<div class=\"tab-title-item--h4\">\u0423\u0434\u0430\u0440\u043e\u0441\u0442\u0456\u0439\u043a\u0456 \u0432\u0456\u043a\u043d\u0430 \u0433\u0430\u0440\u0430\u043d\u0442\u0443\u044e\u0442\u044c \u0437\u0430\u0445\u0438\u0441\u0442 \u0431\u0443\u0434\u0438\u043d\u043a\u0443 \u044f\u043a \u0437\u0441\u0435\u0440\u0435\u0434\u0438\u043d\u0438 \u0442\u0430\u043a \u0456 \u0437\u043e\u0432\u043d\u0456<\/div>\n<\/div>\n<\/div>\n<div class=\"tab-nav-box\">\n<div class=\"tab-nav-box--h3\">W\u00e4hlen Sie eine Option:<\/div>\n<div class=\"tab-nav-list flex-block flex-wrap\">\n<div class=\"tab-nav-item active\" data-tab=\"climat\">\n<div class=\"title-other__nav-item\">\n<div class=\"title-other__nav-icon icon-snowflake\">\n<img class=\"icon-static\" src=\"\/wp-content\/themes\/glasso\/assets\/img\/catalog\/icon-snowflake-b.svg\"><br \/>\n<img class=\"icon-current\" src=\"\/wp-content\/themes\/glasso\/assets\/img\/catalog\/icon-snowflake-w.svg\">\n<\/div>\n<div class=\"title-other__nav-title\">W\u00e4rme Im Winter<\/div>\n<\/div>\n<\/div>\n<div class=\"tab-nav-item\" data-tab=\"solar\">\n<div class=\"title-other__nav-item\">\n<div class=\"title-other__nav-icon icon-sun\">\n<img class=\"icon-static\" src=\"\/wp-content\/themes\/glasso\/assets\/img\/catalog\/icon-sun-b.svg\"><br \/>\n<img class=\"icon-current\" src=\"\/wp-content\/themes\/glasso\/assets\/img\/catalog\/icon-sun-w.svg\">\n<\/div>\n<div class=\"title-other__nav-title\">Komfort im Sommer <\/div>\n<\/div>\n<\/div>\n<div class=\"tab-nav-item\" data-tab=\"sound\">\n<div class=\"title-other__nav-item\">\n<div class=\"title-other__nav-icon icon-sound\">\n<img class=\"icon-static\" src=\"\/wp-content\/themes\/glasso\/assets\/img\/catalog\/icon-sound-b.svg\"><br \/>\n<img class=\"icon-current\" src=\"\/wp-content\/themes\/glasso\/assets\/img\/catalog\/icon-sound-w.svg\">\n<\/div>\n<div class=\"title-other__nav-title\">Stille im Haus<\/div>\n<\/div>\n<\/div>\n<div class=\"tab-nav-item\" data-tab=\"triplex\">\n<div class=\"title-other__nav-item\">\n<div class=\"title-other__nav-icon icon-safety\">\n<img class=\"icon-static\" src=\"\/wp-content\/themes\/glasso\/assets\/img\/catalog\/icon-safety-b.svg\"><br \/>\n<img class=\"icon-current\" src=\"\/wp-content\/themes\/glasso\/assets\/img\/catalog\/icon-safety-w.svg\">\n<\/div>\n<div class=\"title-other__nav-title\">Sicherheit<\/div>\n<\/div>\n<\/div>\n<\/div>\n<\/div>\n<div class=\"tab-content-box\">\n<div class=\"tab-content-item active-tab-item\" id=\"climat\">\n<div class=\"tab-content__center-img\">\n<img class=\"mobile-hide\" src=\"\/wp-content\/themes\/glasso\/assets\/img\/catalog\/climat-ua.svg\"><br \/>\n<img class=\"mobile-show\" src=\"\/wp-content\/themes\/glasso\/assets\/img\/catalog\/climat-mobile-ua.svg\"><br \/>\n<img class=\"tablet-show\" src=\"\/wp-content\/themes\/glasso\/assets\/img\/catalog\/climat-tablet-ua.svg\">\n<\/div>\n<div class=\"other-desc-box clearfix\">\n<div class=\"other-desc-box__col\">\n<div class=\"other-desc-box__col--title\">Im Winter warm halten<\/div>\n<p>Die silberne Beschichtung auf Glas, die in der Verglasung GLASSO Climat\u00ae verwendet wird, reflektiert die W\u00e4rmestrahlung von Heizger\u00e4ten zur\u00fcck in den Raum, ohne dass die W\u00e4rme nach au\u00dfen austritt. Dadurch bietet sie eine hohe W\u00e4rmed\u00e4mmung in der kalten Jahreszeit.<\/p>\n<\/div>\n<div class=\"other-desc-box__col\">\n<div class=\"other-desc-box__col--title\">Zweimal w\u00e4rmer<\/div>\n<p>Energiesparende Fenster mit GLASSO Climat\u00ae-Technologie haben einen W\u00e4rme\u00fcbertragungswiderstandskoeffizienten von 1,15 m<sup>2<\/sup>\u00b7\u00b0C\/W. Das ist doppelt so gro\u00df wie das eines gew\u00f6hnlichen Fensters.<\/p>\n<\/div>\n<div class=\"other-desc-box__col\">\n<div class=\"other-desc-box__col--title\">Einsparungen bei der Heizung<\/div>\n<p>GLASSO-Fenster mit energiesparender Climat\u00ae-Technologie speichern bis zu 78% der Raumw\u00e4rme, wodurch die Heizungsleistung reduziert und Kosteneinsparungen bei den Nebenkosten erzielt werden.<\/p>\n<\/div>\n<\/div>\n<\/div>\n<div class=\"tab-content-item\" id=\"solar\">\n<div class=\"tab-content__center-img\">\n<img class=\"mobile-hide\" src=\"\/wp-content\/themes\/glasso\/assets\/img\/catalog\/solar-ua.svg\"><br \/>\n<img class=\"mobile-show\" src=\"\/wp-content\/themes\/glasso\/assets\/img\/catalog\/solar-mobile-ua.svg\"><br \/>\n<img class=\"tablet-show\" src=\"\/wp-content\/themes\/glasso\/assets\/img\/catalog\/solar-tablet-ua.svg\">\n<\/div>\n<div class=\"other-desc-box clearfix\">\n<div class=\"other-desc-box__col\">\n<div class=\"other-desc-box__col--title\">\u0417\u0430\u0445\u0438\u0441\u0442 \u0432\u0456\u0434 \u0432\u0443\u043b\u0438\u0447\u043d\u043e\u0457 \u0441\u043f\u0435\u043a\u0438<\/div>\n<p>\u0421\u043a\u043b\u043e\u043f\u0430\u043a\u0435\u0442\u0438 GLASSO Solar\u00ae \u0432\u0456\u0434\u043e\u0431\u0440\u0430\u0436\u0430\u044e\u0442\u044c \u0432\u0435\u043b\u0438\u043a\u0443 \u0447\u0430\u0441\u0442\u0438\u043d\u0443 \u0456\u043d\u0444\u0440\u0430\u0447\u0435\u0440\u0432\u043e\u043d\u043e\u0433\u043e \u0432\u0438\u043f\u0440\u043e\u043c\u0456\u043d\u044e\u0432\u0430\u043d\u043d\u044f, \u044f\u043a\u0435 \u043d\u0430\u0433\u0440\u0456\u0432\u0430\u043b\u043e \u0431 \u043f\u0440\u0438\u043c\u0456\u0449\u0435\u043d\u043d\u044f, \u043f\u0440\u0438 \u0446\u044c\u043e\u043c\u0443 \u0441\u0432\u0456\u0442\u043b\u043e \u043f\u0440\u043e\u0445\u043e\u0434\u0438\u0442\u044c \u0431\u0435\u0437 \u043f\u0435\u0440\u0435\u0448\u043a\u043e\u0434, \u043d\u0435 \u0437\u043c\u0456\u043d\u044e\u044e\u0447\u0438 \u043e\u0441\u0432\u0456\u0442\u043b\u0435\u043d\u043d\u044f.<\/p>\n<\/div>\n<div class=\"other-desc-box__col\">\n<div class=\"other-desc-box__col--title\">\u041d\u0435 \u0432\u0438\u0433\u043e\u0440\u0430\u0454 \u0442\u0435\u043a\u0441\u0442\u0438\u043b\u044c \u0443 \u0431\u0443\u0434\u0438\u043d\u043a\u0443<\/div>\n<p>\u0417\u0433\u043e\u0434\u043e\u043c \u0443\u0441\u0456 \u0448\u0442\u043e\u0440\u0438, \u043a\u0438\u043b\u0438\u043c\u0438 \u0456 \u0442\u0435\u043a\u0441\u0442\u0438\u043b\u044c, \u043d\u0430 \u044f\u043a\u0456 \u043f\u043e\u0442\u0440\u0430\u043f\u043b\u044f\u044e\u0442\u044c \u0443\u043b\u044c\u0442\u0440\u0430\u0444\u0456\u043e\u043b\u0435\u0442\u043e\u0432\u0456 \u043f\u0440\u043e\u043c\u0435\u043d\u0456, \u0432\u0438\u0433\u043e\u0440\u0430\u044e\u0442\u044c. \u0410\u043b\u0435 \u0430\u043b\u044c\u0442\u0435\u0440\u043d\u0430\u0442\u0438\u0432\u0430 \u0454 &#8211; \u0441\u043f\u0435\u0446\u0456\u0430\u043b\u044c\u043d\u0435 \u043d\u0430\u043f\u0438\u043b\u0435\u043d\u043d\u044f, \u044f\u043a\u0438\u043c \u043f\u043e\u043a\u0440\u0438\u0432\u0430\u0454\u0442\u044c\u0441\u044f \u0441\u043a\u043b\u043e GLASSO Solar\u00ae, \u0437\u0434\u0430\u0442\u043d\u0435 \u043d\u0435\u0439\u0442\u0440\u0430\u043b\u0456\u0437\u0443\u0432\u0430\u0442\u0438 \u0434\u043e 80% \u0443\u043b\u044c\u0442\u0440\u0430\u0444\u0456\u043e\u043b\u0435\u0442\u043e\u0432\u0438\u0445 \u043f\u0440\u043e\u043c\u0435\u043d\u0456\u0432, \u0456 \u0442\u0438\u043c \u0441\u0430\u043c\u0438\u043c \u0443 \u043a\u0456\u043b\u044c\u043a\u0430 \u0440\u0430\u0437\u0456\u0432 \u043f\u0440\u043e\u0434\u043e\u0432\u0436\u0438\u0442\u0438 \u0436\u0438\u0442\u0442\u044f \u0412\u0430\u0448\u043e\u0433\u043e \u0442\u0435\u043a\u0441\u0442\u0438\u043b\u044e \u0432 \u0431\u0443\u0434\u0438\u043d\u043a\u0443.<\/p>\n<\/div>\n<div class=\"other-desc-box__col\">\n<div class=\"other-desc-box__col--title\">\u0415\u043a\u043e\u043d\u043e\u043c\u0456\u044f \u043d\u0430 \u043a\u043e\u043d\u0434\u0438\u0446\u0456\u043e\u043d\u0435\u0440\u0456<\/div>\n<p>\u0421\u043e\u043d\u0446\u0435\u0437\u0430\u0445\u0438\u0441\u043d\u0456 \u0441\u0442\u0435\u043a\u043b\u0430 GLASSO Solar\u00ae \u0437\u0431\u0435\u0440\u0456\u0433\u0430\u044e\u0442\u044c \u043f\u0440\u043e\u0445\u043e\u043b\u043e\u0434\u0443 \u0432 \u0431\u0443\u0434\u0438\u043d\u043a\u0443 \u0432\u043b\u0456\u0442\u043a\u0443, \u043f\u0440\u0438 \u0446\u044c\u043e\u043c\u0443 \u0437\u043c\u0435\u043d\u0448\u0443\u044e\u0442\u044c\u0441\u044f \u043d\u0430\u0432\u0430\u043d\u0442\u0430\u0436\u0435\u043d\u043d\u044f \u043d\u0430 \u043a\u043e\u043d\u0434\u0438\u0446\u0456\u043e\u043d\u0443\u0432\u0430\u043d\u043d\u044f, \u0432\u0438\u0442\u0440\u0430\u0442\u0430 \u0435\u043b\u0435\u043a\u0442\u0440\u043e\u0435\u043d\u0435\u0440\u0433\u0456\u0457 \u0432\u043b\u0456\u0442\u043a\u0443 \u0437\u043c\u0435\u043d\u0448\u0443\u0454\u0442\u044c\u0441\u044f \u0434\u043e 40% \u0437\u0430 \u0440\u0430\u0445\u0443\u043d\u043e\u043a \u043c\u0435\u043d\u0448\u043e\u0457 \u0435\u043a\u0441\u043f\u043b\u0443\u0430\u0442\u0430\u0446\u0456\u0457 \u043a\u043e\u043d\u0434\u0438\u0446\u0456\u043e\u043d\u0435\u0440\u0456\u0432.<\/p>\n<\/div>\n<\/div>\n<\/div>\n<div class=\"tab-content-item\" id=\"sound\">\n<div class=\"tab-content__center-img\">\n<img class=\"mobile-hide\" src=\"\/wp-content\/themes\/glasso\/assets\/img\/catalog\/sound-ua.svg\"><br \/>\n<img class=\"mobile-show\" src=\"\/wp-content\/themes\/glasso\/assets\/img\/catalog\/sound-mobile-ua.svg\"><br \/>\n<img class=\"tablet-show\" src=\"\/wp-content\/themes\/glasso\/assets\/img\/catalog\/sound-tablet-ua.svg\">\n<\/div>\n<div class=\"other-desc-box clearfix\">\n<div class=\"other-desc-box__col\">\n<div class=\"other-desc-box__col--title\">\u0417\u0430\u0445\u0438\u0441\u0442 \u0432\u0456\u0434 \u0432\u0443\u043b\u0438\u0447\u043d\u043e\u0433\u043e \u0448\u0443\u043c\u0443<\/div>\n<p>\u0417\u0430\u0432\u0434\u044f\u043a\u0438 \u0442\u0435\u0445\u043d\u043e\u043b\u043e\u0433\u0456\u0457 GLASSO Sound\u00ae \u0432 \u0441\u043a\u043b\u043e\u043f\u0430\u043a\u0435\u0442\u0456 \u0432\u0438\u043a\u043e\u0440\u0438\u0441\u0442\u043e\u0432\u0443\u044e\u0442\u044c\u0441\u044f \u0441\u0442\u0435\u043a\u043b\u0430 \u0440\u0456\u0437\u043d\u043e\u0457 \u0442\u043e\u0432\u0449\u0438\u043d\u0438, \u044f\u043a\u0456 \u043f\u043e\u0433\u043b\u0438\u043d\u0430\u044e\u0442\u044c \u0437\u0432\u0443\u043a\u0438 \u0432\u0443\u043b\u0438\u0446\u0456, \u043e\u0431\u0435\u0440\u0456\u0433\u0430\u044e\u0447\u0438 \u0442\u0438\u0448\u0443 \u043a\u0432\u0430\u0440\u0442\u0438\u0440\u0438 \u0456 \u0441\u043f\u043e\u043a\u0456\u0439 \u0457\u0457 \u043c\u0435\u0448\u043a\u0430\u043d\u0446\u0456\u0432, \u0434\u043e\u0441\u044f\u0433\u0430\u0454\u0442\u044c\u0441\u044f \u0430\u043a\u0443\u0441\u0442\u0438\u0447\u043d\u0438\u0439 \u043a\u043e\u043c\u0444\u043e\u0440\u0442 \u0443 \u0431\u0443\u0434\u0438\u043d\u043a\u0443.<\/p>\n<\/div>\n<div class=\"other-desc-box__col\">\n<div class=\"other-desc-box__col--title\">\u0411\u0435\u0437\u043f\u0435\u043a\u0430<\/div>\n<p>\u0429\u0435 \u043e\u0434\u043d\u0430 \u043a\u043e\u0440\u0438\u0441\u043d\u0430 \u0432\u043b\u0430\u0441\u0442\u0438\u0432\u0456\u0441\u0442\u044c \u0441\u043a\u043b\u0430 GLASSO Sound\u00ae &#8211; \u0432\u0438\u0441\u043e\u043a\u0438\u0439 \u0441\u0442\u0443\u043f\u0456\u043d\u044c \u0431\u0435\u0437\u043f\u0435\u043a\u0438. \u0417\u0430 \u0440\u0430\u0445\u0443\u043d\u043e\u043a \u0437\u0431\u0456\u043b\u044c\u0448\u0435\u043d\u043e\u0457 \u0442\u043e\u0432\u0449\u0438\u043d\u0438 \u0441\u043a\u043b\u0430 \u0439\u043e\u0433\u043e \u0434\u0443\u0436\u0435 \u0441\u043a\u043b\u0430\u0434\u043d\u043e \u0440\u043e\u0437\u0431\u0438\u0442\u0438, \u0441\u0430\u043c\u0435 \u0442\u0430\u043a\u0435 \u0432\u0456\u043a\u043d\u043e \u0447\u0443\u0434\u043e\u0432\u043e \u043f\u0456\u0434\u0445\u043e\u0434\u0438\u0442\u044c \u0434\u043b\u044f \u0434\u0438\u0442\u044f\u0447\u043e\u0457 \u043a\u0456\u043c\u043d\u0430\u0442\u0438.<\/p>\n<\/div>\n<div class=\"other-desc-box__col\">\n<div class=\"other-desc-box__col--title\">\u0417\u0431\u0435\u0440\u0456\u0433\u0430\u0454\u043c\u043e \u0442\u0435\u043f\u043b\u043e \u0432\u0437\u0438\u043c\u043a\u0443<\/div>\n<p>\u0423 \u0441\u043a\u043b\u043e\u043f\u0430\u043a\u0435\u0442\u0456 GLASSO Sound\u00ae \u0432\u043d\u0443\u0442\u0440\u0456\u0448\u043d\u0454 \u0441\u043a\u043b\u043e \u043c\u0430\u0454 \u0435\u043d\u0435\u0440\u0433\u043e\u0437\u0431\u0435\u0440\u0456\u0433\u0430\u044e\u0447\u0435 \u043f\u043e\u043a\u0440\u0438\u0442\u0442\u044f, \u044f\u043a\u0435 \u0432\u0456\u0434\u043e\u0431\u0440\u0430\u0436\u0430\u0454 \u0442\u0435\u043f\u043b\u043e\u0432\u0435 \u0432\u0438\u043f\u0440\u043e\u043c\u0456\u043d\u044e\u0432\u0430\u043d\u043d\u044f \u0432\u0456\u0434 \u043e\u043f\u0430\u043b\u044e\u0432\u0430\u043b\u044c\u043d\u0438\u0445 \u043f\u0440\u0438\u043b\u0430\u0434\u0456\u0432 \u043d\u0430\u0437\u0430\u0434 \u0432\u0441\u0435\u0440\u0435\u0434\u0438\u043d\u0443 \u043f\u0440\u0438\u043c\u0456\u0449\u0435\u043d\u043d\u044f, \u043d\u0435 \u0434\u0430\u044e\u0447\u0438 \u0442\u0435\u043f\u043b\u0443 \u043f\u0456\u0442\u0438 \u043d\u0430 \u0432\u0443\u043b\u0438\u0446\u044e, \u0442\u0438\u043c \u0441\u0430\u043c\u0438\u043c \u0437\u0430\u0431\u0435\u0437\u043f\u0435\u0447\u0443\u044e\u0447\u0438 \u0432\u0438\u0441\u043e\u043a\u0443 \u0442\u0435\u043f\u043b\u043e\u0456\u0437\u043e\u043b\u044f\u0446\u0456\u044e \u0432 \u0445\u043e\u043b\u043e\u0434\u043d\u0443 \u043f\u043e\u0440\u0443 \u0440\u043e\u043a\u0443.<\/p>\n<\/div>\n<\/div>\n<\/div>\n<div class=\"tab-content-item\" id=\"triplex\">\n<div class=\"tab-content__center-img\">\n<img class=\"mobile-hide\" src=\"\/wp-content\/themes\/glasso\/assets\/img\/catalog\/triplex-ua.svg\"><br \/>\n<img class=\"mobile-show\" src=\"\/wp-content\/themes\/glasso\/assets\/img\/catalog\/triplex-mobile-ua.svg\"><br \/>\n<img class=\"tablet-show\" src=\"\/wp-content\/themes\/glasso\/assets\/img\/catalog\/triplex-tablet-ua.svg\">\n<\/div>\n<div class=\"other-desc-box clearfix\">\n<div class=\"other-desc-box__col\">\n<div class=\"other-desc-box__col--title\">\u041f\u043e\u043a\u0438 \u0412\u0430\u0441 \u043d\u0435\u043c\u0430\u0454 \u0432\u0434\u043e\u043c\u0430<\/div>\n<p>\u0423\u0431\u0435\u0437\u043f\u0435\u0447\u0438\u0442\u0438 \u0432\u0456\u043a\u043d\u0430 \u0442\u0430 \u0434\u0432\u0435\u0440\u0456 \u0432\u0456\u0434 \u043f\u0440\u043e\u043d\u0438\u043a\u043d\u0435\u043d\u043d\u044f \u0437 \u0432\u0443\u043b\u0438\u0446\u0456 \u043c\u043e\u0436\u043b\u0438\u0432\u043e \u0437\u0430\u0432\u0434\u044f\u043a\u0438 \u0442\u0435\u0445\u043d\u043e\u043b\u043e\u0433\u0456\u0457 GLASSO Triplex \u00ae. \u041e\u0441\u043e\u0431\u043b\u0438\u0432\u043e \u0430\u043a\u0442\u0443\u0430\u043b\u044c\u043d\u0438\u043c \u0454 \u043f\u0438\u0442\u0430\u043d\u043d\u044f \u0431\u0435\u0437\u043f\u0435\u043a\u0438 \u0432 \u0437\u0430\u043c\u0456\u0441\u044c\u043a\u043e\u043c\u0443 \u0431\u0443\u0434\u0438\u043d\u043a\u0443 \u0430\u0431\u043e \u0432 \u043a\u0432\u0430\u0440\u0442\u0438\u0440\u0456 \u043d\u0430 \u043f\u0435\u0440\u0448\u043e\u043c\u0443 \u0456 \u043e\u0441\u0442\u0430\u043d\u043d\u044c\u043e\u043c\u0443 \u043f\u043e\u0432\u0435\u0440\u0441\u0456. \u041f\u0440\u0438 \u0441\u043f\u0440\u043e\u0431\u0456 \u0440\u043e\u0437\u0431\u0438\u0442\u0438 \u0442\u0430\u043a\u0435 \u0432\u0456\u043a\u043d\u043e, GLASSO Triplex\u00ae \u043f\u043e\u0433\u0430\u0441\u0438\u0442\u044c \u0441\u0438\u043b\u0443 \u0443\u0434\u0430\u0440\u0443 \u0456 \u043d\u0435 \u0434\u043e\u0437\u0432\u043e\u043b\u0438\u0442\u044c \u0437\u043b\u043e\u0434\u0456\u044e \u043f\u0440\u043e\u043d\u0438\u043a\u043d\u0443\u0442\u0438 \u0432 \u043f\u0440\u0438\u043c\u0456\u0449\u0435\u043d\u043d\u044f!<\/p>\n<\/div>\n<div class=\"other-desc-box__col\">\n<div class=\"other-desc-box__col--title\">\u0413\u0430\u0440\u0430\u043d\u0442\u043e\u0432\u0430\u043d\u0438\u0439 \u0437\u0430\u0445\u0438\u0441\u0442<\/div>\n<p>\u0412\u0441\u0456 \u0437\u0430\u0445\u0438\u0441\u043d\u0456 \u0432\u043b\u0430\u0441\u0442\u0438\u0432\u043e\u0441\u0442\u0456 GLASSO Triplex\u00ae \u0435\u0444\u0435\u043a\u0442\u0438\u0432\u043d\u0456 \u043d\u0435 \u0442\u0456\u043b\u044c\u043a\u0438 \u0432\u0456\u0434 \u0432\u043f\u043b\u0438\u0432\u0456\u0432 \u0437 \u0432\u0443\u043b\u0438\u0446\u0456, \u0432\u0456\u043a\u043d\u0430 \u0430\u0431\u0441\u043e\u043b\u044e\u0442\u043d\u043e \u0431\u0435\u0437\u043f\u0435\u0447\u043d\u0456 \u0437\u0441\u0435\u0440\u0435\u0434\u0438\u043d\u0438. \u0429\u043e\u0431 \u043f\u043e\u0448\u043a\u043e\u0434\u0438\u0442\u0438 \u0442\u0430\u043a\u0435 \u0432\u0456\u043a\u043d\u043e \u043f\u043e\u0442\u0440\u0456\u0431\u043d\u043e \u0434\u043e\u043a\u043b\u0430\u0441\u0442\u0438 \u0447\u0438\u043c\u0430\u043b\u043e \u0437\u0443\u0441\u0438\u043b\u044c, \u0430\u043b\u0435 \u043d\u0430\u0432\u0456\u0442\u044c \u044f\u043a\u0449\u043e \u0446\u0435 \u0441\u0442\u0430\u043d\u0435\u0442\u044c\u0441\u044f, \u0442\u043e \u0441\u043f\u0435\u0446\u0456\u0430\u043b\u044c\u043d\u0430 \u043f\u043b\u0456\u0432\u043a\u0430 \u0443\u0442\u0440\u0438\u043c\u0430\u0454 \u0443\u043b\u0430\u043c\u043a\u0438. \u0417 \u0442\u0430\u043a\u0438\u043c\u0438 \u0432\u0456\u043a\u043d\u0430\u043c\u0438 \u043c\u043e\u0436\u043d\u0430 \u0431\u0443\u0442\u0438 \u043f\u043e\u0432\u043d\u0456\u0441\u0442\u044e \u0441\u043f\u043e\u043a\u0456\u0439\u043d\u0438\u043c \u0437\u0430 \u0431\u0435\u0437\u043f\u0435\u043a\u0443 \u0435\u043d\u0435\u0440\u0433\u0456\u0439\u043d\u0438\u0445 \u0434\u0456\u0442\u0435\u0439.<\/p>\n<\/div>\n<div class=\"other-desc-box__col\">\n<div class=\"other-desc-box__col--title\">\u0417\u0432\u0443\u043a\u043e\u0456\u0437\u043e\u043b\u044f\u0446\u0456\u044f<\/div>\n<p>\u0422\u0430\u043a \u044f\u043a \u0432 \u0441\u043a\u043b\u043e\u043f\u0430\u043a\u0435\u0442\u0430\u0445 GLASSO Triplex\u00ae \u0432\u0438\u043a\u043e\u0440\u0438\u0441\u0442\u043e\u0432\u0443\u044e\u0442\u044c\u0441\u044f \u0441\u0442\u0435\u043a\u043b\u0430 \u0440\u0456\u0437\u043d\u043e\u0457 \u0442\u043e\u0432\u0449\u0438\u043d\u0438, \u0432\u0456\u0434\u0431\u0443\u0432\u0430\u0454\u0442\u044c\u0441\u044f \u043f\u0440\u043e\u0446\u0435\u0441 \u043f\u043e\u0433\u043b\u0438\u043d\u0430\u043d\u043d\u044f \u0437\u0430\u0439\u0432\u043e\u0433\u043e \u0448\u0443\u043c\u0443. \u0417\u0430\u0431\u0435\u0437\u043f\u0435\u0447\u0443\u044e\u0447\u0438 \u043a\u043e\u043c\u043f\u043b\u0435\u043a\u0441\u043d\u0438\u0439 \u0437\u0430\u0445\u0438\u0441\u0442 \u043f\u0440\u0438\u043c\u0456\u0449\u0435\u043d\u043d\u044f \u0432\u0456\u0434 \u0437\u0432\u0443\u043a\u0456\u0432 \u0432\u0443\u043b\u0438\u0446\u0456, \u043e\u0431\u0435\u0440\u0456\u0433\u0430\u044e\u0447\u0438 \u0442\u0438\u0448\u0443 \u043a\u0432\u0430\u0440\u0442\u0438\u0440\u0438 \u0456 \u0441\u043f\u043e\u043a\u0456\u0439 \u0457\u0457 \u043c\u0435\u0448\u043a\u0430\u043d\u0446\u0456\u0432.<\/p>\n<\/div>\n<\/div>\n<\/div>\n<\/div>\n<\/div>\n<div class=\"parallax-title-box\">\n<div class=\"parallax-title-box__content\">\n<div class=\"parallax-title-box__content--title\">Schutz vor der Textilverfalbung und vor der Raumheizung<\/div>\n<p>Die Innenausstattung und Textilien in Ihrem Zuhause sind durch die Reflexion von bis zu 80% sch\u00e4dlicher UV-Strahlung vor Verfalbung gesch\u00fctzt.  Fenster GLASSO Solar lassen nur 35% der Sonnenw\u00e4rme durch, halten das Haus im Sommer k\u00fchl und reduzieren gleichzeitig die Belastung der Klimaanlage.<\/p>\n<\/div>\n<div class=\"parallax-box\"><img src=\"\/wp-content\/themes\/glasso\/assets\/img\/catalog\/327.jpg\" data-speed=\"1\"><\/div>\n<\/div>\n<div class=\"parallax-title-box\">\n<div class=\"parallax-title-box__content\">\n<div class=\"parallax-title-box__content--title\">Die Sicherheit Ihrer Familie<\/div>\n<p>Fenster mit GLASSO Triplex\u00ae-Technologie mit mehrschichtigem sto\u00dfsicherem Glas, einbruchhemmenden Beschl\u00e4gen und Griffen bieten einen hohen Schutz gegen Versuche, das Fenster mit roher k\u00f6rperlicher Gewalt zu \u00f6ffnen.<\/p>\n<\/div>\n<div class=\"parallax-box\"><img src=\"\/wp-content\/themes\/glasso\/assets\/img\/catalog\/577.jpg\" data-speed=\"1\"><\/div>\n<\/div>\n<p><\/p>","protected":false},"excerpt":{"rendered":"<p>Doppelt verglaste Fenster GLASSO Climat Sparen Sie Heizkosten bis zu 40% \u0421\u043a\u043b\u043e\u043f\u0430\u043a\u0435\u0442\u0438 GLASSO Sound \u0422\u0438\u0448\u0430 \u0456 \u0441\u043f\u043e\u043a\u0456\u0439, \u043d\u0430\u0432\u0456\u0442\u044c \u044f\u043a\u0449\u043e \u0437\u0430 \u0432\u0456\u043a\u043d\u043e\u043c &#8211; \u0436\u0432\u0430\u0432\u0430 \u043c\u0430\u0433\u0456\u0441\u0442\u0440\u0430\u043b\u044c \u0421\u043a\u043b\u043e\u043f\u0430\u043a\u0435\u0442\u0438 [&hellip;]<\/p>\n","protected":false},"author":1,"featured_media":0,"parent":0,"menu_order":0,"comment_status":"closed","ping_status":"closed","template":"page-catalog-steklopaket.php","meta":[],"aioseo_notices":[],"_links":{"self":[{"href":"https:\/\/glasso.ua\/de\/wp-json\/wp\/v2\/pages\/296"}],"collection":[{"href":"https:\/\/glasso.ua\/de\/wp-json\/wp\/v2\/pages"}],"about":[{"href":"https:\/\/glasso.ua\/de\/wp-json\/wp\/v2\/types\/page"}],"author":[{"embeddable":true,"href":"https:\/\/glasso.ua\/de\/wp-json\/wp\/v2\/users\/1"}],"replies":[{"embeddable":true,"href":"https:\/\/glasso.ua\/de\/wp-json\/wp\/v2\/comments?post=296"}],"version-history":[{"count":0,"href":"https:\/\/glasso.ua\/de\/wp-json\/wp\/v2\/pages\/296\/revisions"}],"wp:attachment":[{"href":"https:\/\/glasso.ua\/de\/wp-json\/wp\/v2\/media?parent=296"}],"curies":[{"name":"wp","href":"https:\/\/api.w.org\/{rel}","templated":true}]}}