{"id":282,"date":"2020-02-12T15:17:28","date_gmt":"2020-02-12T15:17:28","guid":{"rendered":"https:\/\/glasso.ua\/?page_id=282"},"modified":"2025-07-07T19:29:08","modified_gmt":"2025-07-07T19:29:08","slug":"plastykovye-okna","status":"publish","type":"page","link":"https:\/\/glasso.ua\/de\/plastykovye-okna\/","title":{"rendered":"Kunststoff-Fenster"},"content":{"rendered":"<p><\/p>\n<div class=\"page img-heading\">\n<section class=\"img-section window-page-bg\">\n<div class=\"grid-wrap\">\n<div class=\"grid-line grid-line-1\"><\/div>\n<div class=\"grid-line grid-line-2\"><\/div>\n<div class=\"grid-line grid-line-3\"><\/div>\n<div class=\"grid-line grid-line-4\"><\/div>\n<div class=\"grid-line grid-line-5\"><\/div>\n<div class=\"grid-line grid-line-6\"><\/div>\n<div class=\"grid-line grid-line-7\"><\/div>\n<\/p><\/div>\n<div class=\"window-page__inner\">\n<h1 class=\"window-page__title\">Rabatt f\u00fcr Kunststoff-Fenster<\/h1>\n<div class=\"window-page__content\">\n<p>  Die beste L\u00f6sung, wenn Sie hohe technische Anforderungen haben und hohe europ\u00e4ische Qualit\u00e4t bevorzugen.<\/p><\/div>\n<\/p><\/div>\n<div class=\"window-page__img\"><img src=\"https:\/\/glasso.ua\/wp-content\/themes\/glasso\/assets\/img\/Salamander_BlueEvolution_View05_v02.png\" alt=\"Kunststoff-Fenster\" \/><\/div>\n<\/section>\n<div class=\"scroll-down__wrap\">\n<div class=\"scroll-down__title\">Nach&nbsp;unten&nbsp;scrollen<\/div>\n<div id=\"scroll-down\" class=\"scroll-down__btn\"><img src=\"https:\/\/glasso.ua\/wp-content\/themes\/glasso\/assets\/img\/arrow-down-icon.svg\" \/><\/div>\n<\/p><\/div>\n<\/p><\/div>\n<div class=\"windows-cards__wrap\">\n<div class=\"windows-cards__section\">\n<div class=\"windows-cards__header\">\n<div class=\"windows-cards__title\">GLASSO Kunststoff-Fenster<\/div>\n<\/p><\/div>\n<div class=\"windows-cards__row flex-block flex-wrap\">\n<div class=\"windows-cards__item\">\n    <a href=\"https:\/\/glasso.ua\/de\/plastykovye-okna\/sistemy-glasso\/#system-85\"><\/p>\n<div class=\"windows-card__inner\">\n<div class=\"windows-card__inner-img\"><img src=\"https:\/\/glasso.ua\/wp-content\/themes\/glasso\/assets\/img\/catalog\/Glasso_85-1.jpg\" alt=\"\u043f\u0432\u0445 \u043e\u043a\u043d\u0430\" \/><\/div>\n<div class=\"windows-card__title\">Glasso 85<\/div>\n<div class=\"windows-card__btn\"><button class=\"windows-more-btn\">GENAUER<\/button><\/div>\n<\/p><\/div>\n<p>  <\/a>\n  <\/div>\n<div class=\"windows-cards__item\">\n    <a href=\"https:\/\/glasso.ua\/de\/plastykovye-okna\/sistemy-glasso\/#system-76\"><\/p>\n<div class=\"windows-card__inner\">\n<div class=\"windows-card__inner-img\"><img src=\"https:\/\/glasso.ua\/wp-content\/uploads\/2025\/07\/glasso_76.jpg\" alt=\"Kunststoff-Fenster\" \/><\/div>\n<div class=\"windows-card__title\">Glasso 76s<\/div>\n<div class=\"windows-card__btn\"><button class=\"windows-more-btn\">GENAUER<\/button><\/div>\n<\/p><\/div>\n<p>  <\/a>\n  <\/div>\n<div class=\"windows-cards__item\">\n    <a href=\"https:\/\/glasso.ua\/de\/plastykovye-okna\/sistemy-glasso\/#system-7s\"><\/p>\n<div class=\"windows-card__inner\">\n<div class=\"windows-card__inner-img\"><img src=\"https:\/\/glasso.ua\/wp-content\/themes\/glasso\/assets\/img\/catalog\/Glasso_7S-1.jpg\" alt=\"Kunststoff-Fenster\" \/><\/div>\n<div class=\"windows-card__title\">Glasso 7s<\/div>\n<div class=\"windows-card__btn\"><button class=\"windows-more-btn\">GENAUER<\/button><\/div>\n<\/p><\/div>\n<p>  <\/a>\n  <\/div>\n<div class=\"windows-cards__item\">\n    <a href=\"https:\/\/glasso.ua\/de\/plastykovye-okna\/sistemy-glasso\/#system-4s\"><\/p>\n<div class=\"windows-card__inner\">\n<div class=\"windows-card__inner-img\"><img src=\"https:\/\/glasso.ua\/wp-content\/themes\/glasso\/assets\/img\/catalog\/Glasso_4S-1.jpg\" alt=\"Kunststoff-Fenster\" \/><\/div>\n<div class=\"windows-card__title\">Glasso 5s<\/div>\n<div class=\"windows-card__btn\"><button class=\"windows-more-btn\">GENAUER<\/button><\/div>\n<\/p><\/div>\n<p>  <\/a>\n  <\/div>\n<\/p><\/div>\n<\/p><\/div>\n<div class=\"windows-cards__section\">\n<div class=\"windows-cards__header\">\n<h2>GLASSO-Fenster aus dem Profilsystem Salamander<\/h2>\n<\/p><\/div>\n<div class=\"windows-cards__row flex-block flex-wrap\">\n<div class=\"windows-cards__item\">\n    <a href=\"https:\/\/glasso.ua\/plastykovye-okna\/sistemy-salamander\/blueevolution73\/\"><\/p>\n<div class=\"windows-card__inner\">\n<div class=\"windows-card__inner-img\"><img src=\"https:\/\/glasso.ua\/wp-content\/uploads\/2025\/04\/salam73slider.png\" alt=\"Kunststoff-Fenster\" \/><\/div>\n<div class=\"windows-card__title\">Salamander BluEvolution 73<\/div>\n<div class=\"windows-card__btn\"><button class=\"windows-more-btn\">GENAUER<\/button><\/div>\n<\/p><\/div>\n<p>    <\/a>\n  <\/div>\n<div class=\"windows-cards__item\">\n    <a href=\"https:\/\/glasso.ua\/plastykovye-okna\/sistemy-salamander\/blueevolution82\/\"><\/p>\n<div class=\"windows-card__inner\">\n<div class=\"windows-card__inner-img\"><img src=\"https:\/\/glasso.ua\/wp-content\/uploads\/2025\/04\/salam82slider.png\" alt=\"Kunststoff-Fenster\" \/><\/div>\n<div class=\"windows-card__title\">Salamander BluEvolution 82<\/div>\n<div class=\"windows-card__btn\"><button class=\"windows-more-btn\">GENAUER<\/button><\/div>\n<\/p><\/div>\n<p>  <\/a>\n  <\/div>\n<\/p><\/div>\n<p>  &nbsp;<\/p><\/div>\n<\/p><\/div>\n<p><\/p>","protected":false},"excerpt":{"rendered":"<p>Rabatt f\u00fcr Kunststoff-Fenster Die beste L\u00f6sung, wenn Sie hohe technische Anforderungen haben und hohe europ\u00e4ische Qualit\u00e4t bevorzugen. Nach&nbsp;unten&nbsp;scrollen GLASSO Kunststoff-Fenster Glasso 85 GENAUER Glasso 76s [&hellip;]<\/p>\n","protected":false},"author":1,"featured_media":0,"parent":0,"menu_order":0,"comment_status":"closed","ping_status":"closed","template":"page-windows.php","meta":[],"aioseo_notices":[],"_links":{"self":[{"href":"https:\/\/glasso.ua\/de\/wp-json\/wp\/v2\/pages\/282"}],"collection":[{"href":"https:\/\/glasso.ua\/de\/wp-json\/wp\/v2\/pages"}],"about":[{"href":"https:\/\/glasso.ua\/de\/wp-json\/wp\/v2\/types\/page"}],"author":[{"embeddable":true,"href":"https:\/\/glasso.ua\/de\/wp-json\/wp\/v2\/users\/1"}],"replies":[{"embeddable":true,"href":"https:\/\/glasso.ua\/de\/wp-json\/wp\/v2\/comments?post=282"}],"version-history":[{"count":0,"href":"https:\/\/glasso.ua\/de\/wp-json\/wp\/v2\/pages\/282\/revisions"}],"wp:attachment":[{"href":"https:\/\/glasso.ua\/de\/wp-json\/wp\/v2\/media?parent=282"}],"curies":[{"name":"wp","href":"https:\/\/api.w.org\/{rel}","templated":true}]}}