{"id":27,"date":"2020-02-05T14:54:49","date_gmt":"2020-02-05T14:54:49","guid":{"rendered":"https:\/\/glasso.ua\/?page_id=27"},"modified":"2024-09-24T15:35:43","modified_gmt":"2024-09-24T15:35:43","slug":"kontakty","status":"publish","type":"page","link":"https:\/\/glasso.ua\/de\/kontakty\/","title":{"rendered":"Kontakte"},"content":{"rendered":"<p><\/p>\n<section class=\"crosspage-nav clearfix\">\n<div class=\"crosspage-nav__col-1\">\n<div class=\"crosspage-nav__inner\">\n<h1>Kiew<\/h1>\n<div class=\"crosspage-nav__subtitle\">GLASSO Ausstellungsr\u00e4ume<\/div>\n<\/div>\n<\/div>\n<div class=\"crosspage-nav__col-2\">\n<div class=\"crosspage-nav__inner\">\n<h2>Die ganze Ukraine<\/h2>\n<div class=\"crosspage-nav__subtitle\">H\u00e4ndler und Partner in der ganzen Ukraine<\/div>\n<\/div>\n<div class=\"crosspage-nav__btn\"><a href=\"\/gde-kupit\/\">ANSCHAUEN<\/a><\/div>\n<\/div>\n<\/section>\n<section class=\"salon-list\">\n<div class=\"salon-item__wrap\">\n<div class=\"salon-item clearfix\">\n<div class=\"salon-item__col-1\">\n<div class=\"si-col-title\">U-Bahn-Station:<\/div>\n<div class=\"si-col-line si-blue-line\">&#8222;Palaz Ukraine&#8220;<\/div>\n<div class=\"si-col-address\">Kiew, . Antonowytscha Str. 131<\/div>\n<\/div>\n<div class=\"salon-item__col-2\">\n<div class=\"si-col-title\">Telefone:<\/div>\n<p><a href=\"tel:+380672262267\" class=\"si-col-phone\">+38 (067) 226 22 67<\/a><a href=\"tel:+380505594748\" class=\"si-col-phone\">+38 (050) 559 47 48<\/a>\n<\/div>\n<div class=\"salon-item__col-3\">\n<div class=\"si-col-title\">Arbeitszeit:<\/div>\n<div class=\"si-col-time\">Mo-Fr 10:00-17: 00 Uhr<\/div>\n<div class=\"si-col-schedule\">Samstag: Ruhetag<\/div>\n<div class=\"si-col-schedule\">Sonntag: Ruhetag<\/div>\n<\/div>\n<div class=\"salon-item__call show-modal\" data-target=\"callback-form\">R\u00fcckruf<\/div>\n<\/div>\n<div class=\"salon-item__more\"><\/div>\n<div class=\"salon-item__map\">\n<div id=\"map-palac\" class=\"salon-map\"><\/div>\n<p><a href=\"https:\/\/www.google.com.ua\/maps\/dir\/\/%D0%B2%D1%83%D0%BB%D0%B8%D1%86%D1%8F+%D0%90%D0%BD%D1%82%D0%BE%D0%BD%D0%BE%D0%B2%D0%B8%D1%87%D0%B0,+131,+%D0%9A%D0%B8%D1%97%D0%B2,+02000\/@50.4182807,30.5180005,17z\/data=!4m17!1m7!3m6!1s0x40d4cf3d304e96cb:0xfdb29e598679063c!2z0LLRg9C70LjRhtGPINCQ0L3RgtC-0L3QvtCy0LjRh9CwLCAxMzEsINCa0LjRl9CyLCAwMjAwMA!3b1!8m2!3d50.4182807!4d30.5201892!4m8!1m0!1m5!1m1!1s0x40d4cf3d304e96cb:0xfdb29e598679063c!2m2!1d30.5201892!2d50.4182807!3e2?hl=uk\" target=\"_blank\" class=\"map-route-btn map-btn\" rel=\"noopener noreferrer\"> Route erstellen <\/a><\/p>\n<ul class=\"map-gallery-list\">\n<li><a href=\"https:\/\/www.google.com\/maps\/uv?hl=ru&#038;pb=!1s0x40d4cf8f417b2d3f%3A0x2e4d62ef1578407d!3m1!7e115!4shttps%3A%2F%2Flh5.googleusercontent.com%2Fp%2FAF1QipOUZ2pr1ZxcIB5ybKRpWXIyxruZSVZgslM6Aipx%3Dw444-h320-k-no!5z0LPQu9Cw0YHRgdC-INCw0L3RgtC-0L3QvtCy0LjRh9CwIC0g0J_QvtC40YHQuiDQsiBHb29nbGU!15sCAESAggI&#038;imagekey=!1e10!2sAF1QipMEX4Uaz2RnHVhgHxTRj4DSw3_8h3BhCUDNfBto&#038;sa=X&#038;ved=2ahUKEwiT3LOZ5tPnAhXEysQBHbfAATEQoiowCnoECBsQBg\" style=\"background-image: url(\/wp-content\/uploads\/2020\/02\/contact-bg-1.jpg)\" class=\"map-gallery-video\" target=\"_blank\" rel=\"noopener noreferrer\"><span>3D-\u0442\u0443\u0440 \u0441\u0430\u043b\u043e\u043d\u0443<\/span><\/a><\/li>\n<\/ul>\n<\/div>\n<\/div>\n<div class=\"salon-item__wrap\">\n<div class=\"salon-item clearfix\">\n<div class=\"salon-item__col-1\">\n<div class=\"si-col-title\">U-Bahn-Station:<\/div>\n<div class=\"si-col-line si-red-line\">Swyatoschino<\/div>\n<div class=\"si-col-address\">Kiew, Bul. Wernadskoho 26<\/div>\n<\/div>\n<div class=\"salon-item__col-2\">\n<div class=\"si-col-title\">Telefone:<\/div>\n<p><a href=\"tel:+380445023344\" class=\"si-col-phone\">+38 (044) 502 33 44<\/a><a href=\"tel:+380675017793\" class=\"si-col-phone\">+38 (067) 501 77 93<\/a><a href=\"tel:+380674636406\" class=\"si-col-phone\">+38 (067) 463 64 06<\/a>\n<\/div>\n<div class=\"salon-item__col-3\">\n<div class=\"si-col-title\">Arbeitszeit:<\/div>\n<div class=\"si-col-time\">Mo-Fr 10:00-17: 00 Uhr<\/div>\n<div class=\"si-col-schedule\">Samstag: Ruhetag<\/div>\n<div class=\"si-col-schedule\">Sonntag: Ruhetag<\/div>\n<\/div>\n<div class=\"salon-item__call show-modal\" data-target=\"callback-form\">R\u00fcckruf<\/div>\n<\/div>\n<div class=\"salon-item__more\"><\/div>\n<div class=\"salon-item__map\">\n<div id=\"map-sviatoshyno\" class=\"salon-map\"><\/div>\n<p><a href=\"https:\/\/www.google.com.ua\/maps\/dir\/\/%D0%B1%D1%83%D0%BB%D1%8C%D0%B2%D0%B0%D1%80+%D0%90%D0%BA%D0%B0%D0%B4%D0%B5%D0%BC%D1%96%D0%BA%D0%B0+%D0%92%D0%B5%D1%80%D0%BD%D0%B0%D0%B4%D1%81%D1%8C%D0%BA%D0%BE%D0%B3%D0%BE,+26,+%D0%9A%D0%B8%D1%97%D0%B2,+02000\/@50.4632168,30.3722617,19z\/data=!4m17!1m7!3m6!1s0x40d4cced2780e8ed:0xab004038883bc7dc!2z0LHRg9C70YzQstCw0YAg0JDQutCw0LTQtdC80ZbQutCwINCS0LXRgNC90LDQtNGB0YzQutC-0LPQviwgMjYsINCa0LjRl9CyLCAwMjAwMA!3b1!8m2!3d50.463703!4d30.3723597!4m8!1m0!1m5!1m1!1s0x40d4cced2780e8ed:0xab004038883bc7dc!2m2!1d30.3723597!2d50.463703!3e2?hl=uk\" target=\"_blank\" class=\"map-route-btn map-btn\" rel=\"noopener noreferrer\"> Route erstellen <\/a><\/p>\n<ul class=\"map-gallery-list\">\n<li><a href=\"https:\/\/www.google.com\/maps\/uv?hl=ru&#038;pb=!1s0x40d4cced2780e901%3A0xf2342826a06fca75!3m1!7e115!4shttps%3A%2F%2Flh5.googleusercontent.com%2Fp%2FAF1QipPNh6xLjU2vDJ5SwgX-Yf_CmZPsxJUBFhGN0IvY%3Dw426-h320-k-no!5z0JLQtdGA0L3QsNC00YHQutC-0LPQviDQs9C70LDRgdGB0L4gLSDQn9C-0LjRgdC6INCyIEdvb2dsZQ!15sCAESAggI&#038;imagekey=!1e10!2sAF1QipOgV96p-n6UCDdf5JxS7-JKtXwTYdKH9Usf0niZ&#038;sa=X&#038;ved=2ahUKEwjP3b--5dPnAhULEpoKHTMTBxkQoiowC3oECB8QBg\" style=\"background-image: url(\/wp-content\/uploads\/2020\/02\/contact-bg-2.jpg)\" class=\"map-gallery-video\" target=\"_blank\" rel=\"noopener noreferrer\"><span>3D-\u0442\u0443\u0440 \u0441\u0430\u043b\u043e\u043d\u0443<\/span><\/a><\/li>\n<\/ul>\n<\/div>\n<\/div>\n<div class=\"salon-item__wrap\">\n<div class=\"salon-item clearfix\">\n<div class=\"salon-item__col-1\">\n<div class=\"si-col-title\">U-Bahn-Station:<\/div>\n<div class=\"si-col-line si-green-line\">Poznyaki<\/div>\n<div class=\"si-col-address\">Kiew, . Anny Achmatowoj Str., 22<\/div>\n<\/div>\n<div class=\"salon-item__col-2\">\n<div class=\"si-col-title\">Telefon:<\/div>\n<p><a href=\"tel:+380672478613\" class=\"si-col-phone\">+38 (067) 247 86 13<\/a>\n<\/div>\n<div class=\"salon-item__col-3\">\n<div class=\"si-col-title\">Arbeitszeit:<\/div>\n<div class=\"si-col-time\">Mo-Fr 10:00-17: 00 Uhr<\/div>\n<div class=\"si-col-schedule\">Samstag: Ruhetag<\/div>\n<div class=\"si-col-schedule\">Sonntag: Ruhetag<\/div>\n<\/div>\n<div class=\"salon-item__call show-modal\" data-target=\"callback-form\">R\u00fcckruf<\/div>\n<\/div>\n<div class=\"salon-item__more\"><\/div>\n<div class=\"salon-item__map\">\n<div id=\"map-posniaky\" class=\"salon-map\"><\/div>\n<p><a href=\"https:\/\/www.google.com.ua\/maps\/dir\/\/%D0%B2%D1%83%D0%BB%D0%B8%D1%86%D1%8F+%D0%90%D0%BD%D0%BD%D0%B8+%D0%90%D1%85%D0%BC%D0%B0%D1%82%D0%BE%D0%B2%D0%BE%D1%97,+22,+%D0%9A%D0%B8%D1%97%D0%B2,+02000\/@50.4065288,30.6193638,15.25z\/data=!4m17!1m7!3m6!1s0x40d4c5a63db645a5:0x3c636d8fc1d24af1!2z0LLRg9C70LjRhtGPINCQ0L3QvdC4INCQ0YXQvNCw0YLQvtCy0L7RlywgMjIsINCa0LjRl9CyLCAwMjAwMA!3b1!8m2!3d50.4085304!4d30.6249642!4m8!1m0!1m5!1m1!1s0x40d4c5a63db645a5:0x3c636d8fc1d24af1!2m2!1d30.6249642!2d50.4085304!3e2?hl=uk\" target=\"_blank\" class=\"map-route-btn map-btn\" rel=\"noopener noreferrer\"> Route erstellen <\/a>\n<\/div>\n<\/div>\n<div class=\"salon-item__wrap\">\n<div class=\"salon-item clearfix\">\n<div class=\"salon-item__col-1\">\n<div class=\"si-col-department\">Abteilung f\u00fcr H\u00e4ndler- und Franchise-Verk\u00e4ufe von TM GLASSO<\/div>\n<div class=\"si-col-department-address\">Kiew, Bul. Wernadskoho 26<\/div>\n<div class=\"si-col-department-email\"><a href=\"mailto:dealer@glasso.ua\">dealer@glasso.ua<\/a><\/div>\n<\/div>\n<div class=\"salon-item__col-2\">\n<div class=\"si-col-title\">Telefone:<\/div>\n<p><a href=\"tel:+380442392508\" class=\"si-col-phone\">+38 (044) 239 25 08<\/a><a href=\"tel:+380675767797\" class=\"si-col-phone\">+38 (067) 576 77 97<\/a><\/div>\n<div class=\"salon-item__col-3\">\n<div class=\"si-col-title\">\u00d6ffnungszeiten:<\/div>\n<div class=\"si-col-time\">Mo-Fr 10:00-17:00<\/div>\n<div class=\"si-col-schedule\">Samstag: Ruhetag<\/div>\n<div class=\"si-col-schedule\">Sonntag: Ruhetag<\/div>\n<\/div>\n<\/div>\n<\/div>\n<div class=\"salon-item__wrap\">\n<div class=\"salon-item clearfix\">\n<div class=\"salon-item__col-1\">\n<div class=\"si-col-department\">Service-Abteilung<\/div>\n<div class=\"si-col-department-address\">Kiew, Bul. Wernadskoho 26<\/div>\n<div class=\"si-col-department-email\"><a href=\"mailto:office@glasso.ua\">office@glasso.ua<\/a><\/div>\n<\/div>\n<div class=\"salon-item__col-2\">\n<div class=\"si-col-title\">Telefone:<\/div>\n<p><a class=\"si-col-phone\" href=\"tel:+380675017793\">+38 (067) 501 77 93<\/a>\n<\/div>\n<div class=\"salon-item__col-3\">\n<div class=\"si-col-title\">\u00d6ffnungszeiten:<\/div>\n<div class=\"si-col-time\">Mo-Fr 10:00-17:00<\/div>\n<div class=\"si-col-schedule\">Samstag: Ruhetag<\/div>\n<div class=\"si-col-schedule\">Sonntag: Ruhetag<\/div>\n<\/div>\n<\/div>\n<\/div>\n<\/section>\n<p><\/p>","protected":false},"excerpt":{"rendered":"<p>Kiew GLASSO Ausstellungsr\u00e4ume Die ganze Ukraine H\u00e4ndler und Partner in der ganzen Ukraine ANSCHAUEN U-Bahn-Station: &#8222;Palaz Ukraine&#8220; Kiew, . Antonowytscha Str. 131 Telefone: +38 (067) [&hellip;]<\/p>\n","protected":false},"author":1,"featured_media":0,"parent":0,"menu_order":0,"comment_status":"closed","ping_status":"closed","template":"page-contacts-kyiv.php","meta":[],"aioseo_notices":[],"_links":{"self":[{"href":"https:\/\/glasso.ua\/de\/wp-json\/wp\/v2\/pages\/27"}],"collection":[{"href":"https:\/\/glasso.ua\/de\/wp-json\/wp\/v2\/pages"}],"about":[{"href":"https:\/\/glasso.ua\/de\/wp-json\/wp\/v2\/types\/page"}],"author":[{"embeddable":true,"href":"https:\/\/glasso.ua\/de\/wp-json\/wp\/v2\/users\/1"}],"replies":[{"embeddable":true,"href":"https:\/\/glasso.ua\/de\/wp-json\/wp\/v2\/comments?post=27"}],"version-history":[{"count":0,"href":"https:\/\/glasso.ua\/de\/wp-json\/wp\/v2\/pages\/27\/revisions"}],"wp:attachment":[{"href":"https:\/\/glasso.ua\/de\/wp-json\/wp\/v2\/media?parent=27"}],"curies":[{"name":"wp","href":"https:\/\/api.w.org\/{rel}","templated":true}]}}