{"id":2362,"date":"2020-04-27T21:31:34","date_gmt":"2020-04-27T21:31:34","guid":{"rendered":"https:\/\/glasso.ua\/?page_id=2362"},"modified":"2023-08-06T19:16:09","modified_gmt":"2023-08-06T19:16:09","slug":"evolutiondrive","status":"publish","type":"page","link":"https:\/\/glasso.ua\/de\/plastykovye-razdvyzhnye-systemy\/evolutiondrive\/","title":{"rendered":"Hub- und Schiebesystem Salamander EvolutionDrive"},"content":{"rendered":"<p><\/p>\n<div class=\"animation-box-10\">\n<div class=\"ab10-inner flex-block flex-wrap\">\n<div class=\"ab10-col-left\">\n<div class=\"ab10-inner--title\">\nDer Salamander EvolutionDrive ist ein Hub- und Schiebesystem f\u00fcr alle, die viel Raum gerne haben.<\/div>\n<div class=\"ab10-col__text\">\n<p>Das einzigartige EvolutionDrive-System wurde speziell f\u00fcr die Gestaltung gro\u00dfer \u00d6ffnungen entwickelt. Es wird bei der Verglasung von Terrassen, Winterg\u00e4rten, Terrassen usw. angewandt. Die Schiebefenster und T\u00fcren sind so einfach wie m\u00f6glich zu bedienen und bewirken eine erstaunliche Aussicht direkt von zu Hause aus.<\/p>\n<\/div>\n<div class=\"ab10-inner--subtitle\">Vorteile des Systems:<\/div>\n<ul>\n<li>besteht aus Schiebefenstern und T\u00fcren;<\/li>\n<li>verwendet ein 5-Kammerprofil, der W\u00e4rme\u00fcbertragungskoeffizient durch den Rahmen betr\u00e4gt nicht mehr als 1,5 W\/(m<sup>2<\/sup>K);<\/li>\n<li>Dicke der Verglasung 48 mm;<\/li>\n<li>die Systemabmessungen k\u00f6nnen bis zu 6,5 X 2,5 m betragen;<\/li>\n<li>maximale F\u00fcllung des Innenraums mit Sonnenlicht.<\/li>\n<\/ul>\n<\/div>\n<div class=\"ab10-col-right\">\n<div class=\"ab10-col__inner\">\n<div class=\"ab10-col__img\" data-aos=\"fade-up\"><img class=\"scheme-img\" src=\"\/wp-content\/uploads\/2020\/04\/prs1.svg\"> <\/div>\n<\/div>\n<\/div>\n<\/div>\n<\/div>\n<div class=\"parallax-box\"><img src=\"\/wp-content\/uploads\/2020\/05\/evolutiondrive-1.jpg\" data-speed=\"1\"><\/div>\n<div class=\"animation-box-11\">\n<div class=\"ab11-inner\">\n<div class=\"ab11-row clearfix\">\n<div class=\"ab11-col\">\n<div class=\"ab11-inner--subtitle\">Zuverl\u00e4ssigkeit und Einfachheit<\/div>\n<p>Die SOFT CLOSE-Funktion erm\u00f6glicht eine einfache und sichere Steuerung der Fl\u00fcgelbewegung. Sie sorgt daf\u00fcr, dass der Fl\u00fcgel vor Erreichen der Endposition gebremst und automatisch in die Endposition gebracht wird. Diese L\u00f6sung erm\u00f6glicht eine einfache und sichere Bedienung des Fl\u00fcgels mit einem Gewicht von bis zu 400 kg, ohne Verletzungen oder Sachsch\u00e4den.<\/p>\n<\/div>\n<div class=\"ab11-col\">\n<div class=\"ab11-inner--subtitle\">m\u00fchelose Bewegung von 400 kg <\/div>\n<p>Die T\u00fcren von EvolutionDrive sind mit dem zuverl\u00e4ssigen deutschen Beschlag SIEGENIA PORTAL HS ausgestattet. Eine richtig darauf verteilte Last sorgt f\u00fcr eine reibungslose Bewegung des schweren Fl\u00fcgels und erm\u00f6glicht eine m\u00fchelose Bewegung des Fl\u00fcgels.<\/p>\n<\/div>\n<\/div>\n<\/div>\n<\/div>\n<div class=\"animation-box-10\">\n<div class=\"ab10-inner flex-block flex-wrap\">\n<div class=\"ab10-col-left\">\n<div class=\"ab10-inner--subtitle\">Merkmale des Salamander EvolutionDrive-Systems:<\/div>\n<ul>\n<li>leichte und reibungslose Bewegung der schwierigen Fl\u00fcgel (bis 400 kg);<\/li>\n<li>\u00dcbereinstimmung mit der Widerstandsklasse RC 2, die durch die Verwendung von High-Tech-einbruchhemmenden Elementen erreicht wird;<\/li>\n<li>die geringe Schwellenh\u00f6he (5 mm) sorgt f\u00fcr Bedienkomfort;<\/li>\n<li>Einhaltung des Umweltgleichgewichts, vollst\u00e4ndige Verarbeitung von Materialien;<\/li>\n<li>wundersch\u00f6nes Design &#8211; die erstaunliche wei\u00dfe Farbe, die der Marke Salamander innewohnt, und eine breite Palette von Farbl\u00f6sungen sorgen f\u00fcr unbegrenzte Freiheit von Design- und Architekturl\u00f6sungen.<\/li>\n<\/ul>\n<\/div>\n<div class=\"ab10-col-right\">\n<div class=\"ab10-col__inner\">\n<div class=\"ab10-col__img\" data-aos=\"fade-up\"><img src=\"\/wp-content\/uploads\/2020\/05\/evolutiondrive-2.jpg\"><\/div>\n<\/div>\n<\/div>\n<\/div>\n<\/div>\n<div class=\"img-list__wrap\">\n<div class=\"img-list--title\">Er\u00f6ffnungsschema<\/div>\n<div class=\"img-list\">\n<img class=\"img-list--big\" src=\"\/wp-content\/uploads\/2020\/04\/premislide-big.svg\"><br \/>\n<img class=\"img-list--tablet\" src=\"\/wp-content\/uploads\/2020\/04\/premislide-tablet.svg\"><br \/>\n<img class=\"img-list--mobile\" src=\"\/wp-content\/uploads\/2020\/04\/premislide-mobile.svg\">\n<\/div>\n<\/div>\n<div class=\"parallax-box\"><img src=\"\/wp-content\/uploads\/2020\/05\/evolutiondrive-3.jpg\" data-speed=\"1\"><\/div>\n<div class=\"animation-box-11\">\n<div class=\"ab11-inner\">\n<div class=\"ab11-row clearfix\">\n<div class=\"ab11-col\">\n<div class=\"ab11-inner--title\">GLASSO Service &#8211; 5 Jahre Produktgarantie<\/div>\n<\/div>\n<div class=\"ab11-col\">\n<p>GLASSO bietet einen vollst\u00e4ndigen Spektrum von Wartungsdienstleistungen f\u00fcr die installierten Systeme und deren Reparatur an, um sicherzustellen, dass alle Betriebseigenschaften der Konstruktion erhalten bleiben und ihre Verwendung sicher ist.<\/p>\n<\/div>\n<\/div>\n<\/div>\n<\/div>\n<div class=\"gallery-box\">\n<div class=\"gallery-item--50\" data-aos=\"fade-up\"><img src=\"\/wp-content\/uploads\/2020\/05\/evolutiondrive-4.jpg\"><\/div>\n<div class=\"gallery-item--50\" data-aos=\"fade-up\"><img src=\"\/wp-content\/uploads\/2020\/05\/evolutiondrive-5.jpg\"><\/div>\n<\/div>\n<div class=\"gallery-box\">\n<div class=\"gallery-item--100\" data-aos=\"fade-up\"><img src=\"\/wp-content\/uploads\/2020\/05\/evolutiondrive-6.jpg\"><\/div>\n<\/div>\n<p><\/p>","protected":false},"excerpt":{"rendered":"<p>Der Salamander EvolutionDrive ist ein Hub- und Schiebesystem f\u00fcr alle, die viel Raum gerne haben. Das einzigartige EvolutionDrive-System wurde speziell f\u00fcr die Gestaltung gro\u00dfer \u00d6ffnungen [&hellip;]<\/p>\n","protected":false},"author":1,"featured_media":0,"parent":409,"menu_order":0,"comment_status":"closed","ping_status":"closed","template":"page-doors.php","meta":[],"aioseo_notices":[],"_links":{"self":[{"href":"https:\/\/glasso.ua\/de\/wp-json\/wp\/v2\/pages\/2362"}],"collection":[{"href":"https:\/\/glasso.ua\/de\/wp-json\/wp\/v2\/pages"}],"about":[{"href":"https:\/\/glasso.ua\/de\/wp-json\/wp\/v2\/types\/page"}],"author":[{"embeddable":true,"href":"https:\/\/glasso.ua\/de\/wp-json\/wp\/v2\/users\/1"}],"replies":[{"embeddable":true,"href":"https:\/\/glasso.ua\/de\/wp-json\/wp\/v2\/comments?post=2362"}],"version-history":[{"count":0,"href":"https:\/\/glasso.ua\/de\/wp-json\/wp\/v2\/pages\/2362\/revisions"}],"up":[{"embeddable":true,"href":"https:\/\/glasso.ua\/de\/wp-json\/wp\/v2\/pages\/409"}],"wp:attachment":[{"href":"https:\/\/glasso.ua\/de\/wp-json\/wp\/v2\/media?parent=2362"}],"curies":[{"name":"wp","href":"https:\/\/api.w.org\/{rel}","templated":true}]}}