{"id":2360,"date":"2020-04-27T21:26:53","date_gmt":"2020-04-27T21:26:53","guid":{"rendered":"https:\/\/glasso.ua\/?page_id=2360"},"modified":"2023-08-06T19:08:13","modified_gmt":"2023-08-06T19:08:13","slug":"premidoor","status":"publish","type":"page","link":"https:\/\/glasso.ua\/de\/plastykovye-razdvyzhnye-systemy\/premidoor\/","title":{"rendered":"Hebe- und Schiebesystem K\u00f6mmerling PremiDoor"},"content":{"rendered":"<p><\/p>\n<div class=\"animation-box-10\">\n<div class=\"ab10-inner flex-block flex-wrap\">\n<div class=\"ab10-col-left\">\n<div class=\"ab10-inner--title\">K\u00f6mmerling PremiDoor &#8211; die neue Generation von Hebe- und Schiebesystem<\/div>\n<div class=\"ab10-col__text\">\n<p>Das Schiebesystem PremiDoor 76 ist eine einzigartige Gelegenheit, Barrieren zu beseitigen, sich mit einem unglaublichen Raum und einem Gef\u00fchl von Freiheit zu umgeben und sein Zuhause mit der Umgebung zu verbinden. Sie k\u00f6nnen die Landschaft vor dem Fenster ungehindert ansehen, sei es ein Garten mit bl\u00fchenden Blumenbeeten oder st\u00e4dtische Architektur.<\/p>\n<\/div>\n<div class=\"ab10-inner--subtitle\">Vorteile des Systems:<\/div>\n<ul>\n<li>besteht aus Schiebefenstern und -t\u00fcren;<\/li>\n<li>ausgezeichneter Schutz vor Hitzeaustritt durch ein 5-Kammerprofil und eine 40-mm-Verglasung;<\/li>\n<li>der W\u00e4rme\u00fcbertragungskoeffizient durch den Rahmen betr\u00e4gt 1,4 W\/(m<sup>2<\/sup>K);<\/li>\n<li>die M\u00f6glichkeit, Konstruktionen bis 6,5 X 2,5 m zu erstellen;<\/li>\n<li>F\u00fcllung des Hauses mit Licht und Sonnenenergie.<\/li>\n<\/ul>\n<\/div>\n<div class=\"ab10-col-right\">\n<div class=\"ab10-col__inner\">\n<div class=\"ab10-col__img\" data-aos=\"fade-up\"><img class=\"scheme-img\" src=\"\/wp-content\/uploads\/2020\/04\/prs2.svg\"> <\/div>\n<\/div>\n<\/div>\n<\/div>\n<\/div>\n<div class=\"parallax-box\"><img src=\"\/wp-content\/uploads\/2020\/05\/premidoor-1.jpg\" data-speed=\"1\"><\/div>\n<div class=\"animation-box-11\">\n<div class=\"ab11-inner\">\n<div class=\"ab11-row clearfix\">\n<div class=\"ab11-col\">\n<div class=\"ab11-inner--subtitle\">Exquisites Design<\/div>\n<p>Das K\u00f6mmerling PremiDoor 76 ist eine Menge Glas und Licht, die der Innenarchitektur Eleganz und Raumgef\u00fchl verleihen. Die breite Palette von Farbt\u00f6nen und die Nachahmung nat\u00fcrlicher Materialien tr\u00e4gt zur Realisierung jeglicher architektonischer und designorientierter Ideen bei.<\/p>\n<\/div>\n<div class=\"ab11-col\">\n<div class=\"ab11-inner--subtitle\">Einfache Bedienung<\/div>\n<p>Die innovativen Technologien, die bei der Konstruktion des Systems verwendet werden, haben nicht nur eine hohe W\u00e4rmed\u00e4mmung, sondern auch eine maximale Bedienungsfreundlichkeit erm\u00f6glicht. Der HS 400 compact ist ein Beschlagelement und die fortschrittliche Antriebstechnologie tr\u00e4gt auch bei einem Gewicht von 400 kg zur einfachen und sicheren Bewegung des Fl\u00fcgels bei.<\/p>\n<\/div>\n<\/div>\n<\/div>\n<\/div>\n<div class=\"animation-box-10\">\n<div class=\"ab10-inner flex-block flex-wrap\">\n<div class=\"ab10-col-left\">\n<div class=\"ab10-inner--subtitle\">Besondere Merkmale der K\u00f6mmerling PremiDoor-Konstruktion:<\/div>\n<ul>\n<li>der Rahmen hat eine Montagetiefe von 179 mm, die Montagetiefe des Fl\u00fcgels betr\u00e4gt 76 mm;<\/li>\n<li>Variabilit\u00e4t der Designausf\u00fchrung: traditionelle wei\u00dfe Farbe, einfarbige Ausf\u00fchrung in einer breiten Palette von Farben, Laminierung &#8222;Holz&#8220; oder &#8222;Metallic&#8220;;<\/li>\n<li>Best\u00e4ndigkeit gegen Feuchtigkeitsaufnahme und UV-Exposition;<\/li>\n<li>leichte und reibungslose Bewegung schwerer Fl\u00fcgel;<\/li>\n<li>der innovative SOFT-CLOSE-D\u00e4mpfer erm\u00f6glicht eine einfache und sichere Bedienung des Systems, indem der Fl\u00fcgel automatisch gebremst und zum Ende gebracht wird;<\/li>\n<li>die Umweltfreundlichkeit des Systems beruht auf der Greenline-Technologie, die das Vorhandensein von Blei in den Materialstabilisatoren ausschlie\u00dft.<\/li>\n<\/ul>\n<\/div>\n<div class=\"ab10-col-right\">\n<div class=\"ab10-col__inner\">\n<div class=\"ab10-col__img\" data-aos=\"fade-up\"><img src=\"\/wp-content\/uploads\/2020\/05\/premidoor-2.jpg\"><\/div>\n<\/div>\n<\/div>\n<\/div>\n<\/div>\n<div class=\"img-list__wrap\">\n<div class=\"img-list--title\">\u00d6ffnungs-Diagramm<\/div>\n<div class=\"img-list\">\n<img class=\"img-list--big\" src=\"\/wp-content\/uploads\/2020\/04\/premislide-big.svg\"><br \/>\n<img class=\"img-list--tablet\" src=\"\/wp-content\/uploads\/2020\/04\/premislide-tablet.svg\"><br \/>\n<img class=\"img-list--mobile\" src=\"\/wp-content\/uploads\/2020\/04\/premislide-mobile.svg\">\n<\/div>\n<\/div>\n<div class=\"parallax-box\"><img src=\"\/wp-content\/uploads\/2020\/05\/premidoor-3.jpg\" data-speed=\"1\"><\/div>\n<div class=\"animation-box-11\">\n<div class=\"ab11-inner\">\n<div class=\"ab11-row clearfix\">\n<div class=\"ab11-col\">\n<div class=\"ab11-inner--title\">GLASSO-Service &#8211; ein langer, einwandfreier Systemdienst<\/div>\n<\/div>\n<div class=\"ab11-col\">\n<p>Die komplette Palette von Dienstleistungen von GLASSO f\u00fcr die Installation, Wartung und Reparatur von Verglasungssystemen wird ihren Langzeitdienst unter Beibehaltung aller Funktionsf\u00e4higkeiten gew\u00e4hrleisten. Das Unternehmen bietet eine Garantie f\u00fcr seine Systeme f\u00fcr einen Zeitraum von 5 Jahren. Sie werden jedoch viel l\u00e4nger dienen.<\/p>\n<\/div>\n<\/div>\n<\/div>\n<\/div>\n<div class=\"gallery-box\">\n<div class=\"gallery-item--50\" data-aos=\"fade-up\"><img src=\"\/wp-content\/uploads\/2020\/05\/premidoor-4.jpg\"><\/div>\n<div class=\"gallery-item--50\" data-aos=\"fade-up\"><img src=\"\/wp-content\/uploads\/2020\/05\/premidoor-5.jpg\"><\/div>\n<\/div>\n<div class=\"gallery-box\">\n<div class=\"gallery-item--100\" data-aos=\"fade-up\"><img src=\"\/wp-content\/uploads\/2020\/05\/premidoor-6.jpg\"><\/div>\n<\/div>\n<p><\/p>","protected":false},"excerpt":{"rendered":"<p>K\u00f6mmerling PremiDoor &#8211; die neue Generation von Hebe- und Schiebesystem Das Schiebesystem PremiDoor 76 ist eine einzigartige Gelegenheit, Barrieren zu beseitigen, sich mit einem unglaublichen [&hellip;]<\/p>\n","protected":false},"author":1,"featured_media":0,"parent":409,"menu_order":0,"comment_status":"closed","ping_status":"closed","template":"page-doors.php","meta":[],"aioseo_notices":[],"_links":{"self":[{"href":"https:\/\/glasso.ua\/de\/wp-json\/wp\/v2\/pages\/2360"}],"collection":[{"href":"https:\/\/glasso.ua\/de\/wp-json\/wp\/v2\/pages"}],"about":[{"href":"https:\/\/glasso.ua\/de\/wp-json\/wp\/v2\/types\/page"}],"author":[{"embeddable":true,"href":"https:\/\/glasso.ua\/de\/wp-json\/wp\/v2\/users\/1"}],"replies":[{"embeddable":true,"href":"https:\/\/glasso.ua\/de\/wp-json\/wp\/v2\/comments?post=2360"}],"version-history":[{"count":0,"href":"https:\/\/glasso.ua\/de\/wp-json\/wp\/v2\/pages\/2360\/revisions"}],"up":[{"embeddable":true,"href":"https:\/\/glasso.ua\/de\/wp-json\/wp\/v2\/pages\/409"}],"wp:attachment":[{"href":"https:\/\/glasso.ua\/de\/wp-json\/wp\/v2\/media?parent=2360"}],"curies":[{"name":"wp","href":"https:\/\/api.w.org\/{rel}","templated":true}]}}