{"id":2334,"date":"2020-04-27T13:59:43","date_gmt":"2020-04-27T13:59:43","guid":{"rendered":"https:\/\/glasso.ua\/?page_id=2334"},"modified":"2023-08-06T19:00:31","modified_gmt":"2023-08-06T19:00:31","slug":"kommerling-premislide","status":"publish","type":"page","link":"https:\/\/glasso.ua\/de\/plastykovye-razdvyzhnye-systemy\/kommerling-premislide\/","title":{"rendered":"Schiebesystem K\u00f6mmerling PremiSlide"},"content":{"rendered":"<p><\/p>\n<div class=\"animation-box-10\">\n<div class=\"ab10-inner flex-block flex-wrap\">\n<div class=\"ab10-col-left\">\n<div class=\"ab10-inner--title\">Schiebesystem K\u00f6mmerling PremiSlide <\/div>\n<div class=\"ab10-col__text\">\n<p>Einzigartiges Engineering-Design, das sich durch Einfachheit und Effizienz auszeichnet. Ihr Hauptmerkmal ist, dass kein freier Raum zum \u00d6ffnen der Fl\u00fcgel ben\u00f6tigt wird. Es erm\u00f6glicht Ihnen, die Fensterbank als zus\u00e4tzliche Nutzfl\u00e4che zu verwenden. Alles, was auf der Fensterbank steht, st\u00f6rt beim Bewegen des Fl\u00fcgels nicht<\/p>\n<\/div>\n<div class=\"ab10-inner--subtitle\">Vorteile der Konstruktion:<\/div>\n<ul>\n<li>Verwendung von Schiebefenstern und T\u00fcren;<\/li>\n<li>Zugrundeliegendes 5-Kammerprofil;<\/li>\n<li>die Dicke der Verglasung &#8211; 40 mm;<\/li>\n<li>niedriger W\u00e4rmeableitungskoeffizient;<\/li>\n<li>Praktikabilit\u00e4t und einfache Bedienung.<\/li>\n<\/ul>\n<\/div>\n<div class=\"ab10-col-right\">\n<div class=\"ab10-col__inner\">\n<div class=\"ab10-col__img\" data-aos=\"fade-up\"><img class=\"scheme-img\" src=\"\/wp-content\/uploads\/2020\/04\/prs3.svg\"> <\/div>\n<\/div>\n<\/div>\n<\/div>\n<\/div>\n<div class=\"parallax-box\"><img src=\"\/wp-content\/uploads\/2020\/05\/premislide-1.jpg\" data-speed=\"1\"><\/div>\n<div class=\"animation-box-11\">\n<div class=\"ab11-inner\">\n<div class=\"ab11-row clearfix\">\n<div class=\"ab11-col\">\n<div class=\"ab11-inner--subtitle\">Dichtheit<\/div>\n<p>Die Konstruktion hat gute Luftdichkeit. Es bietet maximalen Schutz vor Regen, kalter Luft und Fremdger\u00e4uschen. Eine hohe W\u00e4rmed\u00e4mmung (1,4 W\/m<sup>2<\/sup>K f\u00fcr ein Standardpaket) sorgt f\u00fcr eine hohe Energieeffizienz des Systems.<\/p>\n<\/div>\n<div class=\"ab11-col\">\n<div class=\"ab11-inner--subtitle\">Glatte \u00d6ffnung<\/div>\n<p>Das K\u00f6mmerling PremiSlide-System basiert auf den fortschrittlichsten Technologien. Eine davon beinhaltet die Verwendung eines innovativen Wagens, um den Fl\u00fcgel zu bewegen. Sie sorgt unabh\u00e4ngig von der Anzahl der durchgef\u00fchrten \u00d6ffnungs-\/Schlie\u00dfzyklen f\u00fcr maximale Beweglichkeit des Fl\u00fcgels und verhindert den Verschlei\u00df des Mechanismus. Ein netter Bonus ist der L\u00fcftungs-Modus mit Einbruchschutz.<\/p>\n<\/div>\n<\/div>\n<\/div>\n<\/div>\n<div class=\"animation-box-10\">\n<div class=\"ab10-inner flex-block flex-wrap\">\n<div class=\"ab10-col-left\">\n<div class=\"ab10-inner--subtitle\">Merkmale des K\u00f6mmerling PremiSlide-Systems:<\/div>\n<ul>\n<li>die Montagetiefe betr\u00e4gt 158 mm f\u00fcr den Rahmen und 76 mm f\u00fcr den Fl\u00fcgel;<\/li>\n<li>die Vielfalt der Design-Ausf\u00fchrung reicht von klassischem Wei\u00df und verschiedenen einfarbigen Farbt\u00f6nen bis hin zur Imitation verschiedener Holz- oder Metallarten;<\/li>\n<li>leichtes und sanftes Bewegen der schwierigen Fl\u00fcgel;<\/li>\n<li>der SOFT CLOSE-D\u00e4mpfer ist eine innovative L\u00f6sung, die eine einfache und sichere Bedienung des Systems erm\u00f6glicht (durch automatisches Bringen des Fl\u00fcgels an seine Endposition reduziert sich das Verletzungsrisiko).;<\/li>\n<li>enge Anlage des Fl\u00fcgels;<\/li>\n<li>ger\u00e4uschlose Schaltungs- \/ Entriegelung, Gew\u00e4hrleistung funktionaler Sicherheit;<\/li>\n<li>umweltfreundliches Design, Verwendung der Greenline-Technologie, die die Verwendung bleifreier Stabilisatoren in den Ausgangsmaterialien vorsieht.<\/li>\n<\/ul>\n<\/div>\n<div class=\"ab10-col-right\">\n<div class=\"ab10-col__inner\">\n<div class=\"ab10-col__img\" data-aos=\"fade-up\"><img src=\"\/wp-content\/uploads\/2020\/05\/premislide-2.jpg\"><\/div>\n<\/div>\n<\/div>\n<\/div>\n<\/div>\n<div class=\"img-list__wrap\">\n<div class=\"img-list--title\">\u00d6ffnungs-Diagramm<\/div>\n<div class=\"img-list\">\n<img class=\"img-list--big\" src=\"\/wp-content\/uploads\/2020\/04\/evolutiondrive-big.svg\"><br \/>\n<img class=\"img-list--tablet\" src=\"\/wp-content\/uploads\/2020\/04\/evolutiondrive-tablet.svg\"><br \/>\n<img class=\"img-list--mobile\" src=\"\/wp-content\/uploads\/2020\/04\/evolutiondrive-mobile.svg\">\n<\/div>\n<\/div>\n<div class=\"parallax-box\"><img src=\"\/wp-content\/uploads\/2020\/05\/premislide-3.jpg\" data-speed=\"1\"><\/div>\n<div class=\"animation-box-11\">\n<div class=\"ab11-inner\">\n<div class=\"ab11-row clearfix\">\n<div class=\"ab11-col\">\n<div class=\"ab11-inner--title\">GLASSO Service &#8211; 5 Jahre Lebensdauergarantie<\/div>\n<\/div>\n<div class=\"ab11-col\">\n<p>\nGLASSO bietet eine umfassende Palette von Dienstleistungen f\u00fcr die Installation, Reparatur und Wartung von Verglasungen an, um sicherzustellen, dass die Systeme funktionsf\u00e4hig bleiben und ihre Lebensdauer sicher sind.<\/p>\n<\/div>\n<\/div>\n<\/div>\n<\/div>\n<div class=\"gallery-box\">\n<div class=\"gallery-item--50\" data-aos=\"fade-up\"><img src=\"\/wp-content\/uploads\/2020\/05\/premislide-4.jpg\"><\/div>\n<div class=\"gallery-item--50\" data-aos=\"fade-up\"><img src=\"\/wp-content\/uploads\/2020\/05\/premislide-5.jpg\"><\/div>\n<\/div>\n<div class=\"gallery-box\">\n<div class=\"gallery-item--100\" data-aos=\"fade-up\"><img src=\"\/wp-content\/uploads\/2020\/05\/premislide-6.jpg\"><\/div>\n<\/div>\n<p><\/p>","protected":false},"excerpt":{"rendered":"<p>Schiebesystem K\u00f6mmerling PremiSlide Einzigartiges Engineering-Design, das sich durch Einfachheit und Effizienz auszeichnet. Ihr Hauptmerkmal ist, dass kein freier Raum zum \u00d6ffnen der Fl\u00fcgel ben\u00f6tigt wird. [&hellip;]<\/p>\n","protected":false},"author":1,"featured_media":0,"parent":409,"menu_order":0,"comment_status":"closed","ping_status":"closed","template":"page-doors.php","meta":[],"aioseo_notices":[],"_links":{"self":[{"href":"https:\/\/glasso.ua\/de\/wp-json\/wp\/v2\/pages\/2334"}],"collection":[{"href":"https:\/\/glasso.ua\/de\/wp-json\/wp\/v2\/pages"}],"about":[{"href":"https:\/\/glasso.ua\/de\/wp-json\/wp\/v2\/types\/page"}],"author":[{"embeddable":true,"href":"https:\/\/glasso.ua\/de\/wp-json\/wp\/v2\/users\/1"}],"replies":[{"embeddable":true,"href":"https:\/\/glasso.ua\/de\/wp-json\/wp\/v2\/comments?post=2334"}],"version-history":[{"count":0,"href":"https:\/\/glasso.ua\/de\/wp-json\/wp\/v2\/pages\/2334\/revisions"}],"up":[{"embeddable":true,"href":"https:\/\/glasso.ua\/de\/wp-json\/wp\/v2\/pages\/409"}],"wp:attachment":[{"href":"https:\/\/glasso.ua\/de\/wp-json\/wp\/v2\/media?parent=2334"}],"curies":[{"name":"wp","href":"https:\/\/api.w.org\/{rel}","templated":true}]}}