{"id":1610,"date":"2020-04-11T08:38:10","date_gmt":"2020-04-11T08:38:10","guid":{"rendered":"https:\/\/glasso.ua\/?page_id=1610"},"modified":"2024-09-24T14:52:10","modified_gmt":"2024-09-24T14:52:10","slug":"panelnie-dveri","status":"publish","type":"page","link":"https:\/\/glasso.ua\/de\/panelnie-dveri\/","title":{"rendered":"Eingangspaneelt\u00fcren"},"content":{"rendered":"<p><\/p>\n<div class=\"animation-box-10\">\n<div class=\"ab10-inner flex-block flex-wrap\">\n<div class=\"ab10-col-left\">\n<h2>Aluminium-Paneel-T\u00fcren<\/h2>\n<div class=\"ab10-col__text\">\n<p>Die anspruchsvollsten Anforderungen des Verbrauchers erf\u00fcllen GLASSO-Paneelt\u00fcren. Sie bieten nicht nur einen zuverl\u00e4ssigen Schutz f\u00fcr das Geb\u00e4ude, sondern werden auch zur Visitenkarte der Eingangsgruppe, was auf ihr exquisites Design zur\u00fcckzuf\u00fchren ist. Die Paneelt\u00fcren zeichnen sich durch hohe \u00e4sthetische Eigenschaften sowie erh\u00f6hte Einbruchfestigkeit aus. Sie haben auch eine ausgezeichnete W\u00e4rme- und Schalld\u00e4mmung.<\/p>\n<\/div>\n<h3>Technische Daten und Parameter:<\/h3>\n<ul>\n<li>Dicke der F\u00fcllplatte: 22 &#8211; 95 mm<\/li>\n<li>maximale Fl\u00fcgelma\u00dfe: L bis 1357 mm, H bis 2600 mm<\/li>\n<li>Atmungsaktivit\u00e4t: Klasse 3, PN-EN 12207: 2001<\/li>\n<li>Wasserdicht: Klasse 7A (300 Pa), PN-EN 12208: 2001<\/li>\n<li>Windbest\u00e4ndigkeit: Klasse C5 \/ B5, PN-EN 12210: 2001<\/li>\n<li>W\u00e4rmed\u00e4mmung: UD ab 0,44 W\/m<sup>2<\/sup>K<\/li>\n<li>Schutzklasse: RC2<\/li>\n<\/ul>\n<\/div>\n<div class=\"ab10-col-right\">\n<div class=\"ab10-col__inner\">\n<div class=\"ab10-col__img ab10-col__img-center\" data-aos=\"fade-up\"><img src=\"\/wp-content\/uploads\/2020\/04\/panelnie-dveri-1.jpg\"> <\/div>\n<\/div>\n<\/div>\n<\/div>\n<\/div>\n<div class=\"parallax-box\"><img src=\"\/wp-content\/uploads\/2020\/04\/panelnie-dveri-2.jpg\" data-speed=\"1\"><\/div>\n<div class=\"animation-box-11\">\n<div class=\"ab11-inner\">\n<div class=\"ab11-row clearfix\">\n<div class=\"ab11-col\">\n<h3>Zuverl\u00e4ssige Dichtheit<\/h3>\n<p>Wasserdicht ist eine der wichtigsten Eigenschaften der Haust\u00fcr. Sie sollten das Innere des Geb\u00e4udes vor dem Eindringen von Feuchtigkeit sch\u00fctzen. Egal, welcher Regen oder Sturm drau\u00dfen tobte. Die Eingangst\u00fcren m\u00fcssen die Wasserdichtheitsklasse 3A bis 9A haben. Den zuverl\u00e4ssigsten Schutz bieten die T\u00fcren der Klasse 9A. Glasso-T\u00fcren geh\u00f6ren zur Klasse 7A.<\/p>\n<\/div>\n<div class=\"ab11-col\">\n<h3>Komfort und \u00c4sthetik<\/h3>\n<p>Die Paneele der Eingangst\u00fcren sind in einer breiten Farbgebung und verschiedenen Texturen dargestellt. Bei ihrer Gestaltung werden doppelt verglaste Fenster, Applikationen, Musterfr\u00e4sen verwendet. Sie m\u00fcssen sowohl dem architektonischen Stil des Geb\u00e4udes als auch dem Interieur entsprechen. Mit dem klassischen Stil werden Holzt\u00fcren oder Glasplatten optimal kombiniert. In einem modernen Design werden T\u00fcren, die in Graphitt\u00f6nen gehalten sind, beeindruckend aussehen.<\/p>\n<\/div>\n<\/div>\n<\/div>\n<\/div>\n<div class=\"gallery-four__wrap\">\n<h2 class=\"gallery-four__title\">W\u00e4hlen Sie die T\u00fcr aus, die Ihnen gef\u00e4llt<\/h2>\n<div class=\"gallery-four__box\">\n<div class=\"gallery-four__item\">\n<img src=\"\/wp-content\/uploads\/2020\/04\/ap-01.jpg\"><\/p>\n<div class=\"gallery-four__name\">GLASSO AP-01<\/div>\n<\/div>\n<div class=\"gallery-four__item\">\n<img src=\"\/wp-content\/uploads\/2020\/04\/ap-02.jpg\"><\/p>\n<div class=\"gallery-four__name\">GLASSO AP-02<\/div>\n<\/div>\n<div class=\"gallery-four__item\">\n<img src=\"\/wp-content\/uploads\/2020\/04\/ap-03.jpg\"><\/p>\n<div class=\"gallery-four__name\">GLASSO AP-03<\/div>\n<\/div>\n<div class=\"gallery-four__item\">\n<img src=\"\/wp-content\/uploads\/2020\/04\/ap-04.jpg\"><\/p>\n<div class=\"gallery-four__name\">GLASSO AP-04<\/div>\n<\/div>\n<div class=\"gallery-four__item\">\n<img src=\"\/wp-content\/uploads\/2020\/04\/ap-05.jpg\"><\/p>\n<div class=\"gallery-four__name\">GLASSO AP-05<\/div>\n<\/div>\n<div class=\"gallery-four__item\">\n<img src=\"\/wp-content\/uploads\/2020\/04\/ap-06.jpg\"><\/p>\n<div class=\"gallery-four__name\">GLASSO AP-06<\/div>\n<\/div>\n<div class=\"gallery-four__item\">\n<img src=\"\/wp-content\/uploads\/2020\/04\/ap-07.jpg\"><\/p>\n<div class=\"gallery-four__name\">GLASSO AP-07<\/div>\n<\/div>\n<div class=\"gallery-four__item\">\n<img src=\"\/wp-content\/uploads\/2020\/04\/ap-08.jpg\"><\/p>\n<div class=\"gallery-four__name\">GLASSO AP-08<\/div>\n<\/div>\n<div class=\"gallery-four__item\">\n<img src=\"\/wp-content\/uploads\/2020\/04\/ap-09.jpg\"><\/p>\n<div class=\"gallery-four__name\">GLASSO AP-09<\/div>\n<\/div>\n<div class=\"gallery-four__item\">\n<img src=\"\/wp-content\/uploads\/2020\/04\/ap-10.jpg\"><\/p>\n<div class=\"gallery-four__name\">GLASSO AP-10<\/div>\n<\/div>\n<div class=\"gallery-four__item\">\n<img src=\"\/wp-content\/uploads\/2020\/04\/ap-11.jpg\"><\/p>\n<div class=\"gallery-four__name\">GLASSO AP-11<\/div>\n<\/div>\n<div class=\"gallery-four__item\">\n<img src=\"\/wp-content\/uploads\/2020\/04\/ap-12.jpg\"><\/p>\n<div class=\"gallery-four__name\">GLASSO AP-12<\/div>\n<\/div>\n<div class=\"gallery-four__item\">\n<img src=\"\/wp-content\/uploads\/2020\/04\/ap-13.jpg\"><\/p>\n<div class=\"gallery-four__name\">GLASSO AP-13<\/div>\n<\/div>\n<div class=\"gallery-four__item\">\n<img src=\"\/wp-content\/uploads\/2020\/04\/ap-14.jpg\"><\/p>\n<div class=\"gallery-four__name\">GLASSO AP-14<\/div>\n<\/div>\n<div class=\"gallery-four__item\">\n<img src=\"\/wp-content\/uploads\/2020\/04\/ap-15.jpg\"><\/p>\n<div class=\"gallery-four__name\">GLASSO AP-15<\/div>\n<\/div>\n<div class=\"gallery-four__item\">\n<img src=\"\/wp-content\/uploads\/2020\/04\/ap-16.jpg\"><\/p>\n<div class=\"gallery-four__name\">GLASSO AP-16<\/div>\n<\/div>\n<div class=\"gallery-four__item\">\n<img src=\"\/wp-content\/uploads\/2020\/04\/ap-17.jpg\"><\/p>\n<div class=\"gallery-four__name\">GLASSO AP-17<\/div>\n<\/div>\n<div class=\"gallery-four__item\">\n<img src=\"\/wp-content\/uploads\/2020\/04\/ap-18.jpg\"><\/p>\n<div class=\"gallery-four__name\">GLASSO AP-18<\/div>\n<\/div>\n<div class=\"gallery-four__item\">\n<img src=\"\/wp-content\/uploads\/2020\/04\/ap-19.jpg\"><\/p>\n<div class=\"gallery-four__name\">GLASSO AP-19<\/div>\n<\/div>\n<div class=\"gallery-four__item\">\n<img src=\"\/wp-content\/uploads\/2020\/04\/ap-20.jpg\"><\/p>\n<div class=\"gallery-four__name\">GLASSO AP-20<\/div>\n<\/div>\n<\/div>\n<\/div>\n<div class=\"parallax-box\"><img src=\"\/wp-content\/uploads\/2020\/04\/panelnie-dveri-3.jpg\" data-speed=\"1\"><\/div>\n<div class=\"animation-box-11\">\n<div class=\"ab11-inner\">\n<div class=\"ab11-row clearfix\">\n<div class=\"ab11-col\">\n<h2>GLASSO Service &#8211; jahrelange Garantie f\u00fcr die Lebensdauer<\/h2>\n<\/div>\n<div class=\"ab11-col\">\n<p>GLASSO ist bestrebt, sicherzustellen, dass die gelieferten Systeme so sicher wie m\u00f6glich sind und die gr\u00f6\u00dfte Funktionalit\u00e4t haben, indem sie die gesamte Palette an Reparaturdienstleistungen bereitstellen.<\/p>\n<\/div>\n<\/div>\n<\/div>\n<\/div>\n<div class=\"gallery-box\">\n<div class=\"gallery-item--50\" data-aos=\"fade-up\"><img src=\"\/wp-content\/uploads\/2020\/04\/panelnie-dveri-4.jpg\"><\/div>\n<div class=\"gallery-item--50\" data-aos=\"fade-up\"><img src=\"\/wp-content\/uploads\/2020\/04\/panelnie-dveri-5.jpg\"><\/div>\n<\/div>\n<div class=\"gallery-box\">\n<div class=\"gallery-item--100\" data-aos=\"fade-up\"><img src=\"\/wp-content\/uploads\/2020\/04\/panelnie-dveri-6.jpg\"><\/div>\n<\/div>\n<p><\/p>","protected":false},"excerpt":{"rendered":"<p>Aluminium-Paneel-T\u00fcren Die anspruchsvollsten Anforderungen des Verbrauchers erf\u00fcllen GLASSO-Paneelt\u00fcren. Sie bieten nicht nur einen zuverl\u00e4ssigen Schutz f\u00fcr das Geb\u00e4ude, sondern werden auch zur Visitenkarte der Eingangsgruppe, [&hellip;]<\/p>\n","protected":false},"author":1,"featured_media":0,"parent":0,"menu_order":0,"comment_status":"closed","ping_status":"closed","template":"page-doors.php","meta":[],"aioseo_notices":[],"_links":{"self":[{"href":"https:\/\/glasso.ua\/de\/wp-json\/wp\/v2\/pages\/1610"}],"collection":[{"href":"https:\/\/glasso.ua\/de\/wp-json\/wp\/v2\/pages"}],"about":[{"href":"https:\/\/glasso.ua\/de\/wp-json\/wp\/v2\/types\/page"}],"author":[{"embeddable":true,"href":"https:\/\/glasso.ua\/de\/wp-json\/wp\/v2\/users\/1"}],"replies":[{"embeddable":true,"href":"https:\/\/glasso.ua\/de\/wp-json\/wp\/v2\/comments?post=1610"}],"version-history":[{"count":0,"href":"https:\/\/glasso.ua\/de\/wp-json\/wp\/v2\/pages\/1610\/revisions"}],"wp:attachment":[{"href":"https:\/\/glasso.ua\/de\/wp-json\/wp\/v2\/media?parent=1610"}],"curies":[{"name":"wp","href":"https:\/\/api.w.org\/{rel}","templated":true}]}}