{"id":1519,"date":"2020-03-21T16:56:40","date_gmt":"2020-03-21T16:56:40","guid":{"rendered":"https:\/\/glasso.ua\/?page_id=1519"},"modified":"2023-08-06T18:30:01","modified_gmt":"2023-08-06T18:30:01","slug":"furnitura","status":"publish","type":"page","link":"https:\/\/glasso.ua\/de\/furnitura\/","title":{"rendered":"Beschlag"},"content":{"rendered":"<p><\/p>\n<section class=\"furnitura-content__section\">\n<div class=\"furnitura-content__box\">\n<div class=\"furnitura-content__col-text\">\n<h2>Beschlag  SIEGENIA <sup>TITAN AF<\/sup><\/h2>\n<p>Die modernen Fensterbeschl\u00e4ge von Siedevia-Aubi sorgen nicht nur f\u00fcr ein einfaches \u00d6ffnen und Schlie\u00dfen des Fensterfl\u00fcgels, sondern auch f\u00fcr Zuverl\u00e4ssigkeit und Sicherheit. Die Beschl\u00e4ge werden ausschlie\u00dflich in Deutschland hergestellt und sind f\u00fcr ihre Qualit\u00e4t bekannt. Der Konzern Siedepia-Aubi ist einer der weltweit f\u00fchrenden Hersteller von Beschl\u00e4gen f\u00fcr Kunststofffenster.<\/p>\n<p>Beschl\u00e4ge TITAN AF sind die n\u00e4chste Stufe der Entwicklung der TITAN Beschlagfamilie, die wirtschaftliche, technische Vorteile und ein attraktives Aussehen vereint. Was die Zuverl\u00e4ssigkeit angeht, erm\u00f6glichen Beschl\u00e4ge TITAN AF die Herstellung von Fenstern in allen zul\u00e4ssigen Gr\u00f6\u00dfen mit einer hohen Einbruchsklasse. Rechteckige, gew\u00f6lbte, schr\u00e4ge Konstruktionen hergestellt werden k\u00f6nnen.<\/p>\n<p style=\"opacity: 0.4;\">\n&#8211; Hochwertige Materialien, rationalisierte Verarbeitungsmethode und hohe Funktionalit\u00e4t.<br \/>\n&#8211; Die Klasse der Einbruchfestigkeit bis zu RC3.<br \/>\n&#8211; Einfache Montage.<br \/>\n&#8211; Verstecktes oder \u00e4u\u00dferes Schleifenband.<br \/>\n&#8211; Viele erfolgreiche L\u00f6sungen machen das Produkt f\u00fcr Endbenutzer attraktiv.<br \/>\n&#8211; Eine individuelle Gestaltung ist aufgrund einer breiten Produktlinie m\u00f6glich.<\/p>\n<\/div>\n<div class=\"furnitura-content__col-img\">\n<div class=\"furnitura-img__box\">\n<div class=\"furnitura-img__col1\"><img src=\"\/wp-content\/uploads\/2020\/03\/furnitura-img4.jpg\"><\/div>\n<div class=\"furnitura-img__col2\"><img src=\"\/wp-content\/uploads\/2020\/03\/furnitura-img5.jpg\"><img src=\"\/wp-content\/uploads\/2020\/03\/furnitura-img6.jpg\"><\/div>\n<\/div>\n<\/div>\n<\/div>\n<div class=\"furnitura-content__box\">\n<div class=\"furnitura-content__col-img\">\n<div class=\"furnitura-img__box\">\n<div class=\"furnitura-img__col2\"><img src=\"\/wp-content\/uploads\/2020\/03\/furnitura-img1.jpg\"><img src=\"\/wp-content\/uploads\/2020\/03\/furnitura-img2.jpg\"><\/div>\n<div class=\"furnitura-img__col1\"><img src=\"\/wp-content\/uploads\/2020\/03\/furnitura-img3.jpg\"><\/div>\n<\/div>\n<\/div>\n<div class=\"furnitura-content__col-text\">\n<h2>Beschl\u00e4ge SIEGENIA <sup>FAVORIT<\/sup><\/h2>\n<p>FAVORIT ist nicht nur ein Name, diese Beschl\u00e4ge werden wirklich als F\u00fchrer behandelt. W\u00e4hrend all der Jahre seines Bestehens hat sich FAVORIT weiter verbessert und verbessert. Bis heute sind FAVORIT ein hochwertige, technisch gepr\u00fcfte, klassische Beschl\u00e4ge. Es ist eine universelle L\u00f6sung f\u00fcr gro\u00dfe und kleine Geb\u00e4uden, Holz- und Kunststofffenster. Ein System mit vielen Vorteilen! Die Beschl\u00e4ge FAVORIT sind sehr einfach zu montieren und zu justieren, was die Produktionseffizienz erh\u00f6ht.<\/p>\n<p style=\"opacity: 0.4;\">\n&#8211; Gro\u00dfe M\u00f6glichkeiten bei der Gestaltung von Konstruktionen.<br \/>\n&#8211; Modularer Aufbau des FAVORIT Si\u2013line S-ES-Systems &#8211; die M\u00f6glichkeit, eine hohe Einbruchsklasse anzuwenden.<br \/>\n&#8211; FAVORIT RB\/SF f\u00fcr B\u00f6gen und schr\u00e4ge Fenster: Funktionalit\u00e4t und Komfort f\u00fcr nicht standardm\u00e4\u00dfige L\u00f6sungen.<br \/>\n&#8211; Eine gro\u00dfe Anzahl von Erg\u00e4nzungen im Programm FAVORIT entspricht nicht standardm\u00e4\u00dfigen Anforderungen.<br \/>\n&#8211; Exquisites Design, hohe Korrosionsbest\u00e4ndigkeit, umweltfreundlich, sicher.<\/p>\n<\/div>\n<\/div>\n<div class=\"furnitura-content__box\">\n<div class=\"furnitura-content__col-text\">\n<h2>Beschl\u00e4ge AXOR<\/h2>\n<p>Beschl\u00e4ge AXOR -sind ein System von Fensterbeschl\u00e4gen vom ukrainischen Hersteller, das den europ\u00e4ischen Qualit\u00e4tsanforderungen (EN und DIN) entspricht. Beschl\u00e4ge AXOR bieten eine hohe Funktionalit\u00e4t, eine komfortable Bedienung und Sicherheit f\u00fcr den Endverbraucher.<\/p>\n<p>Beschl\u00e4ge AXOR zeichnen sich durch ihre ergonomische, sanfte und leise Bedienung aller Fensterteile aus, dr\u00fccken auch den Fensterfl\u00fcgel fest gegen den Rahmen, wodurch jegliche Sp\u00fclungen vermieden und der W\u00e4rmeverlust in der kalten Jahreszeit reduziert wird und die Schalld\u00e4mmeigenschaften des Produkts verbessert werden.<\/p>\n<p>Die Haltbarkeit der Beschl\u00e4ge wurde durch Tests f\u00fcr die Anzahl der \u00d6ffnungszyklen, die Belastbarkeit und die Korrosionsbest\u00e4ndigkeit best\u00e4tigt. DIe Beschl\u00e4ge bieten 20.000 volle dreh- und schwenkbare \u00d6ffnungszyklen, was 10 Betriebsjahren entspricht.<\/p>\n<\/div>\n<div class=\"furnitura-content__col-img\">\n<div class=\"furnitura-img__box\">\n<div class=\"furnitura-img__col2\"><img src=\"\/wp-content\/uploads\/2020\/03\/furnitura-img7.jpg\"><img src=\"\/wp-content\/uploads\/2020\/03\/furnitura-img8.jpg\"><\/div>\n<div class=\"furnitura-img__col1\"><img src=\"\/wp-content\/uploads\/2020\/03\/furnitura-img9.jpg\"><\/div>\n<\/div>\n<\/div>\n<\/div>\n<div class=\"furnitura-table__box\">\n<h2>Anwendungstabelle f\u00fcr Schl\u00f6sser und Zylinder<\/h2>\n<div class=\"furnitura-table furnitura-table__custom\"><img src=\"\/wp-content\/uploads\/2020\/03\/table1.svg\"><img src=\"\/wp-content\/uploads\/2020\/03\/table2.svg\"><\/div>\n<\/div>\n<div class=\"furnitura-table__box\">\n<h2>Schleifenanwendungstabelle<\/h2>\n<div class=\"furnitura-table\"><img src=\"\/wp-content\/uploads\/2020\/03\/table3.svg\"><\/div>\n<\/div>\n<div class=\"furnitura-table__box\">\n<h2>Tabelle der Beschl\u00e4ge nach Anzahl der Anpresspunkte<\/h2>\n<div class=\"furnitura-table\"><img src=\"\/wp-content\/uploads\/2020\/03\/table4.svg\"><\/div>\n<\/div>\n<\/section>\n<p><\/p>","protected":false},"excerpt":{"rendered":"<p>Beschlag SIEGENIA TITAN AF Die modernen Fensterbeschl\u00e4ge von Siedevia-Aubi sorgen nicht nur f\u00fcr ein einfaches \u00d6ffnen und Schlie\u00dfen des Fensterfl\u00fcgels, sondern auch f\u00fcr Zuverl\u00e4ssigkeit und [&hellip;]<\/p>\n","protected":false},"author":1,"featured_media":0,"parent":0,"menu_order":0,"comment_status":"closed","ping_status":"closed","template":"page-furnitura.php","meta":[],"aioseo_notices":[],"_links":{"self":[{"href":"https:\/\/glasso.ua\/de\/wp-json\/wp\/v2\/pages\/1519"}],"collection":[{"href":"https:\/\/glasso.ua\/de\/wp-json\/wp\/v2\/pages"}],"about":[{"href":"https:\/\/glasso.ua\/de\/wp-json\/wp\/v2\/types\/page"}],"author":[{"embeddable":true,"href":"https:\/\/glasso.ua\/de\/wp-json\/wp\/v2\/users\/1"}],"replies":[{"embeddable":true,"href":"https:\/\/glasso.ua\/de\/wp-json\/wp\/v2\/comments?post=1519"}],"version-history":[{"count":0,"href":"https:\/\/glasso.ua\/de\/wp-json\/wp\/v2\/pages\/1519\/revisions"}],"wp:attachment":[{"href":"https:\/\/glasso.ua\/de\/wp-json\/wp\/v2\/media?parent=1519"}],"curies":[{"name":"wp","href":"https:\/\/api.w.org\/{rel}","templated":true}]}}