{"id":144,"date":"2020-02-05T16:33:48","date_gmt":"2020-02-05T16:33:48","guid":{"rendered":"https:\/\/glasso.ua\/?page_id=144"},"modified":"2023-08-27T19:02:28","modified_gmt":"2023-08-27T19:02:28","slug":"proekty","status":"publish","type":"page","link":"https:\/\/glasso.ua\/de\/proekty\/","title":{"rendered":"Unsere Projekte"},"content":{"rendered":"<p>Das GLASSO-Team hat in 20 Jahren T\u00e4tigkeit ein umfangreiches Portfolio an Arbeiten in der Verglasung von Gesch\u00e4ftsgeb\u00e4uden, Wohnh\u00e4usern und \u00f6ffentlichen Einrichtungen aufgebaut. Wir wachsen und lernen und verbessern st\u00e4ndig die Qualit\u00e4t und das Niveau der Arbeit. Aus einer gro\u00dfen Anzahl von realisierten Projekten haben wir die besten ausgew\u00e4hlt und bieten sie Ihrer Aufmerksamkeit an.<\/p>","protected":false},"excerpt":{"rendered":"<p>Das GLASSO-Team hat in 20 Jahren T\u00e4tigkeit ein umfangreiches Portfolio an Arbeiten in der Verglasung von Gesch\u00e4ftsgeb\u00e4uden, Wohnh\u00e4usern und \u00f6ffentlichen Einrichtungen aufgebaut. Wir wachsen und [&hellip;]<\/p>\n","protected":false},"author":1,"featured_media":0,"parent":0,"menu_order":0,"comment_status":"closed","ping_status":"closed","template":"page-projects-posts.php","meta":[],"aioseo_notices":[],"_links":{"self":[{"href":"https:\/\/glasso.ua\/de\/wp-json\/wp\/v2\/pages\/144"}],"collection":[{"href":"https:\/\/glasso.ua\/de\/wp-json\/wp\/v2\/pages"}],"about":[{"href":"https:\/\/glasso.ua\/de\/wp-json\/wp\/v2\/types\/page"}],"author":[{"embeddable":true,"href":"https:\/\/glasso.ua\/de\/wp-json\/wp\/v2\/users\/1"}],"replies":[{"embeddable":true,"href":"https:\/\/glasso.ua\/de\/wp-json\/wp\/v2\/comments?post=144"}],"version-history":[{"count":0,"href":"https:\/\/glasso.ua\/de\/wp-json\/wp\/v2\/pages\/144\/revisions"}],"wp:attachment":[{"href":"https:\/\/glasso.ua\/de\/wp-json\/wp\/v2\/media?parent=144"}],"curies":[{"name":"wp","href":"https:\/\/api.w.org\/{rel}","templated":true}]}}